{"id":140,"date":"2022-05-23T17:28:38","date_gmt":"2022-05-23T20:28:38","guid":{"rendered":"https:\/\/cctvtalca.cl\/?post_type=product&#038;p=140"},"modified":"2023-12-27T12:18:32","modified_gmt":"2023-12-27T15:18:32","slug":"kit-de-camaras-fullhd-3-camaras","status":"publish","type":"product","link":"https:\/\/cctvtalca.cl\/en\/product\/kit-de-camaras-fullhd-3-camaras\/","title":{"rendered":"3  c\u00e1maras Met\u00e1licas  Ultra HD 5 Mega Pixeles +Instalaci\u00f3n a domicilio"},"content":{"rendered":"<p>Video vigilancia remota 3 c\u00e1maras FULL HD 5 mg\u00a0  + 3 cables 20mt + 2 semanas de grabaci\u00f3n + fuente de poder +Instalaci\u00f3n a domicilio (app libre) Grabaci\u00f3n 24\/7 visi\u00f3n nocturna, Sobre Escritura disco autom\u00e1tica \u201csistema inteligente de vigilancia remota\u201dInstalaci\u00f3n y inducci\u00f3n en APP \u201d solicita tu fecha de instalaci\u00f3n\u201d \u201c\u201dse due\u00f1o de tu seguridad y cuida tu privacidad y la de los que m\u00e1s quieres.<\/p>\n<p>valido para la ciudad de Talca<\/p>\n<p>A convenir con el instalador traslado fuera de zona<\/p>","protected":false},"excerpt":{"rendered":"<p>Video vigilancia remota 3 c\u00e1maras FULL HD 5 mg + 3 cables 20mt + 2 semanas de grabaci\u00f3n + fuente de poder +Instalaci\u00f3n a domicilio (app libre) Grabaci\u00f3n 24\/7 visi\u00f3n nocturna, Sobre Escritura disco autom\u00e1tica \u201csistema inteligente de vigilancia remota\u201dInstalaci\u00f3n y inducci\u00f3n en APP \u201d solicita tu fecha de instalaci\u00f3n\u201d \u201c\u201dse due\u00f1o de tu seguridad y cuida tu privacidad y la de los que m\u00e1s quieres.<\/p>\n<p>Incluye instalaci\u00f3n a domicilio\u00a0 previa agenda de hora v\u00eda WhatsApp<\/p>","protected":false},"featured_media":331,"comment_status":"open","ping_status":"closed","template":"","meta":{"_glsr_average":0,"_glsr_ranking":0,"_glsr_reviews":0,"_joinchat":[]},"product_brand":[],"product_cat":[20],"product_tag":[],"class_list":{"0":"post-140","1":"product","2":"type-product","3":"status-publish","4":"has-post-thumbnail","6":"product_cat-kit-de-camaras","8":"first","9":"outofstock","10":"sale","11":"sold-individually","12":"purchasable","13":"product-type-simple"},"yoast_head":"<!-- This site is optimized with the Yoast SEO plugin v20.5 - https:\/\/yoast.com\/wordpress\/plugins\/seo\/ -->\n<title>3 c\u00e1maras Met\u00e1licas Ultra HD 5 Mega Pixeles +Instalaci\u00f3n a domicilio - cctvtalca<\/title>\n<meta name=\"robots\" content=\"index, follow, max-snippet:-1, max-image-preview:large, max-video-preview:-1\" \/>\n<link rel=\"canonical\" href=\"https:\/\/cctvtalca.cl\/en\/product\/kit-de-camaras-fullhd-3-camaras\/\" \/>\n<meta property=\"og:locale\" content=\"en_US\" \/>\n<meta property=\"og:type\" content=\"article\" \/>\n<meta property=\"og:title\" content=\"3 c\u00e1maras Met\u00e1licas Ultra HD 5 Mega Pixeles +Instalaci\u00f3n a domicilio - cctvtalca\" \/>\n<meta property=\"og:description\" content=\"Video vigilancia remota 3 c\u00e1maras FULL HD 5 mg + 3 cables 20mt + 2 semanas de grabaci\u00f3n + fuente de poder +Instalaci\u00f3n a domicilio (app libre) Grabaci\u00f3n 24\/7 visi\u00f3n nocturna, Sobre Escritura disco autom\u00e1tica \u201csistema inteligente de vigilancia remota\u201dInstalaci\u00f3n y inducci\u00f3n en APP \u201d solicita tu fecha de instalaci\u00f3n\u201d \u201c\u201dse due\u00f1o de tu seguridad y cuida tu privacidad y la de los que m\u00e1s quieres.  Incluye instalaci\u00f3n a domicilio\u00a0 previa agenda de hora v\u00eda WhatsApp\" \/>\n<meta property=\"og:url\" content=\"https:\/\/cctvtalca.cl\/en\/product\/kit-de-camaras-fullhd-3-camaras\/\" \/>\n<meta property=\"og:site_name\" content=\"cctvtalca\" \/>\n<meta property=\"article:modified_time\" content=\"2023-12-27T15:18:32+00:00\" \/>\n<meta property=\"og:image\" content=\"https:\/\/cctvtalca.cl\/wp-content\/uploads\/2022\/05\/product-20-1.jpg\" \/>\n\t<meta property=\"og:image:width\" content=\"1200\" \/>\n\t<meta property=\"og:image:height\" content=\"1486\" \/>\n\t<meta property=\"og:image:type\" content=\"image\/jpeg\" \/>\n<meta name=\"twitter:card\" content=\"summary_large_image\" \/>\n<meta name=\"twitter:label1\" content=\"Est. reading time\" \/>\n\t<meta name=\"twitter:data1\" content=\"1 minute\" \/>\n<script type=\"application\/ld+json\" class=\"yoast-schema-graph\">{\"@context\":\"https:\/\/schema.org\",\"@graph\":[{\"@type\":\"WebPage\",\"@id\":\"https:\/\/cctvtalca.cl\/producto\/kit-de-camaras-fullhd-3-camaras\/\",\"url\":\"https:\/\/cctvtalca.cl\/producto\/kit-de-camaras-fullhd-3-camaras\/\",\"name\":\"3 c\u00e1maras Met\u00e1licas Ultra HD 5 Mega Pixeles +Instalaci\u00f3n a domicilio - cctvtalca\",\"isPartOf\":{\"@id\":\"https:\/\/cctvtalca.cl\/#website\"},\"datePublished\":\"2022-05-23T20:28:38+00:00\",\"dateModified\":\"2023-12-27T15:18:32+00:00\",\"breadcrumb\":{\"@id\":\"https:\/\/cctvtalca.cl\/producto\/kit-de-camaras-fullhd-3-camaras\/#breadcrumb\"},\"inLanguage\":\"en-US\",\"potentialAction\":[{\"@type\":\"ReadAction\",\"target\":[\"https:\/\/cctvtalca.cl\/producto\/kit-de-camaras-fullhd-3-camaras\/\"]}]},{\"@type\":\"BreadcrumbList\",\"@id\":\"https:\/\/cctvtalca.cl\/producto\/kit-de-camaras-fullhd-3-camaras\/#breadcrumb\",\"itemListElement\":[{\"@type\":\"ListItem\",\"position\":1,\"name\":\"Portada\",\"item\":\"https:\/\/cctvtalca.cl\/\"},{\"@type\":\"ListItem\",\"position\":2,\"name\":\"Tienda\",\"item\":\"https:\/\/cctvtalca.cl\/tienda\/\"},{\"@type\":\"ListItem\",\"position\":3,\"name\":\"3 c\u00e1maras Met\u00e1licas Ultra HD 5 Mega Pixeles +Instalaci\u00f3n a domicilio\"}]},{\"@type\":\"WebSite\",\"@id\":\"https:\/\/cctvtalca.cl\/#website\",\"url\":\"https:\/\/cctvtalca.cl\/\",\"name\":\"cctvtalca\",\"description\":\"c\u00e1maras de seguridad\",\"publisher\":{\"@id\":\"https:\/\/cctvtalca.cl\/#organization\"},\"potentialAction\":[{\"@type\":\"SearchAction\",\"target\":{\"@type\":\"EntryPoint\",\"urlTemplate\":\"https:\/\/cctvtalca.cl\/?s={search_term_string}\"},\"query-input\":\"required name=search_term_string\"}],\"inLanguage\":\"en-US\"},{\"@type\":\"Organization\",\"@id\":\"https:\/\/cctvtalca.cl\/#organization\",\"name\":\"cctvtalca\",\"url\":\"https:\/\/cctvtalca.cl\/\",\"logo\":{\"@type\":\"ImageObject\",\"inLanguage\":\"en-US\",\"@id\":\"https:\/\/cctvtalca.cl\/#\/schema\/logo\/image\/\",\"url\":\"https:\/\/cctvtalca.cl\/wp-content\/uploads\/2022\/05\/cropped-cropped-cropped-LOGO-CCTVTALCA.jpg\",\"contentUrl\":\"https:\/\/cctvtalca.cl\/wp-content\/uploads\/2022\/05\/cropped-cropped-cropped-LOGO-CCTVTALCA.jpg\",\"width\":511,\"height\":240,\"caption\":\"cctvtalca\"},\"image\":{\"@id\":\"https:\/\/cctvtalca.cl\/#\/schema\/logo\/image\/\"}}]}<\/script>\n<!-- \/ Yoast SEO plugin. -->","yoast_head_json":{"title":"3 c\u00e1maras Met\u00e1licas Ultra HD 5 Mega Pixeles +Instalaci\u00f3n a domicilio - cctvtalca","robots":{"index":"index","follow":"follow","max-snippet":"max-snippet:-1","max-image-preview":"max-image-preview:large","max-video-preview":"max-video-preview:-1"},"canonical":"https:\/\/cctvtalca.cl\/en\/product\/kit-de-camaras-fullhd-3-camaras\/","og_locale":"en_US","og_type":"article","og_title":"3 c\u00e1maras Met\u00e1licas Ultra HD 5 Mega Pixeles +Instalaci\u00f3n a domicilio - cctvtalca","og_description":"Video vigilancia remota 3 c\u00e1maras FULL HD 5 mg + 3 cables 20mt + 2 semanas de grabaci\u00f3n + fuente de poder +Instalaci\u00f3n a domicilio (app libre) Grabaci\u00f3n 24\/7 visi\u00f3n nocturna, Sobre Escritura disco autom\u00e1tica \u201csistema inteligente de vigilancia remota\u201dInstalaci\u00f3n y inducci\u00f3n en APP \u201d solicita tu fecha de instalaci\u00f3n\u201d \u201c\u201dse due\u00f1o de tu seguridad y cuida tu privacidad y la de los que m\u00e1s quieres.  Incluye instalaci\u00f3n a domicilio\u00a0 previa agenda de hora v\u00eda WhatsApp","og_url":"https:\/\/cctvtalca.cl\/en\/product\/kit-de-camaras-fullhd-3-camaras\/","og_site_name":"cctvtalca","article_modified_time":"2023-12-27T15:18:32+00:00","og_image":[{"width":1200,"height":1486,"url":"https:\/\/cctvtalca.cl\/wp-content\/uploads\/2022\/05\/product-20-1.jpg","type":"image\/jpeg"}],"twitter_card":"summary_large_image","twitter_misc":{"Est. reading time":"1 minute"},"schema":{"@context":"https:\/\/schema.org","@graph":[{"@type":"WebPage","@id":"https:\/\/cctvtalca.cl\/producto\/kit-de-camaras-fullhd-3-camaras\/","url":"https:\/\/cctvtalca.cl\/producto\/kit-de-camaras-fullhd-3-camaras\/","name":"3 c\u00e1maras Met\u00e1licas Ultra HD 5 Mega Pixeles +Instalaci\u00f3n a domicilio - cctvtalca","isPartOf":{"@id":"https:\/\/cctvtalca.cl\/#website"},"datePublished":"2022-05-23T20:28:38+00:00","dateModified":"2023-12-27T15:18:32+00:00","breadcrumb":{"@id":"https:\/\/cctvtalca.cl\/producto\/kit-de-camaras-fullhd-3-camaras\/#breadcrumb"},"inLanguage":"en-US","potentialAction":[{"@type":"ReadAction","target":["https:\/\/cctvtalca.cl\/producto\/kit-de-camaras-fullhd-3-camaras\/"]}]},{"@type":"BreadcrumbList","@id":"https:\/\/cctvtalca.cl\/producto\/kit-de-camaras-fullhd-3-camaras\/#breadcrumb","itemListElement":[{"@type":"ListItem","position":1,"name":"Portada","item":"https:\/\/cctvtalca.cl\/"},{"@type":"ListItem","position":2,"name":"Tienda","item":"https:\/\/cctvtalca.cl\/tienda\/"},{"@type":"ListItem","position":3,"name":"3 c\u00e1maras Met\u00e1licas Ultra HD 5 Mega Pixeles +Instalaci\u00f3n a domicilio"}]},{"@type":"WebSite","@id":"https:\/\/cctvtalca.cl\/#website","url":"https:\/\/cctvtalca.cl\/","name":"cctvtalca","description":"c\u00e1maras de seguridad","publisher":{"@id":"https:\/\/cctvtalca.cl\/#organization"},"potentialAction":[{"@type":"SearchAction","target":{"@type":"EntryPoint","urlTemplate":"https:\/\/cctvtalca.cl\/?s={search_term_string}"},"query-input":"required name=search_term_string"}],"inLanguage":"en-US"},{"@type":"Organization","@id":"https:\/\/cctvtalca.cl\/#organization","name":"cctvtalca","url":"https:\/\/cctvtalca.cl\/","logo":{"@type":"ImageObject","inLanguage":"en-US","@id":"https:\/\/cctvtalca.cl\/#\/schema\/logo\/image\/","url":"https:\/\/cctvtalca.cl\/wp-content\/uploads\/2022\/05\/cropped-cropped-cropped-LOGO-CCTVTALCA.jpg","contentUrl":"https:\/\/cctvtalca.cl\/wp-content\/uploads\/2022\/05\/cropped-cropped-cropped-LOGO-CCTVTALCA.jpg","width":511,"height":240,"caption":"cctvtalca"},"image":{"@id":"https:\/\/cctvtalca.cl\/#\/schema\/logo\/image\/"}}]}},"_links":{"self":[{"href":"https:\/\/cctvtalca.cl\/en\/wp-json\/wp\/v2\/product\/140","targetHints":{"allow":["GET"]}}],"collection":[{"href":"https:\/\/cctvtalca.cl\/en\/wp-json\/wp\/v2\/product"}],"about":[{"href":"https:\/\/cctvtalca.cl\/en\/wp-json\/wp\/v2\/types\/product"}],"replies":[{"embeddable":true,"href":"https:\/\/cctvtalca.cl\/en\/wp-json\/wp\/v2\/comments?post=140"}],"wp:featuredmedia":[{"embeddable":true,"href":"https:\/\/cctvtalca.cl\/en\/wp-json\/wp\/v2\/media\/331"}],"wp:attachment":[{"href":"https:\/\/cctvtalca.cl\/en\/wp-json\/wp\/v2\/media?parent=140"}],"wp:term":[{"taxonomy":"product_brand","embeddable":true,"href":"https:\/\/cctvtalca.cl\/en\/wp-json\/wp\/v2\/product_brand?post=140"},{"taxonomy":"product_cat","embeddable":true,"href":"https:\/\/cctvtalca.cl\/en\/wp-json\/wp\/v2\/product_cat?post=140"},{"taxonomy":"product_tag","embeddable":true,"href":"https:\/\/cctvtalca.cl\/en\/wp-json\/wp\/v2\/product_tag?post=140"}],"curies":[{"name":"wp","href":"https:\/\/api.w.org\/{rel}","templated":true}]}}