{"id":156,"date":"2022-05-24T01:26:59","date_gmt":"2022-05-24T04:26:59","guid":{"rendered":"https:\/\/cctvtalca.cl\/?post_type=product&#038;p=156"},"modified":"2024-10-01T20:59:29","modified_gmt":"2024-10-01T23:59:29","slug":"xvr-8-canales","status":"publish","type":"product","link":"https:\/\/cctvtalca.cl\/en\/product\/xvr-8-canales\/","title":{"rendered":"XVR 8 CANALES ULTRA HD DE 2 A  5 Mega pixeles"},"content":{"rendered":"<ul>\n<li>Entrada Modo normal: anal\u00f3gico: 8* (AHD \/ TVI \/ CVI: 1080P \/ 720P; Anal\u00f3gico: 960H)<\/li>\n<li>Entrada 8CH BNC<\/li>\n<li>Tipo de se\u00f1al Anal\u00f3gico\/ AHD \/ CVI \/ TVI \/ Red<\/li>\n<li>Grabaci\u00f3n en resoluci\u00f3n de hasta 2MP 1080N<\/li>\n<li>Compresi\u00f3n de video H.265 \/ H.265 + \/ H.264 \/ H.264 +Soporta salida de video HDMI, VGA<\/li>\n<li>Soporte Max. Entrada de c\u00e1mara IP 16CH<\/li>\n<li>Detecci\u00f3n de movimiento 8 canales (8 canales en modo de red puro)<\/li>\n<li>Eventos desencadenantes: Grabaci\u00f3n, correo electr\u00f3nico, consejos de pantalla, zumbador, notificaciones push (detecci\u00f3n de movimiento)<\/li>\n<li>Alarma de correo electr\u00f3nico: Enviar imagen al correo electr\u00f3nico designado<\/li>\n<li>Capacidad 1 disco duro SATA (2.5 &#8220;\/3.5&#8221; SATA, hasta 8 TB)<\/li>\n<li>Ambiente de trabajo-10 ~ 55 \u2103\/ 10 ~ 90%<\/li>\n<li>Dimensi\u00f3n (W \u00d7 D \u00d7 H)260 * 215 * 43 (mm)<\/li>\n<li>El consumo de energ\u00eda DC 12V \u22646W 3A(sin disco duro)<\/li>\n<li>Peso 2.0kg (sin HDD)<\/li>\n<\/ul>","protected":false},"excerpt":{"rendered":"<p>XVR 8 CANALES FULL HD 1080N<\/p>\n<ul>\n<li>Entrada Modo normal: anal\u00f3gico: 8* (AHD \/ TVI \/ CVI: 1080P \/ 720P; Anal\u00f3gico: 960H)<\/li>\n<li>Entrada 8CH BNC<\/li>\n<li>Si eres de regi\u00f3n, despacharemos tu pedido a la empresa de transportes que m\u00e1s te acomode, dejando en claro, que al valor del env\u00edo correr\u00e1 por tu cuenta, cabe se\u00f1alar, que cualquier problema que tenga tu encomienda se har\u00e1 responsable la empresa que tu elegiste para el trayecto, debes dejar en claro el destino de tu encomienda, es decir, si lo quieres a domicilio u oficina, para que no tengas ning\u00fan problema al recibirlo.<\/li>\n<li><img loading=\"lazy\" decoding=\"async\" class=\"alignnone size-full wp-image-135\" src=\"https:\/\/cctvtalca.cl\/wp-content\/uploads\/2022\/05\/ENCOMIENDA-300x142-1.jpg\" alt=\"\" width=\"300\" height=\"142\" srcset=\"https:\/\/cctvtalca.cl\/wp-content\/uploads\/2022\/05\/ENCOMIENDA-300x142-1.jpg 300w, https:\/\/cctvtalca.cl\/wp-content\/uploads\/2022\/05\/ENCOMIENDA-300x142-1-64x30.jpg 64w\" sizes=\"auto, (max-width: 300px) 100vw, 300px\" \/><\/li>\n<\/ul>","protected":false},"featured_media":157,"comment_status":"open","ping_status":"closed","template":"","meta":{"_glsr_average":0,"_glsr_ranking":0,"_glsr_reviews":0,"_joinchat":[]},"product_brand":[],"product_cat":[17],"product_tag":[29],"class_list":{"0":"post-156","1":"product","2":"type-product","3":"status-publish","4":"has-post-thumbnail","6":"product_cat-sin-categoria","7":"product_tag-xvr-hibrido-8-canales-ultra-hd","9":"first","10":"instock","11":"sale","12":"taxable","13":"shipping-taxable","14":"purchasable","15":"product-type-simple"},"yoast_head":"<!-- This site is optimized with the Yoast SEO plugin v20.5 - https:\/\/yoast.com\/wordpress\/plugins\/seo\/ -->\n<title>XVR 8 CANALES ULTRA HD DE 2 A 5 Mega pixeles - cctvtalca<\/title>\n<meta name=\"robots\" content=\"index, follow, max-snippet:-1, max-image-preview:large, max-video-preview:-1\" \/>\n<link rel=\"canonical\" href=\"https:\/\/cctvtalca.cl\/en\/product\/xvr-8-canales\/\" \/>\n<meta property=\"og:locale\" content=\"en_US\" \/>\n<meta property=\"og:type\" content=\"article\" \/>\n<meta property=\"og:title\" content=\"XVR 8 CANALES ULTRA HD DE 2 A 5 Mega pixeles - cctvtalca\" \/>\n<meta property=\"og:description\" content=\"XVR 8 CANALES FULL HD 1080N   Entrada Modo normal: anal\u00f3gico: 8* (AHD \/ TVI \/ CVI: 1080P \/ 720P; Anal\u00f3gico: 960H)  Entrada 8CH BNC  Si eres de regi\u00f3n, despacharemos tu pedido a la empresa de transportes que m\u00e1s te acomode, dejando en claro, que al valor del env\u00edo correr\u00e1 por tu cuenta, cabe se\u00f1alar, que cualquier problema que tenga tu encomienda se har\u00e1 responsable la empresa que tu elegiste para el trayecto, debes dejar en claro el destino de tu encomienda, es decir, si lo quieres a domicilio u oficina, para que no tengas ning\u00fan problema al recibirlo.\" \/>\n<meta property=\"og:url\" content=\"https:\/\/cctvtalca.cl\/en\/product\/xvr-8-canales\/\" \/>\n<meta property=\"og:site_name\" content=\"cctvtalca\" \/>\n<meta property=\"article:modified_time\" content=\"2024-10-01T23:59:29+00:00\" \/>\n<meta property=\"og:image\" content=\"https:\/\/cctvtalca.cl\/wp-content\/uploads\/2022\/05\/HGGHGHG.jpg\" \/>\n\t<meta property=\"og:image:width\" content=\"224\" \/>\n\t<meta property=\"og:image:height\" content=\"224\" \/>\n\t<meta property=\"og:image:type\" content=\"image\/jpeg\" \/>\n<meta name=\"twitter:card\" content=\"summary_large_image\" \/>\n<meta name=\"twitter:label1\" content=\"Est. reading time\" \/>\n\t<meta name=\"twitter:data1\" content=\"1 minute\" \/>\n<script type=\"application\/ld+json\" class=\"yoast-schema-graph\">{\"@context\":\"https:\/\/schema.org\",\"@graph\":[{\"@type\":\"WebPage\",\"@id\":\"https:\/\/cctvtalca.cl\/producto\/xvr-8-canales\/\",\"url\":\"https:\/\/cctvtalca.cl\/producto\/xvr-8-canales\/\",\"name\":\"XVR 8 CANALES ULTRA HD DE 2 A 5 Mega pixeles - cctvtalca\",\"isPartOf\":{\"@id\":\"https:\/\/cctvtalca.cl\/#website\"},\"datePublished\":\"2022-05-24T04:26:59+00:00\",\"dateModified\":\"2024-10-01T23:59:29+00:00\",\"breadcrumb\":{\"@id\":\"https:\/\/cctvtalca.cl\/producto\/xvr-8-canales\/#breadcrumb\"},\"inLanguage\":\"en-US\",\"potentialAction\":[{\"@type\":\"ReadAction\",\"target\":[\"https:\/\/cctvtalca.cl\/producto\/xvr-8-canales\/\"]}]},{\"@type\":\"BreadcrumbList\",\"@id\":\"https:\/\/cctvtalca.cl\/producto\/xvr-8-canales\/#breadcrumb\",\"itemListElement\":[{\"@type\":\"ListItem\",\"position\":1,\"name\":\"Portada\",\"item\":\"https:\/\/cctvtalca.cl\/\"},{\"@type\":\"ListItem\",\"position\":2,\"name\":\"Tienda\",\"item\":\"https:\/\/cctvtalca.cl\/tienda\/\"},{\"@type\":\"ListItem\",\"position\":3,\"name\":\"XVR 8 CANALES ULTRA HD DE 2 A 5 Mega pixeles\"}]},{\"@type\":\"WebSite\",\"@id\":\"https:\/\/cctvtalca.cl\/#website\",\"url\":\"https:\/\/cctvtalca.cl\/\",\"name\":\"cctvtalca\",\"description\":\"c\u00e1maras de seguridad\",\"publisher\":{\"@id\":\"https:\/\/cctvtalca.cl\/#organization\"},\"potentialAction\":[{\"@type\":\"SearchAction\",\"target\":{\"@type\":\"EntryPoint\",\"urlTemplate\":\"https:\/\/cctvtalca.cl\/?s={search_term_string}\"},\"query-input\":\"required name=search_term_string\"}],\"inLanguage\":\"en-US\"},{\"@type\":\"Organization\",\"@id\":\"https:\/\/cctvtalca.cl\/#organization\",\"name\":\"cctvtalca\",\"url\":\"https:\/\/cctvtalca.cl\/\",\"logo\":{\"@type\":\"ImageObject\",\"inLanguage\":\"en-US\",\"@id\":\"https:\/\/cctvtalca.cl\/#\/schema\/logo\/image\/\",\"url\":\"https:\/\/cctvtalca.cl\/wp-content\/uploads\/2022\/05\/cropped-cropped-cropped-LOGO-CCTVTALCA.jpg\",\"contentUrl\":\"https:\/\/cctvtalca.cl\/wp-content\/uploads\/2022\/05\/cropped-cropped-cropped-LOGO-CCTVTALCA.jpg\",\"width\":511,\"height\":240,\"caption\":\"cctvtalca\"},\"image\":{\"@id\":\"https:\/\/cctvtalca.cl\/#\/schema\/logo\/image\/\"}}]}<\/script>\n<!-- \/ Yoast SEO plugin. -->","yoast_head_json":{"title":"XVR 8 CANALES ULTRA HD DE 2 A 5 Mega pixeles - cctvtalca","robots":{"index":"index","follow":"follow","max-snippet":"max-snippet:-1","max-image-preview":"max-image-preview:large","max-video-preview":"max-video-preview:-1"},"canonical":"https:\/\/cctvtalca.cl\/en\/product\/xvr-8-canales\/","og_locale":"en_US","og_type":"article","og_title":"XVR 8 CANALES ULTRA HD DE 2 A 5 Mega pixeles - cctvtalca","og_description":"XVR 8 CANALES FULL HD 1080N   Entrada Modo normal: anal\u00f3gico: 8* (AHD \/ TVI \/ CVI: 1080P \/ 720P; Anal\u00f3gico: 960H)  Entrada 8CH BNC  Si eres de regi\u00f3n, despacharemos tu pedido a la empresa de transportes que m\u00e1s te acomode, dejando en claro, que al valor del env\u00edo correr\u00e1 por tu cuenta, cabe se\u00f1alar, que cualquier problema que tenga tu encomienda se har\u00e1 responsable la empresa que tu elegiste para el trayecto, debes dejar en claro el destino de tu encomienda, es decir, si lo quieres a domicilio u oficina, para que no tengas ning\u00fan problema al recibirlo.","og_url":"https:\/\/cctvtalca.cl\/en\/product\/xvr-8-canales\/","og_site_name":"cctvtalca","article_modified_time":"2024-10-01T23:59:29+00:00","og_image":[{"width":224,"height":224,"url":"https:\/\/cctvtalca.cl\/wp-content\/uploads\/2022\/05\/HGGHGHG.jpg","type":"image\/jpeg"}],"twitter_card":"summary_large_image","twitter_misc":{"Est. reading time":"1 minute"},"schema":{"@context":"https:\/\/schema.org","@graph":[{"@type":"WebPage","@id":"https:\/\/cctvtalca.cl\/producto\/xvr-8-canales\/","url":"https:\/\/cctvtalca.cl\/producto\/xvr-8-canales\/","name":"XVR 8 CANALES ULTRA HD DE 2 A 5 Mega pixeles - cctvtalca","isPartOf":{"@id":"https:\/\/cctvtalca.cl\/#website"},"datePublished":"2022-05-24T04:26:59+00:00","dateModified":"2024-10-01T23:59:29+00:00","breadcrumb":{"@id":"https:\/\/cctvtalca.cl\/producto\/xvr-8-canales\/#breadcrumb"},"inLanguage":"en-US","potentialAction":[{"@type":"ReadAction","target":["https:\/\/cctvtalca.cl\/producto\/xvr-8-canales\/"]}]},{"@type":"BreadcrumbList","@id":"https:\/\/cctvtalca.cl\/producto\/xvr-8-canales\/#breadcrumb","itemListElement":[{"@type":"ListItem","position":1,"name":"Portada","item":"https:\/\/cctvtalca.cl\/"},{"@type":"ListItem","position":2,"name":"Tienda","item":"https:\/\/cctvtalca.cl\/tienda\/"},{"@type":"ListItem","position":3,"name":"XVR 8 CANALES ULTRA HD DE 2 A 5 Mega pixeles"}]},{"@type":"WebSite","@id":"https:\/\/cctvtalca.cl\/#website","url":"https:\/\/cctvtalca.cl\/","name":"cctvtalca","description":"c\u00e1maras de seguridad","publisher":{"@id":"https:\/\/cctvtalca.cl\/#organization"},"potentialAction":[{"@type":"SearchAction","target":{"@type":"EntryPoint","urlTemplate":"https:\/\/cctvtalca.cl\/?s={search_term_string}"},"query-input":"required name=search_term_string"}],"inLanguage":"en-US"},{"@type":"Organization","@id":"https:\/\/cctvtalca.cl\/#organization","name":"cctvtalca","url":"https:\/\/cctvtalca.cl\/","logo":{"@type":"ImageObject","inLanguage":"en-US","@id":"https:\/\/cctvtalca.cl\/#\/schema\/logo\/image\/","url":"https:\/\/cctvtalca.cl\/wp-content\/uploads\/2022\/05\/cropped-cropped-cropped-LOGO-CCTVTALCA.jpg","contentUrl":"https:\/\/cctvtalca.cl\/wp-content\/uploads\/2022\/05\/cropped-cropped-cropped-LOGO-CCTVTALCA.jpg","width":511,"height":240,"caption":"cctvtalca"},"image":{"@id":"https:\/\/cctvtalca.cl\/#\/schema\/logo\/image\/"}}]}},"_links":{"self":[{"href":"https:\/\/cctvtalca.cl\/en\/wp-json\/wp\/v2\/product\/156","targetHints":{"allow":["GET"]}}],"collection":[{"href":"https:\/\/cctvtalca.cl\/en\/wp-json\/wp\/v2\/product"}],"about":[{"href":"https:\/\/cctvtalca.cl\/en\/wp-json\/wp\/v2\/types\/product"}],"replies":[{"embeddable":true,"href":"https:\/\/cctvtalca.cl\/en\/wp-json\/wp\/v2\/comments?post=156"}],"wp:featuredmedia":[{"embeddable":true,"href":"https:\/\/cctvtalca.cl\/en\/wp-json\/wp\/v2\/media\/157"}],"wp:attachment":[{"href":"https:\/\/cctvtalca.cl\/en\/wp-json\/wp\/v2\/media?parent=156"}],"wp:term":[{"taxonomy":"product_brand","embeddable":true,"href":"https:\/\/cctvtalca.cl\/en\/wp-json\/wp\/v2\/product_brand?post=156"},{"taxonomy":"product_cat","embeddable":true,"href":"https:\/\/cctvtalca.cl\/en\/wp-json\/wp\/v2\/product_cat?post=156"},{"taxonomy":"product_tag","embeddable":true,"href":"https:\/\/cctvtalca.cl\/en\/wp-json\/wp\/v2\/product_tag?post=156"}],"curies":[{"name":"wp","href":"https:\/\/api.w.org\/{rel}","templated":true}]}}