{"id":160,"date":"2022-05-24T14:10:30","date_gmt":"2022-05-24T17:10:30","guid":{"rendered":"https:\/\/cctvtalca.cl\/?post_type=product&#038;p=160"},"modified":"2024-10-02T12:22:17","modified_gmt":"2024-10-02T15:22:17","slug":"xvr-4-canales-full-hd-1080n","status":"publish","type":"product","link":"https:\/\/cctvtalca.cl\/en\/product\/xvr-4-canales-full-hd-1080n\/","title":{"rendered":"4 CANALES FULL HD 1080N de 2 asta 5 Mega pixeles Hibrido"},"content":{"rendered":"<ul>\n<li>Entrada Modo normal: anal\u00f3gico: 4CH (AHD \/ TVI \/ CVI: 1080P \/ 720P; Anal\u00f3gico: 960H)<\/li>\n<li>Entrada 4CH BNC<\/li>\n<li>Tipo de se\u00f1al Anal\u00f3gico\/ AHD \/ CVI \/ TVI \/ Red<\/li>\n<li>Grabaci\u00f3n en resoluci\u00f3n de hasta 2MP 1080N<\/li>\n<li>Compresi\u00f3n de video H.265 \/ H.265 + \/ H.264 \/ H.264 +Soporta salida de video HDMI, VGA<\/li>\n<li>Soporte Max. Entrada de c\u00e1mara IP 9CH<\/li>\n<li>Detecci\u00f3n de movimiento 4 canales (8 canales en modo de red puro)<\/li>\n<li>Eventos desencadenantes: Grabaci\u00f3n, correo electr\u00f3nico, consejos de pantalla, zumbador, notificaciones push (detecci\u00f3n de movimiento)<\/li>\n<li>Alarma de correo electr\u00f3nico: Enviar imagen al correo electr\u00f3nico designado<\/li>\n<li>Capacidad 1 disco duro SATA (2.5 &#8220;\/3.5&#8221; SATA, hasta 8 TB)<\/li>\n<li>Ambiente de trabajo-10 ~ 55 \u2103\/ 10 ~ 90%<\/li>\n<li>Dimensi\u00f3n (W \u00d7 D \u00d7 H)260 * 215 * 43 (mm)<\/li>\n<li>El consumo de energ\u00eda DC 12V \u22646W 3A(sin disco duro)<\/li>\n<li>Peso 2.0kg (sin HDD)<\/li>\n<\/ul>","protected":false},"excerpt":{"rendered":"<p>XVR 4 CANALES FULL HD 1080P<\/p>\n<p>Entrada Modo normal: anal\u00f3gico: 4CH (AHD \/ TVI \/ CVI: 1080P \/ 720P; Anal\u00f3gico: 960H)<\/p>\n<p>Entrada 4CH BNC<\/p>\n<p>Tipo de se\u00f1al Anal\u00f3gico\/ AHD \/ CVI \/ TVI \/ Red<\/p>\n<p>Grabaci\u00f3n en resoluci\u00f3n de hasta 2MP 1080N<\/p>\n<p>Si eres de regi\u00f3n, despacharemos tu pedido a la empresa de transportes que m\u00e1s te acomode, dejando en claro, que al valor del env\u00edo correr\u00e1 por tu cuenta, cabe se\u00f1alar, que cualquier problema que tenga tu encomienda se har\u00e1 responsable la empresa que tu elegiste para el trayecto, debes dejar en claro el destino de tu encomienda, es decir, si lo quieres a domicilio u oficina, para que no tengas ning\u00fan problema al recibirlo<\/p>\n<p><img loading=\"lazy\" decoding=\"async\" src=\"https:\/\/cctvtalca.cl\/wp-content\/uploads\/2024\/09\/descarga-2-300x82.jpg\" alt=\"\" width=\"300\" height=\"82\" class=\"alignnone size-medium wp-image-787\" srcset=\"https:\/\/cctvtalca.cl\/wp-content\/uploads\/2024\/09\/descarga-2-300x82.jpg 300w, https:\/\/cctvtalca.cl\/wp-content\/uploads\/2024\/09\/descarga-2-64x17.jpg 64w, https:\/\/cctvtalca.cl\/wp-content\/uploads\/2024\/09\/descarga-2.jpg 430w\" sizes=\"auto, (max-width: 300px) 100vw, 300px\" \/><\/p>\n<p><img loading=\"lazy\" decoding=\"async\" class=\"alignnone size-full wp-image-135\" src=\"https:\/\/cctvtalca.cl\/wp-content\/uploads\/2022\/05\/ENCOMIENDA-300x142-1.jpg\" alt=\"\" width=\"300\" height=\"142\" srcset=\"https:\/\/cctvtalca.cl\/wp-content\/uploads\/2022\/05\/ENCOMIENDA-300x142-1.jpg 300w, https:\/\/cctvtalca.cl\/wp-content\/uploads\/2022\/05\/ENCOMIENDA-300x142-1-64x30.jpg 64w\" sizes=\"auto, (max-width: 300px) 100vw, 300px\" \/><\/p>","protected":false},"featured_media":636,"comment_status":"open","ping_status":"closed","template":"","meta":{"_glsr_average":0,"_glsr_ranking":0,"_glsr_reviews":0,"_joinchat":[]},"product_brand":[],"product_cat":[17],"product_tag":[],"class_list":{"0":"post-160","1":"product","2":"type-product","3":"status-publish","4":"has-post-thumbnail","6":"product_cat-sin-categoria","8":"first","9":"instock","10":"sale","11":"taxable","12":"shipping-taxable","13":"purchasable","14":"product-type-simple"},"yoast_head":"<!-- This site is optimized with the Yoast SEO plugin v20.5 - https:\/\/yoast.com\/wordpress\/plugins\/seo\/ -->\n<title>4 CANALES FULL HD 1080N de 2 asta 5 Mega pixeles Hibrido - cctvtalca<\/title>\n<meta name=\"robots\" content=\"index, follow, max-snippet:-1, max-image-preview:large, max-video-preview:-1\" \/>\n<link rel=\"canonical\" href=\"https:\/\/cctvtalca.cl\/en\/product\/xvr-4-canales-full-hd-1080n\/\" \/>\n<meta property=\"og:locale\" content=\"en_US\" \/>\n<meta property=\"og:type\" content=\"article\" \/>\n<meta property=\"og:title\" content=\"4 CANALES FULL HD 1080N de 2 asta 5 Mega pixeles Hibrido - cctvtalca\" \/>\n<meta property=\"og:description\" content=\"XVR 4 CANALES FULL HD 1080P  Entrada Modo normal: anal\u00f3gico: 4CH (AHD \/ TVI \/ CVI: 1080P \/ 720P; Anal\u00f3gico: 960H)  Entrada 4CH BNC  Tipo de se\u00f1al Anal\u00f3gico\/ AHD \/ CVI \/ TVI \/ Red  Grabaci\u00f3n en resoluci\u00f3n de hasta 2MP 1080N  Si eres de regi\u00f3n, despacharemos tu pedido a la empresa de transportes que m\u00e1s te acomode, dejando en claro, que al valor del env\u00edo correr\u00e1 por tu cuenta, cabe se\u00f1alar, que cualquier problema que tenga tu encomienda se har\u00e1 responsable la empresa que tu elegiste para el trayecto, debes dejar en claro el destino de tu encomienda, es decir, si lo quieres a domicilio u oficina, para que no tengas ning\u00fan problema al recibirlo\" \/>\n<meta property=\"og:url\" content=\"https:\/\/cctvtalca.cl\/en\/product\/xvr-4-canales-full-hd-1080n\/\" \/>\n<meta property=\"og:site_name\" content=\"cctvtalca\" \/>\n<meta property=\"article:modified_time\" content=\"2024-10-02T15:22:17+00:00\" \/>\n<meta property=\"og:image\" content=\"https:\/\/cctvtalca.cl\/wp-content\/uploads\/2024\/07\/16-CANALES-8MG.jpg\" \/>\n\t<meta property=\"og:image:width\" content=\"510\" \/>\n\t<meta property=\"og:image:height\" content=\"348\" \/>\n\t<meta property=\"og:image:type\" content=\"image\/jpeg\" \/>\n<meta name=\"twitter:card\" content=\"summary_large_image\" \/>\n<meta name=\"twitter:label1\" content=\"Est. reading time\" \/>\n\t<meta name=\"twitter:data1\" content=\"1 minute\" \/>\n<script type=\"application\/ld+json\" class=\"yoast-schema-graph\">{\"@context\":\"https:\/\/schema.org\",\"@graph\":[{\"@type\":\"WebPage\",\"@id\":\"https:\/\/cctvtalca.cl\/producto\/xvr-4-canales-full-hd-1080n\/\",\"url\":\"https:\/\/cctvtalca.cl\/producto\/xvr-4-canales-full-hd-1080n\/\",\"name\":\"4 CANALES FULL HD 1080N de 2 asta 5 Mega pixeles Hibrido - cctvtalca\",\"isPartOf\":{\"@id\":\"https:\/\/cctvtalca.cl\/#website\"},\"datePublished\":\"2022-05-24T17:10:30+00:00\",\"dateModified\":\"2024-10-02T15:22:17+00:00\",\"breadcrumb\":{\"@id\":\"https:\/\/cctvtalca.cl\/producto\/xvr-4-canales-full-hd-1080n\/#breadcrumb\"},\"inLanguage\":\"en-US\",\"potentialAction\":[{\"@type\":\"ReadAction\",\"target\":[\"https:\/\/cctvtalca.cl\/producto\/xvr-4-canales-full-hd-1080n\/\"]}]},{\"@type\":\"BreadcrumbList\",\"@id\":\"https:\/\/cctvtalca.cl\/producto\/xvr-4-canales-full-hd-1080n\/#breadcrumb\",\"itemListElement\":[{\"@type\":\"ListItem\",\"position\":1,\"name\":\"Portada\",\"item\":\"https:\/\/cctvtalca.cl\/\"},{\"@type\":\"ListItem\",\"position\":2,\"name\":\"Tienda\",\"item\":\"https:\/\/cctvtalca.cl\/tienda\/\"},{\"@type\":\"ListItem\",\"position\":3,\"name\":\"4 CANALES FULL HD 1080N de 2 asta 5 Mega pixeles Hibrido\"}]},{\"@type\":\"WebSite\",\"@id\":\"https:\/\/cctvtalca.cl\/#website\",\"url\":\"https:\/\/cctvtalca.cl\/\",\"name\":\"cctvtalca\",\"description\":\"c\u00e1maras de seguridad\",\"publisher\":{\"@id\":\"https:\/\/cctvtalca.cl\/#organization\"},\"potentialAction\":[{\"@type\":\"SearchAction\",\"target\":{\"@type\":\"EntryPoint\",\"urlTemplate\":\"https:\/\/cctvtalca.cl\/?s={search_term_string}\"},\"query-input\":\"required name=search_term_string\"}],\"inLanguage\":\"en-US\"},{\"@type\":\"Organization\",\"@id\":\"https:\/\/cctvtalca.cl\/#organization\",\"name\":\"cctvtalca\",\"url\":\"https:\/\/cctvtalca.cl\/\",\"logo\":{\"@type\":\"ImageObject\",\"inLanguage\":\"en-US\",\"@id\":\"https:\/\/cctvtalca.cl\/#\/schema\/logo\/image\/\",\"url\":\"https:\/\/cctvtalca.cl\/wp-content\/uploads\/2022\/05\/cropped-cropped-cropped-LOGO-CCTVTALCA.jpg\",\"contentUrl\":\"https:\/\/cctvtalca.cl\/wp-content\/uploads\/2022\/05\/cropped-cropped-cropped-LOGO-CCTVTALCA.jpg\",\"width\":511,\"height\":240,\"caption\":\"cctvtalca\"},\"image\":{\"@id\":\"https:\/\/cctvtalca.cl\/#\/schema\/logo\/image\/\"}}]}<\/script>\n<!-- \/ Yoast SEO plugin. -->","yoast_head_json":{"title":"4 CANALES FULL HD 1080N de 2 asta 5 Mega pixeles Hibrido - cctvtalca","robots":{"index":"index","follow":"follow","max-snippet":"max-snippet:-1","max-image-preview":"max-image-preview:large","max-video-preview":"max-video-preview:-1"},"canonical":"https:\/\/cctvtalca.cl\/en\/product\/xvr-4-canales-full-hd-1080n\/","og_locale":"en_US","og_type":"article","og_title":"4 CANALES FULL HD 1080N de 2 asta 5 Mega pixeles Hibrido - cctvtalca","og_description":"XVR 4 CANALES FULL HD 1080P  Entrada Modo normal: anal\u00f3gico: 4CH (AHD \/ TVI \/ CVI: 1080P \/ 720P; Anal\u00f3gico: 960H)  Entrada 4CH BNC  Tipo de se\u00f1al Anal\u00f3gico\/ AHD \/ CVI \/ TVI \/ Red  Grabaci\u00f3n en resoluci\u00f3n de hasta 2MP 1080N  Si eres de regi\u00f3n, despacharemos tu pedido a la empresa de transportes que m\u00e1s te acomode, dejando en claro, que al valor del env\u00edo correr\u00e1 por tu cuenta, cabe se\u00f1alar, que cualquier problema que tenga tu encomienda se har\u00e1 responsable la empresa que tu elegiste para el trayecto, debes dejar en claro el destino de tu encomienda, es decir, si lo quieres a domicilio u oficina, para que no tengas ning\u00fan problema al recibirlo","og_url":"https:\/\/cctvtalca.cl\/en\/product\/xvr-4-canales-full-hd-1080n\/","og_site_name":"cctvtalca","article_modified_time":"2024-10-02T15:22:17+00:00","og_image":[{"width":510,"height":348,"url":"https:\/\/cctvtalca.cl\/wp-content\/uploads\/2024\/07\/16-CANALES-8MG.jpg","type":"image\/jpeg"}],"twitter_card":"summary_large_image","twitter_misc":{"Est. reading time":"1 minute"},"schema":{"@context":"https:\/\/schema.org","@graph":[{"@type":"WebPage","@id":"https:\/\/cctvtalca.cl\/producto\/xvr-4-canales-full-hd-1080n\/","url":"https:\/\/cctvtalca.cl\/producto\/xvr-4-canales-full-hd-1080n\/","name":"4 CANALES FULL HD 1080N de 2 asta 5 Mega pixeles Hibrido - cctvtalca","isPartOf":{"@id":"https:\/\/cctvtalca.cl\/#website"},"datePublished":"2022-05-24T17:10:30+00:00","dateModified":"2024-10-02T15:22:17+00:00","breadcrumb":{"@id":"https:\/\/cctvtalca.cl\/producto\/xvr-4-canales-full-hd-1080n\/#breadcrumb"},"inLanguage":"en-US","potentialAction":[{"@type":"ReadAction","target":["https:\/\/cctvtalca.cl\/producto\/xvr-4-canales-full-hd-1080n\/"]}]},{"@type":"BreadcrumbList","@id":"https:\/\/cctvtalca.cl\/producto\/xvr-4-canales-full-hd-1080n\/#breadcrumb","itemListElement":[{"@type":"ListItem","position":1,"name":"Portada","item":"https:\/\/cctvtalca.cl\/"},{"@type":"ListItem","position":2,"name":"Tienda","item":"https:\/\/cctvtalca.cl\/tienda\/"},{"@type":"ListItem","position":3,"name":"4 CANALES FULL HD 1080N de 2 asta 5 Mega pixeles Hibrido"}]},{"@type":"WebSite","@id":"https:\/\/cctvtalca.cl\/#website","url":"https:\/\/cctvtalca.cl\/","name":"cctvtalca","description":"c\u00e1maras de seguridad","publisher":{"@id":"https:\/\/cctvtalca.cl\/#organization"},"potentialAction":[{"@type":"SearchAction","target":{"@type":"EntryPoint","urlTemplate":"https:\/\/cctvtalca.cl\/?s={search_term_string}"},"query-input":"required name=search_term_string"}],"inLanguage":"en-US"},{"@type":"Organization","@id":"https:\/\/cctvtalca.cl\/#organization","name":"cctvtalca","url":"https:\/\/cctvtalca.cl\/","logo":{"@type":"ImageObject","inLanguage":"en-US","@id":"https:\/\/cctvtalca.cl\/#\/schema\/logo\/image\/","url":"https:\/\/cctvtalca.cl\/wp-content\/uploads\/2022\/05\/cropped-cropped-cropped-LOGO-CCTVTALCA.jpg","contentUrl":"https:\/\/cctvtalca.cl\/wp-content\/uploads\/2022\/05\/cropped-cropped-cropped-LOGO-CCTVTALCA.jpg","width":511,"height":240,"caption":"cctvtalca"},"image":{"@id":"https:\/\/cctvtalca.cl\/#\/schema\/logo\/image\/"}}]}},"_links":{"self":[{"href":"https:\/\/cctvtalca.cl\/en\/wp-json\/wp\/v2\/product\/160","targetHints":{"allow":["GET"]}}],"collection":[{"href":"https:\/\/cctvtalca.cl\/en\/wp-json\/wp\/v2\/product"}],"about":[{"href":"https:\/\/cctvtalca.cl\/en\/wp-json\/wp\/v2\/types\/product"}],"replies":[{"embeddable":true,"href":"https:\/\/cctvtalca.cl\/en\/wp-json\/wp\/v2\/comments?post=160"}],"wp:featuredmedia":[{"embeddable":true,"href":"https:\/\/cctvtalca.cl\/en\/wp-json\/wp\/v2\/media\/636"}],"wp:attachment":[{"href":"https:\/\/cctvtalca.cl\/en\/wp-json\/wp\/v2\/media?parent=160"}],"wp:term":[{"taxonomy":"product_brand","embeddable":true,"href":"https:\/\/cctvtalca.cl\/en\/wp-json\/wp\/v2\/product_brand?post=160"},{"taxonomy":"product_cat","embeddable":true,"href":"https:\/\/cctvtalca.cl\/en\/wp-json\/wp\/v2\/product_cat?post=160"},{"taxonomy":"product_tag","embeddable":true,"href":"https:\/\/cctvtalca.cl\/en\/wp-json\/wp\/v2\/product_tag?post=160"}],"curies":[{"name":"wp","href":"https:\/\/api.w.org\/{rel}","templated":true}]}}