{"id":174,"date":"2022-05-24T18:32:11","date_gmt":"2022-05-24T21:32:11","guid":{"rendered":"https:\/\/cctvtalca.cl\/?post_type=product&#038;p=174"},"modified":"2025-03-06T13:40:38","modified_gmt":"2025-03-06T16:40:38","slug":"camara-de-seguridad-full-hd-ahd-1080p-sony","status":"publish","type":"product","link":"https:\/\/cctvtalca.cl\/en\/product\/camara-de-seguridad-full-hd-ahd-1080p-sony\/","title":{"rendered":"CAMARA DE SEGURIDAD MET\u00c1LICA FULL HD  CMOS SONY+ INSTALACI\u00d3N"},"content":{"rendered":"<p>Camara full HD\u00a0 de seguridad tipo PTZ (pan-tilt-zoom) exterior IP66, sensor de imagen 1\/3 CMOS Sony resoluci\u00f3n 2 MG (1920&#215;1080), lente de zoom optico de hasta 18X, distancia infrarrojo 120 metros, rango pant (horizontal) 360\u00ba; velocidad 120\u00ba\/s; auto flip 180\u00ba, rango tilt (vertical) 93\u00ba; velocidad 40\u00ba\/s; auto flip 93\u00ba, protocolos de comunicaci\u00f3n: Pelco D\/P, baudios: 1200\/ 2400\/ 4800\/ 9600bps., puerto de comunicaci\u00f3n RS485, alimentaci\u00f3n 12V 3A (incluye fuente), consumo<\/p>\n<h3><\/h3>","protected":false},"excerpt":{"rendered":"<h3>CAMARA DE SEGURIDAD TIPO PTZ<\/h3>\n<h3>1080P CMOS SONY<\/h3>\n<p>Camara full HD AHD de seguridad tipo PTZ (pan-tilt-zoom) exterior IP66, sensor de imagen 1\/3 CMOS Sony 9600, resoluci\u00f3n 1080P (1920&#215;1080), lente de zoom optico de hasta 18X, distancia infrarrojo 120 metros,<\/p>\n<p>Si eres de regi\u00f3n, despacharemos tu pedido a la empresa de transportes que m\u00e1s te acomode, dejando en claro, que al valor del env\u00edo correr\u00e1 por tu cuenta, cabe se\u00f1alar, que cualquier problema que tenga tu encomienda se har\u00e1 responsable la empresa que tu elegiste para el trayecto, debes dejar en claro el destino de tu encomienda, es decir, si lo quieres a domicilio u oficina, para que no tengas ning\u00fan problema al recibirlo.<\/p>\n<p>Antes de compra solicite presupuesto\u00a0 para verificar stock<\/p>\n<p><img loading=\"lazy\" decoding=\"async\" class=\"alignnone size-medium wp-image-787\" src=\"https:\/\/cctvtalca.cl\/wp-content\/uploads\/2024\/09\/descarga-2-300x82.jpg\" alt=\"\" width=\"300\" height=\"82\" srcset=\"https:\/\/cctvtalca.cl\/wp-content\/uploads\/2024\/09\/descarga-2-300x82.jpg 300w, https:\/\/cctvtalca.cl\/wp-content\/uploads\/2024\/09\/descarga-2-64x17.jpg 64w, https:\/\/cctvtalca.cl\/wp-content\/uploads\/2024\/09\/descarga-2.jpg 430w\" sizes=\"auto, (max-width: 300px) 100vw, 300px\" \/><\/p>","protected":false},"featured_media":309,"comment_status":"open","ping_status":"closed","template":"","meta":{"_glsr_average":0,"_glsr_ranking":0,"_glsr_reviews":0,"_joinchat":[]},"product_brand":[],"product_cat":[23],"product_tag":[27],"class_list":{"0":"post-174","1":"product","2":"type-product","3":"status-publish","4":"has-post-thumbnail","6":"product_cat-camaras-ptz","7":"product_tag-producto-destacado","9":"first","10":"instock","11":"sale","12":"taxable","13":"shipping-taxable","14":"purchasable","15":"product-type-simple"},"yoast_head":"<!-- This site is optimized with the Yoast SEO plugin v20.5 - https:\/\/yoast.com\/wordpress\/plugins\/seo\/ -->\n<title>CAMARA DE SEGURIDAD MET\u00c1LICA FULL HD CMOS SONY+ INSTALACI\u00d3N - cctvtalca<\/title>\n<meta name=\"robots\" content=\"index, follow, max-snippet:-1, max-image-preview:large, max-video-preview:-1\" \/>\n<link rel=\"canonical\" href=\"https:\/\/cctvtalca.cl\/en\/product\/camara-de-seguridad-full-hd-ahd-1080p-sony\/\" \/>\n<meta property=\"og:locale\" content=\"en_US\" \/>\n<meta property=\"og:type\" content=\"article\" \/>\n<meta property=\"og:title\" content=\"CAMARA DE SEGURIDAD MET\u00c1LICA FULL HD CMOS SONY+ INSTALACI\u00d3N - cctvtalca\" \/>\n<meta property=\"og:description\" content=\"CAMARA DE SEGURIDAD TIPO PTZ 1080P CMOS SONY Camara full HD AHD de seguridad tipo PTZ (pan-tilt-zoom) exterior IP66, sensor de imagen 1\/3 CMOS Sony 9600, resoluci\u00f3n 1080P (1920x1080), lente de zoom optico de hasta 18X, distancia infrarrojo 120 metros,  Si eres de regi\u00f3n, despacharemos tu pedido a la empresa de transportes que m\u00e1s te acomode, dejando en claro, que al valor del env\u00edo correr\u00e1 por tu cuenta, cabe se\u00f1alar, que cualquier problema que tenga tu encomienda se har\u00e1 responsable la empresa que tu elegiste para el trayecto, debes dejar en claro el destino de tu encomienda, es decir, si lo quieres a domicilio u oficina, para que no tengas ning\u00fan problema al recibirlo.  Antes de compra solicite presupuesto\u00a0 para verificar stock\" \/>\n<meta property=\"og:url\" content=\"https:\/\/cctvtalca.cl\/en\/product\/camara-de-seguridad-full-hd-ahd-1080p-sony\/\" \/>\n<meta property=\"og:site_name\" content=\"cctvtalca\" \/>\n<meta property=\"article:modified_time\" content=\"2025-03-06T16:40:38+00:00\" \/>\n<meta property=\"og:image\" content=\"https:\/\/cctvtalca.cl\/wp-content\/uploads\/2022\/05\/product-32.jpg\" \/>\n\t<meta property=\"og:image:width\" content=\"1200\" \/>\n\t<meta property=\"og:image:height\" content=\"1486\" \/>\n\t<meta property=\"og:image:type\" content=\"image\/jpeg\" \/>\n<meta name=\"twitter:card\" content=\"summary_large_image\" \/>\n<meta name=\"twitter:label1\" content=\"Est. reading time\" \/>\n\t<meta name=\"twitter:data1\" content=\"1 minute\" \/>\n<script type=\"application\/ld+json\" class=\"yoast-schema-graph\">{\"@context\":\"https:\/\/schema.org\",\"@graph\":[{\"@type\":\"WebPage\",\"@id\":\"https:\/\/cctvtalca.cl\/producto\/camara-de-seguridad-full-hd-ahd-1080p-sony\/\",\"url\":\"https:\/\/cctvtalca.cl\/producto\/camara-de-seguridad-full-hd-ahd-1080p-sony\/\",\"name\":\"CAMARA DE SEGURIDAD MET\u00c1LICA FULL HD CMOS SONY+ INSTALACI\u00d3N - cctvtalca\",\"isPartOf\":{\"@id\":\"https:\/\/cctvtalca.cl\/#website\"},\"datePublished\":\"2022-05-24T21:32:11+00:00\",\"dateModified\":\"2025-03-06T16:40:38+00:00\",\"breadcrumb\":{\"@id\":\"https:\/\/cctvtalca.cl\/producto\/camara-de-seguridad-full-hd-ahd-1080p-sony\/#breadcrumb\"},\"inLanguage\":\"en-US\",\"potentialAction\":[{\"@type\":\"ReadAction\",\"target\":[\"https:\/\/cctvtalca.cl\/producto\/camara-de-seguridad-full-hd-ahd-1080p-sony\/\"]}]},{\"@type\":\"BreadcrumbList\",\"@id\":\"https:\/\/cctvtalca.cl\/producto\/camara-de-seguridad-full-hd-ahd-1080p-sony\/#breadcrumb\",\"itemListElement\":[{\"@type\":\"ListItem\",\"position\":1,\"name\":\"Portada\",\"item\":\"https:\/\/cctvtalca.cl\/\"},{\"@type\":\"ListItem\",\"position\":2,\"name\":\"Tienda\",\"item\":\"https:\/\/cctvtalca.cl\/tienda\/\"},{\"@type\":\"ListItem\",\"position\":3,\"name\":\"CAMARA DE SEGURIDAD MET\u00c1LICA FULL HD CMOS SONY+ INSTALACI\u00d3N\"}]},{\"@type\":\"WebSite\",\"@id\":\"https:\/\/cctvtalca.cl\/#website\",\"url\":\"https:\/\/cctvtalca.cl\/\",\"name\":\"cctvtalca\",\"description\":\"c\u00e1maras de seguridad\",\"publisher\":{\"@id\":\"https:\/\/cctvtalca.cl\/#organization\"},\"potentialAction\":[{\"@type\":\"SearchAction\",\"target\":{\"@type\":\"EntryPoint\",\"urlTemplate\":\"https:\/\/cctvtalca.cl\/?s={search_term_string}\"},\"query-input\":\"required name=search_term_string\"}],\"inLanguage\":\"en-US\"},{\"@type\":\"Organization\",\"@id\":\"https:\/\/cctvtalca.cl\/#organization\",\"name\":\"cctvtalca\",\"url\":\"https:\/\/cctvtalca.cl\/\",\"logo\":{\"@type\":\"ImageObject\",\"inLanguage\":\"en-US\",\"@id\":\"https:\/\/cctvtalca.cl\/#\/schema\/logo\/image\/\",\"url\":\"https:\/\/cctvtalca.cl\/wp-content\/uploads\/2022\/05\/cropped-cropped-cropped-LOGO-CCTVTALCA.jpg\",\"contentUrl\":\"https:\/\/cctvtalca.cl\/wp-content\/uploads\/2022\/05\/cropped-cropped-cropped-LOGO-CCTVTALCA.jpg\",\"width\":511,\"height\":240,\"caption\":\"cctvtalca\"},\"image\":{\"@id\":\"https:\/\/cctvtalca.cl\/#\/schema\/logo\/image\/\"}}]}<\/script>\n<!-- \/ Yoast SEO plugin. -->","yoast_head_json":{"title":"CAMARA DE SEGURIDAD MET\u00c1LICA FULL HD CMOS SONY+ INSTALACI\u00d3N - cctvtalca","robots":{"index":"index","follow":"follow","max-snippet":"max-snippet:-1","max-image-preview":"max-image-preview:large","max-video-preview":"max-video-preview:-1"},"canonical":"https:\/\/cctvtalca.cl\/en\/product\/camara-de-seguridad-full-hd-ahd-1080p-sony\/","og_locale":"en_US","og_type":"article","og_title":"CAMARA DE SEGURIDAD MET\u00c1LICA FULL HD CMOS SONY+ INSTALACI\u00d3N - cctvtalca","og_description":"CAMARA DE SEGURIDAD TIPO PTZ 1080P CMOS SONY Camara full HD AHD de seguridad tipo PTZ (pan-tilt-zoom) exterior IP66, sensor de imagen 1\/3 CMOS Sony 9600, resoluci\u00f3n 1080P (1920x1080), lente de zoom optico de hasta 18X, distancia infrarrojo 120 metros,  Si eres de regi\u00f3n, despacharemos tu pedido a la empresa de transportes que m\u00e1s te acomode, dejando en claro, que al valor del env\u00edo correr\u00e1 por tu cuenta, cabe se\u00f1alar, que cualquier problema que tenga tu encomienda se har\u00e1 responsable la empresa que tu elegiste para el trayecto, debes dejar en claro el destino de tu encomienda, es decir, si lo quieres a domicilio u oficina, para que no tengas ning\u00fan problema al recibirlo.  Antes de compra solicite presupuesto\u00a0 para verificar stock","og_url":"https:\/\/cctvtalca.cl\/en\/product\/camara-de-seguridad-full-hd-ahd-1080p-sony\/","og_site_name":"cctvtalca","article_modified_time":"2025-03-06T16:40:38+00:00","og_image":[{"width":1200,"height":1486,"url":"https:\/\/cctvtalca.cl\/wp-content\/uploads\/2022\/05\/product-32.jpg","type":"image\/jpeg"}],"twitter_card":"summary_large_image","twitter_misc":{"Est. reading time":"1 minute"},"schema":{"@context":"https:\/\/schema.org","@graph":[{"@type":"WebPage","@id":"https:\/\/cctvtalca.cl\/producto\/camara-de-seguridad-full-hd-ahd-1080p-sony\/","url":"https:\/\/cctvtalca.cl\/producto\/camara-de-seguridad-full-hd-ahd-1080p-sony\/","name":"CAMARA DE SEGURIDAD MET\u00c1LICA FULL HD CMOS SONY+ INSTALACI\u00d3N - cctvtalca","isPartOf":{"@id":"https:\/\/cctvtalca.cl\/#website"},"datePublished":"2022-05-24T21:32:11+00:00","dateModified":"2025-03-06T16:40:38+00:00","breadcrumb":{"@id":"https:\/\/cctvtalca.cl\/producto\/camara-de-seguridad-full-hd-ahd-1080p-sony\/#breadcrumb"},"inLanguage":"en-US","potentialAction":[{"@type":"ReadAction","target":["https:\/\/cctvtalca.cl\/producto\/camara-de-seguridad-full-hd-ahd-1080p-sony\/"]}]},{"@type":"BreadcrumbList","@id":"https:\/\/cctvtalca.cl\/producto\/camara-de-seguridad-full-hd-ahd-1080p-sony\/#breadcrumb","itemListElement":[{"@type":"ListItem","position":1,"name":"Portada","item":"https:\/\/cctvtalca.cl\/"},{"@type":"ListItem","position":2,"name":"Tienda","item":"https:\/\/cctvtalca.cl\/tienda\/"},{"@type":"ListItem","position":3,"name":"CAMARA DE SEGURIDAD MET\u00c1LICA FULL HD CMOS SONY+ INSTALACI\u00d3N"}]},{"@type":"WebSite","@id":"https:\/\/cctvtalca.cl\/#website","url":"https:\/\/cctvtalca.cl\/","name":"cctvtalca","description":"c\u00e1maras de seguridad","publisher":{"@id":"https:\/\/cctvtalca.cl\/#organization"},"potentialAction":[{"@type":"SearchAction","target":{"@type":"EntryPoint","urlTemplate":"https:\/\/cctvtalca.cl\/?s={search_term_string}"},"query-input":"required name=search_term_string"}],"inLanguage":"en-US"},{"@type":"Organization","@id":"https:\/\/cctvtalca.cl\/#organization","name":"cctvtalca","url":"https:\/\/cctvtalca.cl\/","logo":{"@type":"ImageObject","inLanguage":"en-US","@id":"https:\/\/cctvtalca.cl\/#\/schema\/logo\/image\/","url":"https:\/\/cctvtalca.cl\/wp-content\/uploads\/2022\/05\/cropped-cropped-cropped-LOGO-CCTVTALCA.jpg","contentUrl":"https:\/\/cctvtalca.cl\/wp-content\/uploads\/2022\/05\/cropped-cropped-cropped-LOGO-CCTVTALCA.jpg","width":511,"height":240,"caption":"cctvtalca"},"image":{"@id":"https:\/\/cctvtalca.cl\/#\/schema\/logo\/image\/"}}]}},"_links":{"self":[{"href":"https:\/\/cctvtalca.cl\/en\/wp-json\/wp\/v2\/product\/174","targetHints":{"allow":["GET"]}}],"collection":[{"href":"https:\/\/cctvtalca.cl\/en\/wp-json\/wp\/v2\/product"}],"about":[{"href":"https:\/\/cctvtalca.cl\/en\/wp-json\/wp\/v2\/types\/product"}],"replies":[{"embeddable":true,"href":"https:\/\/cctvtalca.cl\/en\/wp-json\/wp\/v2\/comments?post=174"}],"wp:featuredmedia":[{"embeddable":true,"href":"https:\/\/cctvtalca.cl\/en\/wp-json\/wp\/v2\/media\/309"}],"wp:attachment":[{"href":"https:\/\/cctvtalca.cl\/en\/wp-json\/wp\/v2\/media?parent=174"}],"wp:term":[{"taxonomy":"product_brand","embeddable":true,"href":"https:\/\/cctvtalca.cl\/en\/wp-json\/wp\/v2\/product_brand?post=174"},{"taxonomy":"product_cat","embeddable":true,"href":"https:\/\/cctvtalca.cl\/en\/wp-json\/wp\/v2\/product_cat?post=174"},{"taxonomy":"product_tag","embeddable":true,"href":"https:\/\/cctvtalca.cl\/en\/wp-json\/wp\/v2\/product_tag?post=174"}],"curies":[{"name":"wp","href":"https:\/\/api.w.org\/{rel}","templated":true}]}}