{"id":287,"date":"2022-09-07T23:33:55","date_gmt":"2022-09-08T02:33:55","guid":{"rendered":"https:\/\/cctvtalca.cl\/?post_type=product&#038;p=287"},"modified":"2024-08-15T14:38:06","modified_gmt":"2024-08-15T17:38:06","slug":"kit-de-camaras-fullhd-3-camaras-metalicas","status":"publish","type":"product","link":"https:\/\/cctvtalca.cl\/en\/product\/kit-de-camaras-fullhd-3-camaras-metalicas\/","title":{"rendered":"kit de c\u00e1maras fullHD 3 c\u00e1maras met\u00e1licas"},"content":{"rendered":"<p>Video vigilancia remota 3 c\u00e1maras FULL HD 1080 + 3 cables 20mt + 1 semanas de grabaci\u00f3n + fuente de poder +Instalaci\u00f3n a domicilio (app libre) Grabaci\u00f3n 24\/7 visi\u00f3n nocturna, Sobre Escritura disco autom\u00e1tica \u201csistema inteligente de vigilancia remota\u201dInstalaci\u00f3n y inducci\u00f3n en APP \u201d solicita tu fecha de instalaci\u00f3n\u201d \u201c\u201dse due\u00f1o de tu seguridad y cuida tu privacidad y la de los que m\u00e1s quieres.<\/p>\n<p>&nbsp;<\/p>","protected":false},"excerpt":{"rendered":"<p>Video vigilancia remota 3 c\u00e1maras FULL HD 1080 + 3 cables 20mt + 1 semanas de grabaci\u00f3n + fuente de poder +Instalaci\u00f3n a domicilio (app libre) Grabaci\u00f3n 24\/7 visi\u00f3n nocturna, Sobre Escritura disco autom\u00e1tica \u201csistema inteligente de vigilancia remota\u201dInstalaci\u00f3n y inducci\u00f3n en APP \u201d solicita tu fecha de instalaci\u00f3n\u201d \u201c\u201dse due\u00f1o de tu seguridad y cuida tu privacidad y la de los que m\u00e1s quieres.<\/p>\n<p>Incluye instalaci\u00f3n a domicilio\u00a0 previa agenda de hora v\u00eda WhatsApp<\/p>\n<p>Instalaci\u00f3n duraci\u00f3n m\u00e1xima 3 horas<\/p>\n<p><img loading=\"lazy\" decoding=\"async\" class=\"alignnone wp-image-300\" src=\"https:\/\/cctvtalca.cl\/wp-content\/uploads\/2022\/09\/unnamed-300x200.jpg\" alt=\"\" width=\"110\" height=\"73\" srcset=\"https:\/\/cctvtalca.cl\/wp-content\/uploads\/2022\/09\/unnamed-300x200.jpg 300w, https:\/\/cctvtalca.cl\/wp-content\/uploads\/2022\/09\/unnamed-64x43.jpg 64w, https:\/\/cctvtalca.cl\/wp-content\/uploads\/2022\/09\/unnamed.jpg 512w\" sizes=\"auto, (max-width: 110px) 100vw, 110px\" \/><img loading=\"lazy\" decoding=\"async\" class=\"alignnone wp-image-299\" src=\"https:\/\/cctvtalca.cl\/wp-content\/uploads\/2022\/09\/full-hd-1080p-golden-symbol_79145-241-300x214.jpg\" alt=\"\" width=\"102\" height=\"73\" srcset=\"https:\/\/cctvtalca.cl\/wp-content\/uploads\/2022\/09\/full-hd-1080p-golden-symbol_79145-241-300x214.jpg 300w, https:\/\/cctvtalca.cl\/wp-content\/uploads\/2022\/09\/full-hd-1080p-golden-symbol_79145-241-600x427.jpg 600w, https:\/\/cctvtalca.cl\/wp-content\/uploads\/2022\/09\/full-hd-1080p-golden-symbol_79145-241-64x46.jpg 64w, https:\/\/cctvtalca.cl\/wp-content\/uploads\/2022\/09\/full-hd-1080p-golden-symbol_79145-241.jpg 626w\" sizes=\"auto, (max-width: 102px) 100vw, 102px\" \/><\/p>","protected":false},"featured_media":330,"comment_status":"open","ping_status":"closed","template":"","meta":{"_glsr_average":0,"_glsr_ranking":0,"_glsr_reviews":0,"_joinchat":[]},"product_brand":[],"product_cat":[20],"product_tag":[],"class_list":{"0":"post-287","1":"product","2":"type-product","3":"status-publish","4":"has-post-thumbnail","6":"product_cat-kit-de-camaras","8":"first","9":"instock","10":"purchasable","11":"product-type-simple"},"yoast_head":"<!-- This site is optimized with the Yoast SEO plugin v20.5 - https:\/\/yoast.com\/wordpress\/plugins\/seo\/ -->\n<title>kit de c\u00e1maras fullHD 3 c\u00e1maras met\u00e1licas - cctvtalca<\/title>\n<meta name=\"robots\" content=\"index, follow, max-snippet:-1, max-image-preview:large, max-video-preview:-1\" \/>\n<link rel=\"canonical\" href=\"https:\/\/cctvtalca.cl\/en\/product\/kit-de-camaras-fullhd-3-camaras-metalicas\/\" \/>\n<meta property=\"og:locale\" content=\"en_US\" \/>\n<meta property=\"og:type\" content=\"article\" \/>\n<meta property=\"og:title\" content=\"kit de c\u00e1maras fullHD 3 c\u00e1maras met\u00e1licas - cctvtalca\" \/>\n<meta property=\"og:description\" content=\"Video vigilancia remota 3 c\u00e1maras FULL HD 1080 + 3 cables 20mt + 1 semanas de grabaci\u00f3n + fuente de poder +Instalaci\u00f3n a domicilio (app libre) Grabaci\u00f3n 24\/7 visi\u00f3n nocturna, Sobre Escritura disco autom\u00e1tica \u201csistema inteligente de vigilancia remota\u201dInstalaci\u00f3n y inducci\u00f3n en APP \u201d solicita tu fecha de instalaci\u00f3n\u201d \u201c\u201dse due\u00f1o de tu seguridad y cuida tu privacidad y la de los que m\u00e1s quieres.  Incluye instalaci\u00f3n a domicilio\u00a0 previa agenda de hora v\u00eda WhatsApp  Instalaci\u00f3n duraci\u00f3n m\u00e1xima 3 horas\" \/>\n<meta property=\"og:url\" content=\"https:\/\/cctvtalca.cl\/en\/product\/kit-de-camaras-fullhd-3-camaras-metalicas\/\" \/>\n<meta property=\"og:site_name\" content=\"cctvtalca\" \/>\n<meta property=\"article:modified_time\" content=\"2024-08-15T17:38:06+00:00\" \/>\n<meta property=\"og:image\" content=\"https:\/\/cctvtalca.cl\/wp-content\/uploads\/2022\/09\/product-28-2.jpg\" \/>\n\t<meta property=\"og:image:width\" content=\"1200\" \/>\n\t<meta property=\"og:image:height\" content=\"1486\" \/>\n\t<meta property=\"og:image:type\" content=\"image\/jpeg\" \/>\n<meta name=\"twitter:card\" content=\"summary_large_image\" \/>\n<script type=\"application\/ld+json\" class=\"yoast-schema-graph\">{\"@context\":\"https:\/\/schema.org\",\"@graph\":[{\"@type\":\"WebPage\",\"@id\":\"https:\/\/cctvtalca.cl\/producto\/kit-de-camaras-fullhd-3-camaras-metalicas\/\",\"url\":\"https:\/\/cctvtalca.cl\/producto\/kit-de-camaras-fullhd-3-camaras-metalicas\/\",\"name\":\"kit de c\u00e1maras fullHD 3 c\u00e1maras met\u00e1licas - cctvtalca\",\"isPartOf\":{\"@id\":\"https:\/\/cctvtalca.cl\/#website\"},\"datePublished\":\"2022-09-08T02:33:55+00:00\",\"dateModified\":\"2024-08-15T17:38:06+00:00\",\"breadcrumb\":{\"@id\":\"https:\/\/cctvtalca.cl\/producto\/kit-de-camaras-fullhd-3-camaras-metalicas\/#breadcrumb\"},\"inLanguage\":\"en-US\",\"potentialAction\":[{\"@type\":\"ReadAction\",\"target\":[\"https:\/\/cctvtalca.cl\/producto\/kit-de-camaras-fullhd-3-camaras-metalicas\/\"]}]},{\"@type\":\"BreadcrumbList\",\"@id\":\"https:\/\/cctvtalca.cl\/producto\/kit-de-camaras-fullhd-3-camaras-metalicas\/#breadcrumb\",\"itemListElement\":[{\"@type\":\"ListItem\",\"position\":1,\"name\":\"Portada\",\"item\":\"https:\/\/cctvtalca.cl\/\"},{\"@type\":\"ListItem\",\"position\":2,\"name\":\"Tienda\",\"item\":\"https:\/\/cctvtalca.cl\/tienda\/\"},{\"@type\":\"ListItem\",\"position\":3,\"name\":\"kit de c\u00e1maras fullHD 3 c\u00e1maras met\u00e1licas\"}]},{\"@type\":\"WebSite\",\"@id\":\"https:\/\/cctvtalca.cl\/#website\",\"url\":\"https:\/\/cctvtalca.cl\/\",\"name\":\"cctvtalca\",\"description\":\"c\u00e1maras de seguridad\",\"publisher\":{\"@id\":\"https:\/\/cctvtalca.cl\/#organization\"},\"potentialAction\":[{\"@type\":\"SearchAction\",\"target\":{\"@type\":\"EntryPoint\",\"urlTemplate\":\"https:\/\/cctvtalca.cl\/?s={search_term_string}\"},\"query-input\":\"required name=search_term_string\"}],\"inLanguage\":\"en-US\"},{\"@type\":\"Organization\",\"@id\":\"https:\/\/cctvtalca.cl\/#organization\",\"name\":\"cctvtalca\",\"url\":\"https:\/\/cctvtalca.cl\/\",\"logo\":{\"@type\":\"ImageObject\",\"inLanguage\":\"en-US\",\"@id\":\"https:\/\/cctvtalca.cl\/#\/schema\/logo\/image\/\",\"url\":\"https:\/\/cctvtalca.cl\/wp-content\/uploads\/2022\/05\/cropped-cropped-cropped-LOGO-CCTVTALCA.jpg\",\"contentUrl\":\"https:\/\/cctvtalca.cl\/wp-content\/uploads\/2022\/05\/cropped-cropped-cropped-LOGO-CCTVTALCA.jpg\",\"width\":511,\"height\":240,\"caption\":\"cctvtalca\"},\"image\":{\"@id\":\"https:\/\/cctvtalca.cl\/#\/schema\/logo\/image\/\"}}]}<\/script>\n<!-- \/ Yoast SEO plugin. -->","yoast_head_json":{"title":"kit de c\u00e1maras fullHD 3 c\u00e1maras met\u00e1licas - cctvtalca","robots":{"index":"index","follow":"follow","max-snippet":"max-snippet:-1","max-image-preview":"max-image-preview:large","max-video-preview":"max-video-preview:-1"},"canonical":"https:\/\/cctvtalca.cl\/en\/product\/kit-de-camaras-fullhd-3-camaras-metalicas\/","og_locale":"en_US","og_type":"article","og_title":"kit de c\u00e1maras fullHD 3 c\u00e1maras met\u00e1licas - cctvtalca","og_description":"Video vigilancia remota 3 c\u00e1maras FULL HD 1080 + 3 cables 20mt + 1 semanas de grabaci\u00f3n + fuente de poder +Instalaci\u00f3n a domicilio (app libre) Grabaci\u00f3n 24\/7 visi\u00f3n nocturna, Sobre Escritura disco autom\u00e1tica \u201csistema inteligente de vigilancia remota\u201dInstalaci\u00f3n y inducci\u00f3n en APP \u201d solicita tu fecha de instalaci\u00f3n\u201d \u201c\u201dse due\u00f1o de tu seguridad y cuida tu privacidad y la de los que m\u00e1s quieres.  Incluye instalaci\u00f3n a domicilio\u00a0 previa agenda de hora v\u00eda WhatsApp  Instalaci\u00f3n duraci\u00f3n m\u00e1xima 3 horas","og_url":"https:\/\/cctvtalca.cl\/en\/product\/kit-de-camaras-fullhd-3-camaras-metalicas\/","og_site_name":"cctvtalca","article_modified_time":"2024-08-15T17:38:06+00:00","og_image":[{"width":1200,"height":1486,"url":"https:\/\/cctvtalca.cl\/wp-content\/uploads\/2022\/09\/product-28-2.jpg","type":"image\/jpeg"}],"twitter_card":"summary_large_image","schema":{"@context":"https:\/\/schema.org","@graph":[{"@type":"WebPage","@id":"https:\/\/cctvtalca.cl\/producto\/kit-de-camaras-fullhd-3-camaras-metalicas\/","url":"https:\/\/cctvtalca.cl\/producto\/kit-de-camaras-fullhd-3-camaras-metalicas\/","name":"kit de c\u00e1maras fullHD 3 c\u00e1maras met\u00e1licas - cctvtalca","isPartOf":{"@id":"https:\/\/cctvtalca.cl\/#website"},"datePublished":"2022-09-08T02:33:55+00:00","dateModified":"2024-08-15T17:38:06+00:00","breadcrumb":{"@id":"https:\/\/cctvtalca.cl\/producto\/kit-de-camaras-fullhd-3-camaras-metalicas\/#breadcrumb"},"inLanguage":"en-US","potentialAction":[{"@type":"ReadAction","target":["https:\/\/cctvtalca.cl\/producto\/kit-de-camaras-fullhd-3-camaras-metalicas\/"]}]},{"@type":"BreadcrumbList","@id":"https:\/\/cctvtalca.cl\/producto\/kit-de-camaras-fullhd-3-camaras-metalicas\/#breadcrumb","itemListElement":[{"@type":"ListItem","position":1,"name":"Portada","item":"https:\/\/cctvtalca.cl\/"},{"@type":"ListItem","position":2,"name":"Tienda","item":"https:\/\/cctvtalca.cl\/tienda\/"},{"@type":"ListItem","position":3,"name":"kit de c\u00e1maras fullHD 3 c\u00e1maras met\u00e1licas"}]},{"@type":"WebSite","@id":"https:\/\/cctvtalca.cl\/#website","url":"https:\/\/cctvtalca.cl\/","name":"cctvtalca","description":"c\u00e1maras de seguridad","publisher":{"@id":"https:\/\/cctvtalca.cl\/#organization"},"potentialAction":[{"@type":"SearchAction","target":{"@type":"EntryPoint","urlTemplate":"https:\/\/cctvtalca.cl\/?s={search_term_string}"},"query-input":"required name=search_term_string"}],"inLanguage":"en-US"},{"@type":"Organization","@id":"https:\/\/cctvtalca.cl\/#organization","name":"cctvtalca","url":"https:\/\/cctvtalca.cl\/","logo":{"@type":"ImageObject","inLanguage":"en-US","@id":"https:\/\/cctvtalca.cl\/#\/schema\/logo\/image\/","url":"https:\/\/cctvtalca.cl\/wp-content\/uploads\/2022\/05\/cropped-cropped-cropped-LOGO-CCTVTALCA.jpg","contentUrl":"https:\/\/cctvtalca.cl\/wp-content\/uploads\/2022\/05\/cropped-cropped-cropped-LOGO-CCTVTALCA.jpg","width":511,"height":240,"caption":"cctvtalca"},"image":{"@id":"https:\/\/cctvtalca.cl\/#\/schema\/logo\/image\/"}}]}},"_links":{"self":[{"href":"https:\/\/cctvtalca.cl\/en\/wp-json\/wp\/v2\/product\/287","targetHints":{"allow":["GET"]}}],"collection":[{"href":"https:\/\/cctvtalca.cl\/en\/wp-json\/wp\/v2\/product"}],"about":[{"href":"https:\/\/cctvtalca.cl\/en\/wp-json\/wp\/v2\/types\/product"}],"replies":[{"embeddable":true,"href":"https:\/\/cctvtalca.cl\/en\/wp-json\/wp\/v2\/comments?post=287"}],"wp:featuredmedia":[{"embeddable":true,"href":"https:\/\/cctvtalca.cl\/en\/wp-json\/wp\/v2\/media\/330"}],"wp:attachment":[{"href":"https:\/\/cctvtalca.cl\/en\/wp-json\/wp\/v2\/media?parent=287"}],"wp:term":[{"taxonomy":"product_brand","embeddable":true,"href":"https:\/\/cctvtalca.cl\/en\/wp-json\/wp\/v2\/product_brand?post=287"},{"taxonomy":"product_cat","embeddable":true,"href":"https:\/\/cctvtalca.cl\/en\/wp-json\/wp\/v2\/product_cat?post=287"},{"taxonomy":"product_tag","embeddable":true,"href":"https:\/\/cctvtalca.cl\/en\/wp-json\/wp\/v2\/product_tag?post=287"}],"curies":[{"name":"wp","href":"https:\/\/api.w.org\/{rel}","templated":true}]}}