{"id":342,"date":"2022-12-19T12:41:53","date_gmt":"2022-12-19T15:41:53","guid":{"rendered":"https:\/\/cctvtalca.cl\/?post_type=product&#038;p=342"},"modified":"2025-07-29T00:13:06","modified_gmt":"2025-07-29T03:13:06","slug":"punto-de-venta-pos-multicaja-caja","status":"publish","type":"product","link":"https:\/\/cctvtalca.cl\/en\/product\/punto-de-venta-pos-multicaja-caja\/","title":{"rendered":"PUNTO DE VENTA BASICO"},"content":{"rendered":"<p><strong>Ventas<\/strong><\/p>\n<p>Conoce c\u00f3mo funciona el m\u00f3dulo de ventas<\/p>\n<table>\n<tbody>\n<tr>\n<td><\/td>\n<td>Productos comunes<\/td>\n<\/tr>\n<tr>\n<td><\/td>\n<td>Agregar productos a una venta<\/td>\n<\/tr>\n<tr>\n<td><\/td>\n<td>Asignar una venta a un cliente<\/td>\n<\/tr>\n<tr>\n<td><\/td>\n<td>Cobrar una Venta<\/td>\n<\/tr>\n<tr>\n<td><\/td>\n<td>Productos a granel<\/td>\n<\/tr>\n<tr>\n<td><\/td>\n<td>Descuentos y precios de mayoreo<\/td>\n<\/tr>\n<tr>\n<td><\/td>\n<td>Atender a varios clientes a la vez<\/td>\n<\/tr>\n<tr>\n<td><\/td>\n<td>Entradas y salidas de caja<\/td>\n<\/tr>\n<tr>\n<td><\/td>\n<td>Ventas, devoluciones y cancelaciones<\/td>\n<\/tr>\n<tr>\n<td><\/td>\n<td>Verificador de precios<\/td>\n<\/tr>\n<tr>\n<td><\/td>\n<td>Venta de Productos por paquete o unidad<\/td>\n<\/tr>\n<\/tbody>\n<\/table>\n<p><strong>Formas de pago<\/strong><\/p>\n<p>Aqu\u00ed encontrar\u00e1s de forma detallada las diversas opciones de pago disponibles para cobrar tus ventas<\/p>\n<table>\n<tbody>\n<tr>\n<td><\/td>\n<td>Efectivo<\/td>\n<\/tr>\n<tr>\n<td><\/td>\n<td>Cr\u00e9dito<\/td>\n<\/tr>\n<tr>\n<td><\/td>\n<td>D\u00f3lares<\/td>\n<\/tr>\n<tr>\n<td><\/td>\n<td>Vales<\/td>\n<\/tr>\n<tr>\n<td><\/td>\n<td>Tarjetas<\/td>\n<\/tr>\n<tr>\n<td><\/td>\n<td>Mixto<\/td>\n<\/tr>\n<\/tbody>\n<\/table>\n<p><strong>Productos<\/strong><\/p>\n<p>Todo lo que debes de saber para tu cat\u00e1logo de productos<\/p>\n<table>\n<tbody>\n<tr>\n<td><\/td>\n<td>B\u00fasqueda de productos<\/td>\n<\/tr>\n<tr>\n<td><\/td>\n<td>Crear, modificar y eliminar productos<\/td>\n<\/tr>\n<tr>\n<td><\/td>\n<td>Productos compuesto (kit)<\/td>\n<\/tr>\n<tr>\n<td><\/td>\n<td>Exportar productos a Excel<\/td>\n<\/tr>\n<tr>\n<td><\/td>\n<td>Importar productos<\/td>\n<\/tr>\n<tr>\n<td><\/td>\n<td>Departamentos<\/td>\n<\/tr>\n<tr>\n<td><\/td>\n<td>Promociones<\/td>\n<\/tr>\n<tr>\n<td><\/td>\n<td>Cat\u00e1logo de productos<\/td>\n<\/tr>\n<tr>\n<td><\/td>\n<td>Actualizando varios productos a la vez<\/p>\n<p>&nbsp;<\/td>\n<\/tr>\n<\/tbody>\n<\/table>\n<p><strong>Inventarios<\/strong><\/p>\n<p>Domina y saca el mayor provecho de \u00a0usando inventarios en tu negocio<\/p>\n<table>\n<tbody>\n<tr>\n<td><\/td>\n<td>Manejo de inventario<\/td>\n<\/tr>\n<tr>\n<td><\/td>\n<td>Agregar inventario<\/td>\n<\/tr>\n<tr>\n<td><\/td>\n<td>Ajustes de inventario<\/td>\n<\/tr>\n<tr>\n<td><\/td>\n<td>Productos bajos en inventario<\/td>\n<\/tr>\n<tr>\n<td><\/td>\n<td>Reporte de inventario<\/td>\n<\/tr>\n<tr>\n<td><\/td>\n<td>Reporte de movimientos<\/td>\n<\/tr>\n<tr>\n<td><\/td>\n<td>Kardex de inventario<\/td>\n<\/tr>\n<\/tbody>\n<\/table>\n<p><strong>Cortes y turnos<\/strong><\/p>\n<p>Organiza los turnos y cortes con tus cajeros<\/p>\n<table>\n<tbody>\n<tr>\n<td><\/td>\n<td>Cortes<\/td>\n<\/tr>\n<tr>\n<td><\/td>\n<td>Corte del turno<\/td>\n<\/tr>\n<tr>\n<td><\/td>\n<td>Corte del d\u00eda<\/td>\n<\/tr>\n<tr>\n<td><\/td>\n<td>Manejo de turnos<\/td>\n<\/tr>\n<tr>\n<td><\/td>\n<td>Historial de cortes<\/td>\n<\/tr>\n<tr>\n<td><\/td>\n<td>Corte por correo electr\u00f3nico<\/td>\n<\/tr>\n<\/tbody>\n<\/table>\n<p><strong>Reportes<\/strong><\/p>\n<p>Obt\u00e9n la informaci\u00f3n necesaria para llevar tu negocio al \u00e9xito<\/p>\n<table>\n<tbody>\n<tr>\n<td><\/td>\n<td>Reporte de ventas<\/td>\n<\/tr>\n<tr>\n<td><\/td>\n<td>Reporte de ventas por cliente<\/td>\n<\/tr>\n<tr>\n<td><\/td>\n<td>Ventas por periodo<\/td>\n<\/tr>\n<\/tbody>\n<\/table>\n<p>&nbsp;<\/p>\n<p>INCLUYE\u00a0 :<\/p>\n<table>\n<tbody>\n<tr>\n<td><\/td>\n<td>COMPUTADORA\u00a0 CORE I3<\/td>\n<\/tr>\n<tr>\n<td><\/td>\n<td><em>PANTALLA DE 17 PULGADAS\u00a0\u00a0<\/em><\/td>\n<\/tr>\n<tr>\n<td><\/td>\n<td><em>LECTOR DE BARRA\u00a0 \u00a0 Y QR\u00a0\u00a0<\/em><\/td>\n<\/tr>\n<tr>\n<td><\/td>\n<td><em>GABETA\u00a0 DE DINERO 5 BILLETES 5 MONEDAS<\/em><\/td>\n<\/tr>\n<tr>\n<td><\/td>\n<td><em>IMPRESORA TERMICA 58 MM\u00a0<\/em><\/td>\n<\/tr>\n<tr>\n<td><\/td>\n<td><em>TECLADO Y MAUSE\u00a0 RETRO ILUMINADO\u00a0\u00a0<\/em><\/td>\n<\/tr>\n<tr>\n<td><\/td>\n<td><em>SISTEMA DE VENTA CON LICENCIA INDEFINIDA<\/em><\/td>\n<\/tr>\n<\/tbody>\n<\/table>\n<p>&nbsp;<\/p>\n<p><img loading=\"lazy\" decoding=\"async\" class=\"alignnone size-full wp-image-603\" src=\"https:\/\/cctvtalca.cl\/wp-content\/uploads\/2023\/07\/whasp-cctvtalca.jpg\" alt=\"\" width=\"201\" height=\"191\" srcset=\"https:\/\/cctvtalca.cl\/wp-content\/uploads\/2023\/07\/whasp-cctvtalca.jpg 201w, https:\/\/cctvtalca.cl\/wp-content\/uploads\/2023\/07\/whasp-cctvtalca-64x61.jpg 64w\" sizes=\"auto, (max-width: 201px) 100vw, 201px\" \/><\/p>","protected":false},"excerpt":{"rendered":"<h3>POTENCIA TU NEGOCIO<\/h3>\n<p>Compite con los grandes supermercados o cadenas nacionales y con aquellos negocios que ya se benefician de un punto de venta<\/p>\n<h4>\u00a0No necesitas saber de computaci\u00f3n<\/h4>\n<p>Un t\u00e9cnico instalador te ayudar\u00e1 a configurar \u00a0para que comiences a trabajar en menos de\u00a0 20 minutos<\/p>\n<h4>.\u00a0Ahorra much\u00edsimo tiempo<\/h4>\n<p>Conecta tu lector de c\u00f3digo de barras, caj\u00f3n de dinero, impresora de tickets y b\u00e1scula electr\u00f3nica; incluye 7500 productos precargados<\/p>\n<h4>.\u00a0Administra tus productos<\/h4>\n<p>No tienes que recordar ni un solo precio (Incluso tenemos clientes con m\u00e1s de 10,000 productos), mant\u00e9n un registro de todos tus movimientos<\/p>\n<h4>.\u00a0Haz crecer tu negocio<\/h4>\n<p>Aplica promociones especiales, precios de mayoreo, otorga cr\u00e9dito a tus clientes, genera reportes y conoce c\u00f3mo cerr\u00f3 cada turno<\/p>\n<p>&nbsp;<\/p>\n<p>&nbsp;<\/p>","protected":false},"featured_media":610,"comment_status":"open","ping_status":"closed","template":"","meta":{"_glsr_average":0,"_glsr_ranking":0,"_glsr_reviews":0,"_joinchat":[]},"product_brand":[],"product_cat":[35,28],"product_tag":[],"class_list":{"0":"post-342","1":"product","2":"type-product","3":"status-publish","4":"has-post-thumbnail","6":"product_cat-ofertas-especiales","7":"product_cat-pos-de-venta","9":"first","10":"instock","11":"sale","12":"taxable","13":"shipping-taxable","14":"purchasable","15":"product-type-simple"},"yoast_head":"<!-- This site is optimized with the Yoast SEO plugin v20.5 - https:\/\/yoast.com\/wordpress\/plugins\/seo\/ -->\n<title>PUNTO DE VENTA BASICO - cctvtalca<\/title>\n<meta name=\"description\" content=\"Control inventario, stock, ventas con efectivo o tarjetas, ventas de productos a granel (kg). Cuadratura de caja general o por cajero, maneja precio normal, precio por mayor a clientes en particular o promociones general, aviso de stock cr\u00edtico, crear pack, reportes de venta, cierre semanal, mensual, anual o periodo en particular, etc. puede controlar su negocio desde su computador o celular en cualquier parte (solo requiere internet).Es un sistema sumamente f\u00e1cil de dirigir y adem\u00e1s muy completo tanto como en inventario, ventas, administrativa, clientes, usuarios (ilimitados cajeros con diferentes claves) etc.-sistema de punto de venta que te pone al par de la competencia, SIN necesidad de requerir conocimientos en computaci\u00f3n. Puedes manejar todos los productos de tu negocio para que no tengas que recordar ni un solo precio de nuevo Ah\u00f3rrate el inventario con nuestra base de datos de todo los productos m\u00e1s comunes podr\u00e1s solo cambiar las cantidades y el precio seg\u00fan lo requieras\" \/>\n<meta name=\"robots\" content=\"index, follow, max-snippet:-1, max-image-preview:large, max-video-preview:-1\" \/>\n<link rel=\"canonical\" href=\"https:\/\/cctvtalca.cl\/en\/product\/punto-de-venta-pos-multicaja-caja\/\" \/>\n<meta property=\"og:locale\" content=\"en_US\" \/>\n<meta property=\"og:type\" content=\"article\" \/>\n<meta property=\"og:title\" content=\"PUNTO DE VENTA BASICO - cctvtalca\" \/>\n<meta property=\"og:description\" content=\"Control inventario, stock, ventas con efectivo o tarjetas, ventas de productos a granel (kg). Cuadratura de caja general o por cajero, maneja precio normal, precio por mayor a clientes en particular o promociones general, aviso de stock cr\u00edtico, crear pack, reportes de venta, cierre semanal, mensual, anual o periodo en particular, etc. puede controlar su negocio desde su computador o celular en cualquier parte (solo requiere internet).Es un sistema sumamente f\u00e1cil de dirigir y adem\u00e1s muy completo tanto como en inventario, ventas, administrativa, clientes, usuarios (ilimitados cajeros con diferentes claves) etc.-sistema de punto de venta que te pone al par de la competencia, SIN necesidad de requerir conocimientos en computaci\u00f3n. Puedes manejar todos los productos de tu negocio para que no tengas que recordar ni un solo precio de nuevo Ah\u00f3rrate el inventario con nuestra base de datos de todo los productos m\u00e1s comunes podr\u00e1s solo cambiar las cantidades y el precio seg\u00fan lo requieras\" \/>\n<meta property=\"og:url\" content=\"https:\/\/cctvtalca.cl\/en\/product\/punto-de-venta-pos-multicaja-caja\/\" \/>\n<meta property=\"og:site_name\" content=\"cctvtalca\" \/>\n<meta property=\"article:modified_time\" content=\"2025-07-29T03:13:06+00:00\" \/>\n<meta property=\"og:image\" content=\"https:\/\/cctvtalca.cl\/wp-content\/uploads\/2024\/05\/multi-caja-con-tiket-destrok-nuevo3.jpg\" \/>\n\t<meta property=\"og:image:width\" content=\"1200\" \/>\n\t<meta property=\"og:image:height\" content=\"1485\" \/>\n\t<meta property=\"og:image:type\" content=\"image\/jpeg\" \/>\n<meta name=\"twitter:card\" content=\"summary_large_image\" \/>\n<meta name=\"twitter:label1\" content=\"Est. reading time\" \/>\n\t<meta name=\"twitter:data1\" content=\"2 minutes\" \/>\n<script type=\"application\/ld+json\" class=\"yoast-schema-graph\">{\"@context\":\"https:\/\/schema.org\",\"@graph\":[{\"@type\":\"WebPage\",\"@id\":\"https:\/\/cctvtalca.cl\/producto\/punto-de-venta-pos-multicaja-caja\/\",\"url\":\"https:\/\/cctvtalca.cl\/producto\/punto-de-venta-pos-multicaja-caja\/\",\"name\":\"PUNTO DE VENTA BASICO - cctvtalca\",\"isPartOf\":{\"@id\":\"https:\/\/cctvtalca.cl\/#website\"},\"datePublished\":\"2022-12-19T15:41:53+00:00\",\"dateModified\":\"2025-07-29T03:13:06+00:00\",\"description\":\"Control inventario, stock, ventas con efectivo o tarjetas, ventas de productos a granel (kg). Cuadratura de caja general o por cajero, maneja precio normal, precio por mayor a clientes en particular o promociones general, aviso de stock cr\u00edtico, crear pack, reportes de venta, cierre semanal, mensual, anual o periodo en particular, etc. puede controlar su negocio desde su computador o celular en cualquier parte (solo requiere internet).Es un sistema sumamente f\u00e1cil de dirigir y adem\u00e1s muy completo tanto como en inventario, ventas, administrativa, clientes, usuarios (ilimitados cajeros con diferentes claves) etc.-sistema de punto de venta que te pone al par de la competencia, SIN necesidad de requerir conocimientos en computaci\u00f3n. Puedes manejar todos los productos de tu negocio para que no tengas que recordar ni un solo precio de nuevo Ah\u00f3rrate el inventario con nuestra base de datos de todo los productos m\u00e1s comunes podr\u00e1s solo cambiar las cantidades y el precio seg\u00fan lo requieras\",\"breadcrumb\":{\"@id\":\"https:\/\/cctvtalca.cl\/producto\/punto-de-venta-pos-multicaja-caja\/#breadcrumb\"},\"inLanguage\":\"en-US\",\"potentialAction\":[{\"@type\":\"ReadAction\",\"target\":[\"https:\/\/cctvtalca.cl\/producto\/punto-de-venta-pos-multicaja-caja\/\"]}]},{\"@type\":\"BreadcrumbList\",\"@id\":\"https:\/\/cctvtalca.cl\/producto\/punto-de-venta-pos-multicaja-caja\/#breadcrumb\",\"itemListElement\":[{\"@type\":\"ListItem\",\"position\":1,\"name\":\"Portada\",\"item\":\"https:\/\/cctvtalca.cl\/\"},{\"@type\":\"ListItem\",\"position\":2,\"name\":\"Tienda\",\"item\":\"https:\/\/cctvtalca.cl\/tienda\/\"},{\"@type\":\"ListItem\",\"position\":3,\"name\":\"PUNTO DE VENTA BASICO\"}]},{\"@type\":\"WebSite\",\"@id\":\"https:\/\/cctvtalca.cl\/#website\",\"url\":\"https:\/\/cctvtalca.cl\/\",\"name\":\"cctvtalca\",\"description\":\"c\u00e1maras de seguridad\",\"publisher\":{\"@id\":\"https:\/\/cctvtalca.cl\/#organization\"},\"potentialAction\":[{\"@type\":\"SearchAction\",\"target\":{\"@type\":\"EntryPoint\",\"urlTemplate\":\"https:\/\/cctvtalca.cl\/?s={search_term_string}\"},\"query-input\":\"required name=search_term_string\"}],\"inLanguage\":\"en-US\"},{\"@type\":\"Organization\",\"@id\":\"https:\/\/cctvtalca.cl\/#organization\",\"name\":\"cctvtalca\",\"url\":\"https:\/\/cctvtalca.cl\/\",\"logo\":{\"@type\":\"ImageObject\",\"inLanguage\":\"en-US\",\"@id\":\"https:\/\/cctvtalca.cl\/#\/schema\/logo\/image\/\",\"url\":\"https:\/\/cctvtalca.cl\/wp-content\/uploads\/2022\/05\/cropped-cropped-cropped-LOGO-CCTVTALCA.jpg\",\"contentUrl\":\"https:\/\/cctvtalca.cl\/wp-content\/uploads\/2022\/05\/cropped-cropped-cropped-LOGO-CCTVTALCA.jpg\",\"width\":511,\"height\":240,\"caption\":\"cctvtalca\"},\"image\":{\"@id\":\"https:\/\/cctvtalca.cl\/#\/schema\/logo\/image\/\"}}]}<\/script>\n<!-- \/ Yoast SEO plugin. -->","yoast_head_json":{"title":"PUNTO DE VENTA BASICO - cctvtalca","description":"Control inventario, stock, ventas con efectivo o tarjetas, ventas de productos a granel (kg). Cuadratura de caja general o por cajero, maneja precio normal, precio por mayor a clientes en particular o promociones general, aviso de stock cr\u00edtico, crear pack, reportes de venta, cierre semanal, mensual, anual o periodo en particular, etc. puede controlar su negocio desde su computador o celular en cualquier parte (solo requiere internet).Es un sistema sumamente f\u00e1cil de dirigir y adem\u00e1s muy completo tanto como en inventario, ventas, administrativa, clientes, usuarios (ilimitados cajeros con diferentes claves) etc.-sistema de punto de venta que te pone al par de la competencia, SIN necesidad de requerir conocimientos en computaci\u00f3n. Puedes manejar todos los productos de tu negocio para que no tengas que recordar ni un solo precio de nuevo Ah\u00f3rrate el inventario con nuestra base de datos de todo los productos m\u00e1s comunes podr\u00e1s solo cambiar las cantidades y el precio seg\u00fan lo requieras","robots":{"index":"index","follow":"follow","max-snippet":"max-snippet:-1","max-image-preview":"max-image-preview:large","max-video-preview":"max-video-preview:-1"},"canonical":"https:\/\/cctvtalca.cl\/en\/product\/punto-de-venta-pos-multicaja-caja\/","og_locale":"en_US","og_type":"article","og_title":"PUNTO DE VENTA BASICO - cctvtalca","og_description":"Control inventario, stock, ventas con efectivo o tarjetas, ventas de productos a granel (kg). Cuadratura de caja general o por cajero, maneja precio normal, precio por mayor a clientes en particular o promociones general, aviso de stock cr\u00edtico, crear pack, reportes de venta, cierre semanal, mensual, anual o periodo en particular, etc. puede controlar su negocio desde su computador o celular en cualquier parte (solo requiere internet).Es un sistema sumamente f\u00e1cil de dirigir y adem\u00e1s muy completo tanto como en inventario, ventas, administrativa, clientes, usuarios (ilimitados cajeros con diferentes claves) etc.-sistema de punto de venta que te pone al par de la competencia, SIN necesidad de requerir conocimientos en computaci\u00f3n. Puedes manejar todos los productos de tu negocio para que no tengas que recordar ni un solo precio de nuevo Ah\u00f3rrate el inventario con nuestra base de datos de todo los productos m\u00e1s comunes podr\u00e1s solo cambiar las cantidades y el precio seg\u00fan lo requieras","og_url":"https:\/\/cctvtalca.cl\/en\/product\/punto-de-venta-pos-multicaja-caja\/","og_site_name":"cctvtalca","article_modified_time":"2025-07-29T03:13:06+00:00","og_image":[{"width":1200,"height":1485,"url":"https:\/\/cctvtalca.cl\/wp-content\/uploads\/2024\/05\/multi-caja-con-tiket-destrok-nuevo3.jpg","type":"image\/jpeg"}],"twitter_card":"summary_large_image","twitter_misc":{"Est. reading time":"2 minutes"},"schema":{"@context":"https:\/\/schema.org","@graph":[{"@type":"WebPage","@id":"https:\/\/cctvtalca.cl\/producto\/punto-de-venta-pos-multicaja-caja\/","url":"https:\/\/cctvtalca.cl\/producto\/punto-de-venta-pos-multicaja-caja\/","name":"PUNTO DE VENTA BASICO - cctvtalca","isPartOf":{"@id":"https:\/\/cctvtalca.cl\/#website"},"datePublished":"2022-12-19T15:41:53+00:00","dateModified":"2025-07-29T03:13:06+00:00","description":"Control inventario, stock, ventas con efectivo o tarjetas, ventas de productos a granel (kg). Cuadratura de caja general o por cajero, maneja precio normal, precio por mayor a clientes en particular o promociones general, aviso de stock cr\u00edtico, crear pack, reportes de venta, cierre semanal, mensual, anual o periodo en particular, etc. puede controlar su negocio desde su computador o celular en cualquier parte (solo requiere internet).Es un sistema sumamente f\u00e1cil de dirigir y adem\u00e1s muy completo tanto como en inventario, ventas, administrativa, clientes, usuarios (ilimitados cajeros con diferentes claves) etc.-sistema de punto de venta que te pone al par de la competencia, SIN necesidad de requerir conocimientos en computaci\u00f3n. Puedes manejar todos los productos de tu negocio para que no tengas que recordar ni un solo precio de nuevo Ah\u00f3rrate el inventario con nuestra base de datos de todo los productos m\u00e1s comunes podr\u00e1s solo cambiar las cantidades y el precio seg\u00fan lo requieras","breadcrumb":{"@id":"https:\/\/cctvtalca.cl\/producto\/punto-de-venta-pos-multicaja-caja\/#breadcrumb"},"inLanguage":"en-US","potentialAction":[{"@type":"ReadAction","target":["https:\/\/cctvtalca.cl\/producto\/punto-de-venta-pos-multicaja-caja\/"]}]},{"@type":"BreadcrumbList","@id":"https:\/\/cctvtalca.cl\/producto\/punto-de-venta-pos-multicaja-caja\/#breadcrumb","itemListElement":[{"@type":"ListItem","position":1,"name":"Portada","item":"https:\/\/cctvtalca.cl\/"},{"@type":"ListItem","position":2,"name":"Tienda","item":"https:\/\/cctvtalca.cl\/tienda\/"},{"@type":"ListItem","position":3,"name":"PUNTO DE VENTA BASICO"}]},{"@type":"WebSite","@id":"https:\/\/cctvtalca.cl\/#website","url":"https:\/\/cctvtalca.cl\/","name":"cctvtalca","description":"c\u00e1maras de seguridad","publisher":{"@id":"https:\/\/cctvtalca.cl\/#organization"},"potentialAction":[{"@type":"SearchAction","target":{"@type":"EntryPoint","urlTemplate":"https:\/\/cctvtalca.cl\/?s={search_term_string}"},"query-input":"required name=search_term_string"}],"inLanguage":"en-US"},{"@type":"Organization","@id":"https:\/\/cctvtalca.cl\/#organization","name":"cctvtalca","url":"https:\/\/cctvtalca.cl\/","logo":{"@type":"ImageObject","inLanguage":"en-US","@id":"https:\/\/cctvtalca.cl\/#\/schema\/logo\/image\/","url":"https:\/\/cctvtalca.cl\/wp-content\/uploads\/2022\/05\/cropped-cropped-cropped-LOGO-CCTVTALCA.jpg","contentUrl":"https:\/\/cctvtalca.cl\/wp-content\/uploads\/2022\/05\/cropped-cropped-cropped-LOGO-CCTVTALCA.jpg","width":511,"height":240,"caption":"cctvtalca"},"image":{"@id":"https:\/\/cctvtalca.cl\/#\/schema\/logo\/image\/"}}]}},"_links":{"self":[{"href":"https:\/\/cctvtalca.cl\/en\/wp-json\/wp\/v2\/product\/342","targetHints":{"allow":["GET"]}}],"collection":[{"href":"https:\/\/cctvtalca.cl\/en\/wp-json\/wp\/v2\/product"}],"about":[{"href":"https:\/\/cctvtalca.cl\/en\/wp-json\/wp\/v2\/types\/product"}],"replies":[{"embeddable":true,"href":"https:\/\/cctvtalca.cl\/en\/wp-json\/wp\/v2\/comments?post=342"}],"wp:featuredmedia":[{"embeddable":true,"href":"https:\/\/cctvtalca.cl\/en\/wp-json\/wp\/v2\/media\/610"}],"wp:attachment":[{"href":"https:\/\/cctvtalca.cl\/en\/wp-json\/wp\/v2\/media?parent=342"}],"wp:term":[{"taxonomy":"product_brand","embeddable":true,"href":"https:\/\/cctvtalca.cl\/en\/wp-json\/wp\/v2\/product_brand?post=342"},{"taxonomy":"product_cat","embeddable":true,"href":"https:\/\/cctvtalca.cl\/en\/wp-json\/wp\/v2\/product_cat?post=342"},{"taxonomy":"product_tag","embeddable":true,"href":"https:\/\/cctvtalca.cl\/en\/wp-json\/wp\/v2\/product_tag?post=342"}],"curies":[{"name":"wp","href":"https:\/\/api.w.org\/{rel}","templated":true}]}}