{"id":478,"date":"2023-07-23T22:25:48","date_gmt":"2023-07-24T01:25:48","guid":{"rendered":"https:\/\/cctvtalca.cl\/?post_type=product&#038;p=478"},"modified":"2025-06-27T14:02:05","modified_gmt":"2025-06-27T17:02:05","slug":"punto-de-venta-multicaja-caja-2-cajas-tiket","status":"publish","type":"product","link":"https:\/\/cctvtalca.cl\/en\/product\/punto-de-venta-multicaja-caja-2-cajas-tiket\/","title":{"rendered":"Punto de venta  Multicaja  + 2 Cajas ticket+ Red de comunicaci\u00f3n + implementacion gratis"},"content":{"rendered":"<p>Incluye:<\/p>\n<p>-Software de punto de venta licencia de por vida sin cobros mensuales ultima versi\u00f3n<br \/>\n-1 Gaveta o caj\u00f3n de dinero 5Monedas 5Billetes (Apertura autom\u00e1tica) nuevo<br \/>\n-1 Lector de c\u00f3digo de barra nuevo<br \/>\n-1 Impresora t\u00e9rmica 58mm nuevo<br \/>\n-1 CPU de estado solido (estaci\u00f3n de trabajo remasterizada y modificada para un \u00f3ptimo rendimiento\u00a0 con garant\u00eda 1 a\u00f1o\u00a0 )<br \/>\n-1 Monitor 19 pulgadas HD remasterizado<br \/>\n-1 Teclado retro iluminado nuevo<br \/>\n-1 Mouse nuevo iluminado nuevo<\/p>\n<p>-manual de usuario<br \/>\n-Inducci\u00f3n mediante video y presencial<\/p>\n<p>2 Caja ticket<br \/>\nSoftware de punto de venta licencia de por vida sin cobros mensuales \u00faltima versi\u00f3n<br \/>\npunto para ticket<br \/>\n-1 Lector de c\u00f3digo de barra nuevo<br \/>\n-1 Impresora t\u00e9rmica 58mm nuevo<br \/>\n-2 CPU\u00a0 (estaci\u00f3n de trabajo remasterizada y modificada para un \u00f3ptimo rendimiento nuevo )<br \/>\n-1 Monitor 19 pulgadas<br \/>\n1 Teclado retro iluminado nuevo<br \/>\n-1 Mouse nuevo iluminado nuevo<\/p>\n<p>RED DE COMUNICACION<\/p>\n<p>router + cableado y configuraci\u00f3n de puntos de red<\/p>\n<p>Promoci\u00f3n v\u00e1lida para la ciudad de Talca fuera de ella se cobra traslado<br \/>\nFuncionando en m\u00e1s de 2000 negocios algo largo de todo Chile.<\/p>\n<p>&nbsp;<\/p>","protected":false},"excerpt":{"rendered":"<p>Punto de venta y Control inventario, stock, ventas con efectivo, tarjetas y mixto o a cr\u00e9dito , ventas de productos se puede integrar con balanza de tique t\u00e9rmico con c\u00f3digo de barra. Cuadratura de caja general o por cajero funciona por turnos para m\u00faltiples cajeros, maneja precio normal, precio por mayor a clientes en particular o promociones general, aviso de stock cr\u00edtico, crear pack, reportes de venta, cierre semanal, mensual, anual o periodo en particular entrega de gr\u00e1ficos por periodos y desglose de ventas<br \/>\nBase de datos exportable a exel f\u00e1cil de modificar y respaldar<br \/>\nEs un sistema sumamente f\u00e1cil de dirigir y adem\u00e1s muy completo tanto como en inventario, ventas, administrativa, clientes, usuarios (ilimitados cajeros con diferentes claves) etc.<br \/>\nSistema de punto de venta que te pone al par de la competencia, SIN necesidad de requerir conocimientos en computaci\u00f3n.<br \/>\nPuedes manejar todos los productos de tu negocio para que no tengas que recordar ni un solo precio de nuevo<\/p>\n<p>Instalaci\u00f3n incluida<br \/>\nSi el stock es igual o menor a 2 unidades, recomendamos llamar o comunicarse por WhatsApp<\/p>\n<p><img loading=\"lazy\" decoding=\"async\" class=\"alignnone size-full wp-image-593\" src=\"https:\/\/cctvtalca.cl\/wp-content\/uploads\/2023\/07\/multica2.jpg\" alt=\"\" width=\"177\" height=\"271\" srcset=\"https:\/\/cctvtalca.cl\/wp-content\/uploads\/2023\/07\/multica2.jpg 177w, https:\/\/cctvtalca.cl\/wp-content\/uploads\/2023\/07\/multica2-64x98.jpg 64w\" sizes=\"auto, (max-width: 177px) 100vw, 177px\" \/><\/p>","protected":false},"featured_media":858,"comment_status":"open","ping_status":"closed","template":"","meta":{"_glsr_average":0,"_glsr_ranking":0,"_glsr_reviews":0,"_joinchat":[]},"product_brand":[],"product_cat":[28],"product_tag":[],"class_list":{"0":"post-478","1":"product","2":"type-product","3":"status-publish","4":"has-post-thumbnail","6":"product_cat-pos-de-venta","8":"first","9":"instock","10":"taxable","11":"shipping-taxable","12":"purchasable","13":"product-type-simple"},"yoast_head":"<!-- This site is optimized with the Yoast SEO plugin v20.5 - https:\/\/yoast.com\/wordpress\/plugins\/seo\/ -->\n<title>Punto de venta Multicaja + 2 Cajas ticket+ Red de comunicaci\u00f3n + implementacion gratis - cctvtalca<\/title>\n<meta name=\"robots\" content=\"index, follow, max-snippet:-1, max-image-preview:large, max-video-preview:-1\" \/>\n<link rel=\"canonical\" href=\"https:\/\/cctvtalca.cl\/en\/product\/punto-de-venta-multicaja-caja-2-cajas-tiket\/\" \/>\n<meta property=\"og:locale\" content=\"en_US\" \/>\n<meta property=\"og:type\" content=\"article\" \/>\n<meta property=\"og:title\" content=\"Punto de venta Multicaja + 2 Cajas ticket+ Red de comunicaci\u00f3n + implementacion gratis - cctvtalca\" \/>\n<meta property=\"og:description\" content=\"Punto de venta y Control inventario, stock, ventas con efectivo, tarjetas y mixto o a cr\u00e9dito , ventas de productos se puede integrar con balanza de tique t\u00e9rmico con c\u00f3digo de barra. Cuadratura de caja general o por cajero funciona por turnos para m\u00faltiples cajeros, maneja precio normal, precio por mayor a clientes en particular o promociones general, aviso de stock cr\u00edtico, crear pack, reportes de venta, cierre semanal, mensual, anual o periodo en particular entrega de gr\u00e1ficos por periodos y desglose de ventas Base de datos exportable a exel f\u00e1cil de modificar y respaldar Es un sistema sumamente f\u00e1cil de dirigir y adem\u00e1s muy completo tanto como en inventario, ventas, administrativa, clientes, usuarios (ilimitados cajeros con diferentes claves) etc. Sistema de punto de venta que te pone al par de la competencia, SIN necesidad de requerir conocimientos en computaci\u00f3n. Puedes manejar todos los productos de tu negocio para que no tengas que recordar ni un solo precio de nuevo  Instalaci\u00f3n incluida Si el stock es igual o menor a 2 unidades, recomendamos llamar o comunicarse por WhatsApp\" \/>\n<meta property=\"og:url\" content=\"https:\/\/cctvtalca.cl\/en\/product\/punto-de-venta-multicaja-caja-2-cajas-tiket\/\" \/>\n<meta property=\"og:site_name\" content=\"cctvtalca\" \/>\n<meta property=\"article:modified_time\" content=\"2025-06-27T17:02:05+00:00\" \/>\n<meta property=\"og:image\" content=\"https:\/\/cctvtalca.cl\/wp-content\/uploads\/2023\/07\/promocion-sistema-multicaja-tres-modulos.jpg\" \/>\n\t<meta property=\"og:image:width\" content=\"1200\" \/>\n\t<meta property=\"og:image:height\" content=\"1485\" \/>\n\t<meta property=\"og:image:type\" content=\"image\/jpeg\" \/>\n<meta name=\"twitter:card\" content=\"summary_large_image\" \/>\n<meta name=\"twitter:label1\" content=\"Est. reading time\" \/>\n\t<meta name=\"twitter:data1\" content=\"1 minute\" \/>\n<script type=\"application\/ld+json\" class=\"yoast-schema-graph\">{\"@context\":\"https:\/\/schema.org\",\"@graph\":[{\"@type\":\"WebPage\",\"@id\":\"https:\/\/cctvtalca.cl\/producto\/punto-de-venta-multicaja-caja-2-cajas-tiket\/\",\"url\":\"https:\/\/cctvtalca.cl\/producto\/punto-de-venta-multicaja-caja-2-cajas-tiket\/\",\"name\":\"Punto de venta Multicaja + 2 Cajas ticket+ Red de comunicaci\u00f3n + implementacion gratis - cctvtalca\",\"isPartOf\":{\"@id\":\"https:\/\/cctvtalca.cl\/#website\"},\"datePublished\":\"2023-07-24T01:25:48+00:00\",\"dateModified\":\"2025-06-27T17:02:05+00:00\",\"breadcrumb\":{\"@id\":\"https:\/\/cctvtalca.cl\/producto\/punto-de-venta-multicaja-caja-2-cajas-tiket\/#breadcrumb\"},\"inLanguage\":\"en-US\",\"potentialAction\":[{\"@type\":\"ReadAction\",\"target\":[\"https:\/\/cctvtalca.cl\/producto\/punto-de-venta-multicaja-caja-2-cajas-tiket\/\"]}]},{\"@type\":\"BreadcrumbList\",\"@id\":\"https:\/\/cctvtalca.cl\/producto\/punto-de-venta-multicaja-caja-2-cajas-tiket\/#breadcrumb\",\"itemListElement\":[{\"@type\":\"ListItem\",\"position\":1,\"name\":\"Portada\",\"item\":\"https:\/\/cctvtalca.cl\/\"},{\"@type\":\"ListItem\",\"position\":2,\"name\":\"Tienda\",\"item\":\"https:\/\/cctvtalca.cl\/tienda\/\"},{\"@type\":\"ListItem\",\"position\":3,\"name\":\"Punto de venta Multicaja + 2 Cajas ticket+ Red de comunicaci\u00f3n + implementacion gratis\"}]},{\"@type\":\"WebSite\",\"@id\":\"https:\/\/cctvtalca.cl\/#website\",\"url\":\"https:\/\/cctvtalca.cl\/\",\"name\":\"cctvtalca\",\"description\":\"c\u00e1maras de seguridad\",\"publisher\":{\"@id\":\"https:\/\/cctvtalca.cl\/#organization\"},\"potentialAction\":[{\"@type\":\"SearchAction\",\"target\":{\"@type\":\"EntryPoint\",\"urlTemplate\":\"https:\/\/cctvtalca.cl\/?s={search_term_string}\"},\"query-input\":\"required name=search_term_string\"}],\"inLanguage\":\"en-US\"},{\"@type\":\"Organization\",\"@id\":\"https:\/\/cctvtalca.cl\/#organization\",\"name\":\"cctvtalca\",\"url\":\"https:\/\/cctvtalca.cl\/\",\"logo\":{\"@type\":\"ImageObject\",\"inLanguage\":\"en-US\",\"@id\":\"https:\/\/cctvtalca.cl\/#\/schema\/logo\/image\/\",\"url\":\"https:\/\/cctvtalca.cl\/wp-content\/uploads\/2022\/05\/cropped-cropped-cropped-LOGO-CCTVTALCA.jpg\",\"contentUrl\":\"https:\/\/cctvtalca.cl\/wp-content\/uploads\/2022\/05\/cropped-cropped-cropped-LOGO-CCTVTALCA.jpg\",\"width\":511,\"height\":240,\"caption\":\"cctvtalca\"},\"image\":{\"@id\":\"https:\/\/cctvtalca.cl\/#\/schema\/logo\/image\/\"}}]}<\/script>\n<!-- \/ Yoast SEO plugin. -->","yoast_head_json":{"title":"Punto de venta Multicaja + 2 Cajas ticket+ Red de comunicaci\u00f3n + implementacion gratis - cctvtalca","robots":{"index":"index","follow":"follow","max-snippet":"max-snippet:-1","max-image-preview":"max-image-preview:large","max-video-preview":"max-video-preview:-1"},"canonical":"https:\/\/cctvtalca.cl\/en\/product\/punto-de-venta-multicaja-caja-2-cajas-tiket\/","og_locale":"en_US","og_type":"article","og_title":"Punto de venta Multicaja + 2 Cajas ticket+ Red de comunicaci\u00f3n + implementacion gratis - cctvtalca","og_description":"Punto de venta y Control inventario, stock, ventas con efectivo, tarjetas y mixto o a cr\u00e9dito , ventas de productos se puede integrar con balanza de tique t\u00e9rmico con c\u00f3digo de barra. Cuadratura de caja general o por cajero funciona por turnos para m\u00faltiples cajeros, maneja precio normal, precio por mayor a clientes en particular o promociones general, aviso de stock cr\u00edtico, crear pack, reportes de venta, cierre semanal, mensual, anual o periodo en particular entrega de gr\u00e1ficos por periodos y desglose de ventas Base de datos exportable a exel f\u00e1cil de modificar y respaldar Es un sistema sumamente f\u00e1cil de dirigir y adem\u00e1s muy completo tanto como en inventario, ventas, administrativa, clientes, usuarios (ilimitados cajeros con diferentes claves) etc. Sistema de punto de venta que te pone al par de la competencia, SIN necesidad de requerir conocimientos en computaci\u00f3n. Puedes manejar todos los productos de tu negocio para que no tengas que recordar ni un solo precio de nuevo  Instalaci\u00f3n incluida Si el stock es igual o menor a 2 unidades, recomendamos llamar o comunicarse por WhatsApp","og_url":"https:\/\/cctvtalca.cl\/en\/product\/punto-de-venta-multicaja-caja-2-cajas-tiket\/","og_site_name":"cctvtalca","article_modified_time":"2025-06-27T17:02:05+00:00","og_image":[{"width":1200,"height":1485,"url":"https:\/\/cctvtalca.cl\/wp-content\/uploads\/2023\/07\/promocion-sistema-multicaja-tres-modulos.jpg","type":"image\/jpeg"}],"twitter_card":"summary_large_image","twitter_misc":{"Est. reading time":"1 minute"},"schema":{"@context":"https:\/\/schema.org","@graph":[{"@type":"WebPage","@id":"https:\/\/cctvtalca.cl\/producto\/punto-de-venta-multicaja-caja-2-cajas-tiket\/","url":"https:\/\/cctvtalca.cl\/producto\/punto-de-venta-multicaja-caja-2-cajas-tiket\/","name":"Punto de venta Multicaja + 2 Cajas ticket+ Red de comunicaci\u00f3n + implementacion gratis - cctvtalca","isPartOf":{"@id":"https:\/\/cctvtalca.cl\/#website"},"datePublished":"2023-07-24T01:25:48+00:00","dateModified":"2025-06-27T17:02:05+00:00","breadcrumb":{"@id":"https:\/\/cctvtalca.cl\/producto\/punto-de-venta-multicaja-caja-2-cajas-tiket\/#breadcrumb"},"inLanguage":"en-US","potentialAction":[{"@type":"ReadAction","target":["https:\/\/cctvtalca.cl\/producto\/punto-de-venta-multicaja-caja-2-cajas-tiket\/"]}]},{"@type":"BreadcrumbList","@id":"https:\/\/cctvtalca.cl\/producto\/punto-de-venta-multicaja-caja-2-cajas-tiket\/#breadcrumb","itemListElement":[{"@type":"ListItem","position":1,"name":"Portada","item":"https:\/\/cctvtalca.cl\/"},{"@type":"ListItem","position":2,"name":"Tienda","item":"https:\/\/cctvtalca.cl\/tienda\/"},{"@type":"ListItem","position":3,"name":"Punto de venta Multicaja + 2 Cajas ticket+ Red de comunicaci\u00f3n + implementacion gratis"}]},{"@type":"WebSite","@id":"https:\/\/cctvtalca.cl\/#website","url":"https:\/\/cctvtalca.cl\/","name":"cctvtalca","description":"c\u00e1maras de seguridad","publisher":{"@id":"https:\/\/cctvtalca.cl\/#organization"},"potentialAction":[{"@type":"SearchAction","target":{"@type":"EntryPoint","urlTemplate":"https:\/\/cctvtalca.cl\/?s={search_term_string}"},"query-input":"required name=search_term_string"}],"inLanguage":"en-US"},{"@type":"Organization","@id":"https:\/\/cctvtalca.cl\/#organization","name":"cctvtalca","url":"https:\/\/cctvtalca.cl\/","logo":{"@type":"ImageObject","inLanguage":"en-US","@id":"https:\/\/cctvtalca.cl\/#\/schema\/logo\/image\/","url":"https:\/\/cctvtalca.cl\/wp-content\/uploads\/2022\/05\/cropped-cropped-cropped-LOGO-CCTVTALCA.jpg","contentUrl":"https:\/\/cctvtalca.cl\/wp-content\/uploads\/2022\/05\/cropped-cropped-cropped-LOGO-CCTVTALCA.jpg","width":511,"height":240,"caption":"cctvtalca"},"image":{"@id":"https:\/\/cctvtalca.cl\/#\/schema\/logo\/image\/"}}]}},"_links":{"self":[{"href":"https:\/\/cctvtalca.cl\/en\/wp-json\/wp\/v2\/product\/478","targetHints":{"allow":["GET"]}}],"collection":[{"href":"https:\/\/cctvtalca.cl\/en\/wp-json\/wp\/v2\/product"}],"about":[{"href":"https:\/\/cctvtalca.cl\/en\/wp-json\/wp\/v2\/types\/product"}],"replies":[{"embeddable":true,"href":"https:\/\/cctvtalca.cl\/en\/wp-json\/wp\/v2\/comments?post=478"}],"wp:featuredmedia":[{"embeddable":true,"href":"https:\/\/cctvtalca.cl\/en\/wp-json\/wp\/v2\/media\/858"}],"wp:attachment":[{"href":"https:\/\/cctvtalca.cl\/en\/wp-json\/wp\/v2\/media?parent=478"}],"wp:term":[{"taxonomy":"product_brand","embeddable":true,"href":"https:\/\/cctvtalca.cl\/en\/wp-json\/wp\/v2\/product_brand?post=478"},{"taxonomy":"product_cat","embeddable":true,"href":"https:\/\/cctvtalca.cl\/en\/wp-json\/wp\/v2\/product_cat?post=478"},{"taxonomy":"product_tag","embeddable":true,"href":"https:\/\/cctvtalca.cl\/en\/wp-json\/wp\/v2\/product_tag?post=478"}],"curies":[{"name":"wp","href":"https:\/\/api.w.org\/{rel}","templated":true}]}}