{"id":630,"date":"2024-07-05T13:50:13","date_gmt":"2024-07-05T16:50:13","guid":{"rendered":"https:\/\/cctvtalca.cl\/?post_type=product&#038;p=630"},"modified":"2025-11-21T18:20:37","modified_gmt":"2025-11-21T21:20:37","slug":"16-camaras-plastico-metal-2mp-audio-full-hd-25m","status":"publish","type":"product","link":"https:\/\/cctvtalca.cl\/en\/product\/16-camaras-plastico-metal-2mp-audio-full-hd-25m\/","title":{"rendered":"16 c\u00e1maras Pl\u00e1stico\/Metal 2MP + Audio FULL HD 25m"},"content":{"rendered":"<p>1x XVR 16CH 8MP  Hybrid Video Recorder<\/p>\n<p>8x Camara bala pl\u00e1stica IP66 2MP + audio <\/p>\n<p>8x Camara domo pl\u00e1stica IP65 2MP + audio <\/p>\n<p>16x Cable video poder 20M para cada c\u00e1mara<\/p>\n<p>2x Fuente de poder 5A + Splitter 8X1 para las c\u00e1maras<\/p>\n<p>Este kit no incluye Disco duro para grabar, se vende aparte.<br \/>\nEste kit no incluye instalaci\u00f3n <\/p>\n<p><img loading=\"lazy\" decoding=\"async\" src=\"https:\/\/cctvtalca.cl\/wp-content\/uploads\/2023\/07\/whasp-cctvtalca.jpg\" alt=\"\" width=\"201\" height=\"191\" class=\"alignnone size-full wp-image-603\" srcset=\"https:\/\/cctvtalca.cl\/wp-content\/uploads\/2023\/07\/whasp-cctvtalca.jpg 201w, https:\/\/cctvtalca.cl\/wp-content\/uploads\/2023\/07\/whasp-cctvtalca-64x61.jpg 64w\" sizes=\"auto, (max-width: 201px) 100vw, 201px\" \/><\/p>\n<p>Si eres de regi\u00f3n, despacharemos tu pedido a la empresa de transportes que m\u00e1s te acomode, dejando en claro, que al valor del env\u00edo correr\u00e1 por tu cuenta, cabe se\u00f1alar, que cualquier problema que tenga tu encomienda se har\u00e1 responsable la empresa que tu elegiste para el trayecto, debes dejar en claro el destino de tu encomienda, es decir, si lo quieres a domicilio u oficina, para que no tengas ning\u00fan problema al recibirlo<\/p>","protected":false},"excerpt":{"rendered":"<p>Video vigilancia remota 16 c\u00e1maras FULL  HD 2 mg  + 16 cables 20mt +  2 fuente de poder (app libre) Grabaci\u00f3n 24\/7 visi\u00f3n nocturna , Sobre Escritura disco autom\u00e1tica \u201csistema inteligente de vigilancia remota <\/p>","protected":false},"featured_media":631,"comment_status":"open","ping_status":"closed","template":"","meta":{"_glsr_average":0,"_glsr_ranking":0,"_glsr_reviews":0,"_joinchat":[]},"product_brand":[],"product_cat":[20],"product_tag":[],"class_list":{"0":"post-630","1":"product","2":"type-product","3":"status-publish","4":"has-post-thumbnail","6":"product_cat-kit-de-camaras","8":"first","9":"outofstock","10":"taxable","11":"shipping-taxable","12":"purchasable","13":"product-type-simple"},"yoast_head":"<!-- This site is optimized with the Yoast SEO plugin v20.5 - https:\/\/yoast.com\/wordpress\/plugins\/seo\/ -->\n<title>16 c\u00e1maras Pl\u00e1stico\/Metal 2MP + Audio FULL HD 25m - cctvtalca<\/title>\n<meta name=\"robots\" content=\"index, follow, max-snippet:-1, max-image-preview:large, max-video-preview:-1\" \/>\n<link rel=\"canonical\" href=\"https:\/\/cctvtalca.cl\/en\/product\/16-camaras-plastico-metal-2mp-audio-full-hd-25m\/\" \/>\n<meta property=\"og:locale\" content=\"en_US\" \/>\n<meta property=\"og:type\" content=\"article\" \/>\n<meta property=\"og:title\" content=\"16 c\u00e1maras Pl\u00e1stico\/Metal 2MP + Audio FULL HD 25m - cctvtalca\" \/>\n<meta property=\"og:description\" content=\"Video vigilancia remota 16 c\u00e1maras FULL HD 2 mg + 16 cables 20mt + 2 fuente de poder (app libre) Grabaci\u00f3n 24\/7 visi\u00f3n nocturna , Sobre Escritura disco autom\u00e1tica \u201csistema inteligente de vigilancia remota\" \/>\n<meta property=\"og:url\" content=\"https:\/\/cctvtalca.cl\/en\/product\/16-camaras-plastico-metal-2mp-audio-full-hd-25m\/\" \/>\n<meta property=\"og:site_name\" content=\"cctvtalca\" \/>\n<meta property=\"article:modified_time\" content=\"2025-11-21T21:20:37+00:00\" \/>\n<meta property=\"og:image\" content=\"https:\/\/cctvtalca.cl\/wp-content\/uploads\/2024\/07\/16-camaras-sin-instalacion-2-mega-pixeles.jpg\" \/>\n\t<meta property=\"og:image:width\" content=\"600\" \/>\n\t<meta property=\"og:image:height\" content=\"600\" \/>\n\t<meta property=\"og:image:type\" content=\"image\/jpeg\" \/>\n<meta name=\"twitter:card\" content=\"summary_large_image\" \/>\n<meta name=\"twitter:label1\" content=\"Est. reading time\" \/>\n\t<meta name=\"twitter:data1\" content=\"1 minute\" \/>\n<script type=\"application\/ld+json\" class=\"yoast-schema-graph\">{\"@context\":\"https:\/\/schema.org\",\"@graph\":[{\"@type\":\"WebPage\",\"@id\":\"https:\/\/cctvtalca.cl\/producto\/16-camaras-plastico-metal-2mp-audio-full-hd-25m\/\",\"url\":\"https:\/\/cctvtalca.cl\/producto\/16-camaras-plastico-metal-2mp-audio-full-hd-25m\/\",\"name\":\"16 c\u00e1maras Pl\u00e1stico\/Metal 2MP + Audio FULL HD 25m - cctvtalca\",\"isPartOf\":{\"@id\":\"https:\/\/cctvtalca.cl\/#website\"},\"datePublished\":\"2024-07-05T16:50:13+00:00\",\"dateModified\":\"2025-11-21T21:20:37+00:00\",\"breadcrumb\":{\"@id\":\"https:\/\/cctvtalca.cl\/producto\/16-camaras-plastico-metal-2mp-audio-full-hd-25m\/#breadcrumb\"},\"inLanguage\":\"en-US\",\"potentialAction\":[{\"@type\":\"ReadAction\",\"target\":[\"https:\/\/cctvtalca.cl\/producto\/16-camaras-plastico-metal-2mp-audio-full-hd-25m\/\"]}]},{\"@type\":\"BreadcrumbList\",\"@id\":\"https:\/\/cctvtalca.cl\/producto\/16-camaras-plastico-metal-2mp-audio-full-hd-25m\/#breadcrumb\",\"itemListElement\":[{\"@type\":\"ListItem\",\"position\":1,\"name\":\"Portada\",\"item\":\"https:\/\/cctvtalca.cl\/\"},{\"@type\":\"ListItem\",\"position\":2,\"name\":\"Tienda\",\"item\":\"https:\/\/cctvtalca.cl\/tienda\/\"},{\"@type\":\"ListItem\",\"position\":3,\"name\":\"16 c\u00e1maras Pl\u00e1stico\/Metal 2MP + Audio FULL HD 25m\"}]},{\"@type\":\"WebSite\",\"@id\":\"https:\/\/cctvtalca.cl\/#website\",\"url\":\"https:\/\/cctvtalca.cl\/\",\"name\":\"cctvtalca\",\"description\":\"c\u00e1maras de seguridad\",\"publisher\":{\"@id\":\"https:\/\/cctvtalca.cl\/#organization\"},\"potentialAction\":[{\"@type\":\"SearchAction\",\"target\":{\"@type\":\"EntryPoint\",\"urlTemplate\":\"https:\/\/cctvtalca.cl\/?s={search_term_string}\"},\"query-input\":\"required name=search_term_string\"}],\"inLanguage\":\"en-US\"},{\"@type\":\"Organization\",\"@id\":\"https:\/\/cctvtalca.cl\/#organization\",\"name\":\"cctvtalca\",\"url\":\"https:\/\/cctvtalca.cl\/\",\"logo\":{\"@type\":\"ImageObject\",\"inLanguage\":\"en-US\",\"@id\":\"https:\/\/cctvtalca.cl\/#\/schema\/logo\/image\/\",\"url\":\"https:\/\/cctvtalca.cl\/wp-content\/uploads\/2022\/05\/cropped-cropped-cropped-LOGO-CCTVTALCA.jpg\",\"contentUrl\":\"https:\/\/cctvtalca.cl\/wp-content\/uploads\/2022\/05\/cropped-cropped-cropped-LOGO-CCTVTALCA.jpg\",\"width\":511,\"height\":240,\"caption\":\"cctvtalca\"},\"image\":{\"@id\":\"https:\/\/cctvtalca.cl\/#\/schema\/logo\/image\/\"}}]}<\/script>\n<!-- \/ Yoast SEO plugin. -->","yoast_head_json":{"title":"16 c\u00e1maras Pl\u00e1stico\/Metal 2MP + Audio FULL HD 25m - cctvtalca","robots":{"index":"index","follow":"follow","max-snippet":"max-snippet:-1","max-image-preview":"max-image-preview:large","max-video-preview":"max-video-preview:-1"},"canonical":"https:\/\/cctvtalca.cl\/en\/product\/16-camaras-plastico-metal-2mp-audio-full-hd-25m\/","og_locale":"en_US","og_type":"article","og_title":"16 c\u00e1maras Pl\u00e1stico\/Metal 2MP + Audio FULL HD 25m - cctvtalca","og_description":"Video vigilancia remota 16 c\u00e1maras FULL HD 2 mg + 16 cables 20mt + 2 fuente de poder (app libre) Grabaci\u00f3n 24\/7 visi\u00f3n nocturna , Sobre Escritura disco autom\u00e1tica \u201csistema inteligente de vigilancia remota","og_url":"https:\/\/cctvtalca.cl\/en\/product\/16-camaras-plastico-metal-2mp-audio-full-hd-25m\/","og_site_name":"cctvtalca","article_modified_time":"2025-11-21T21:20:37+00:00","og_image":[{"width":600,"height":600,"url":"https:\/\/cctvtalca.cl\/wp-content\/uploads\/2024\/07\/16-camaras-sin-instalacion-2-mega-pixeles.jpg","type":"image\/jpeg"}],"twitter_card":"summary_large_image","twitter_misc":{"Est. reading time":"1 minute"},"schema":{"@context":"https:\/\/schema.org","@graph":[{"@type":"WebPage","@id":"https:\/\/cctvtalca.cl\/producto\/16-camaras-plastico-metal-2mp-audio-full-hd-25m\/","url":"https:\/\/cctvtalca.cl\/producto\/16-camaras-plastico-metal-2mp-audio-full-hd-25m\/","name":"16 c\u00e1maras Pl\u00e1stico\/Metal 2MP + Audio FULL HD 25m - cctvtalca","isPartOf":{"@id":"https:\/\/cctvtalca.cl\/#website"},"datePublished":"2024-07-05T16:50:13+00:00","dateModified":"2025-11-21T21:20:37+00:00","breadcrumb":{"@id":"https:\/\/cctvtalca.cl\/producto\/16-camaras-plastico-metal-2mp-audio-full-hd-25m\/#breadcrumb"},"inLanguage":"en-US","potentialAction":[{"@type":"ReadAction","target":["https:\/\/cctvtalca.cl\/producto\/16-camaras-plastico-metal-2mp-audio-full-hd-25m\/"]}]},{"@type":"BreadcrumbList","@id":"https:\/\/cctvtalca.cl\/producto\/16-camaras-plastico-metal-2mp-audio-full-hd-25m\/#breadcrumb","itemListElement":[{"@type":"ListItem","position":1,"name":"Portada","item":"https:\/\/cctvtalca.cl\/"},{"@type":"ListItem","position":2,"name":"Tienda","item":"https:\/\/cctvtalca.cl\/tienda\/"},{"@type":"ListItem","position":3,"name":"16 c\u00e1maras Pl\u00e1stico\/Metal 2MP + Audio FULL HD 25m"}]},{"@type":"WebSite","@id":"https:\/\/cctvtalca.cl\/#website","url":"https:\/\/cctvtalca.cl\/","name":"cctvtalca","description":"c\u00e1maras de seguridad","publisher":{"@id":"https:\/\/cctvtalca.cl\/#organization"},"potentialAction":[{"@type":"SearchAction","target":{"@type":"EntryPoint","urlTemplate":"https:\/\/cctvtalca.cl\/?s={search_term_string}"},"query-input":"required name=search_term_string"}],"inLanguage":"en-US"},{"@type":"Organization","@id":"https:\/\/cctvtalca.cl\/#organization","name":"cctvtalca","url":"https:\/\/cctvtalca.cl\/","logo":{"@type":"ImageObject","inLanguage":"en-US","@id":"https:\/\/cctvtalca.cl\/#\/schema\/logo\/image\/","url":"https:\/\/cctvtalca.cl\/wp-content\/uploads\/2022\/05\/cropped-cropped-cropped-LOGO-CCTVTALCA.jpg","contentUrl":"https:\/\/cctvtalca.cl\/wp-content\/uploads\/2022\/05\/cropped-cropped-cropped-LOGO-CCTVTALCA.jpg","width":511,"height":240,"caption":"cctvtalca"},"image":{"@id":"https:\/\/cctvtalca.cl\/#\/schema\/logo\/image\/"}}]}},"_links":{"self":[{"href":"https:\/\/cctvtalca.cl\/en\/wp-json\/wp\/v2\/product\/630","targetHints":{"allow":["GET"]}}],"collection":[{"href":"https:\/\/cctvtalca.cl\/en\/wp-json\/wp\/v2\/product"}],"about":[{"href":"https:\/\/cctvtalca.cl\/en\/wp-json\/wp\/v2\/types\/product"}],"replies":[{"embeddable":true,"href":"https:\/\/cctvtalca.cl\/en\/wp-json\/wp\/v2\/comments?post=630"}],"wp:featuredmedia":[{"embeddable":true,"href":"https:\/\/cctvtalca.cl\/en\/wp-json\/wp\/v2\/media\/631"}],"wp:attachment":[{"href":"https:\/\/cctvtalca.cl\/en\/wp-json\/wp\/v2\/media?parent=630"}],"wp:term":[{"taxonomy":"product_brand","embeddable":true,"href":"https:\/\/cctvtalca.cl\/en\/wp-json\/wp\/v2\/product_brand?post=630"},{"taxonomy":"product_cat","embeddable":true,"href":"https:\/\/cctvtalca.cl\/en\/wp-json\/wp\/v2\/product_cat?post=630"},{"taxonomy":"product_tag","embeddable":true,"href":"https:\/\/cctvtalca.cl\/en\/wp-json\/wp\/v2\/product_tag?post=630"}],"curies":[{"name":"wp","href":"https:\/\/api.w.org\/{rel}","templated":true}]}}