{"id":632,"date":"2024-07-05T14:04:48","date_gmt":"2024-07-05T17:04:48","guid":{"rendered":"https:\/\/cctvtalca.cl\/?post_type=product&#038;p=632"},"modified":"2025-11-21T18:20:24","modified_gmt":"2025-11-21T21:20:24","slug":"16-camaras-plastico-metal-5mp-audio-ultra-hd-2k","status":"publish","type":"product","link":"https:\/\/cctvtalca.cl\/en\/product\/16-camaras-plastico-metal-5mp-audio-ultra-hd-2k\/","title":{"rendered":"16 c\u00e1maras Pl\u00e1stico\/Metal 5MP + Audio ULTRA HD  2K"},"content":{"rendered":"<p>1x XVR 16CH 8MP 4K Hybrid Video Recorder<\/p>\n<p>8x Camara bala pl\u00e1stica 2K 5MP + audio <\/p>\n<p>8x Camara domo pl\u00e1stica 2K 5MP + audio <\/p>\n<p>Este kit no incluye Disco duro para grabar, se vende aparte.<br \/>\nEste kit no incluye instalaci\u00f3n <\/p>\n<p>Si eres de regi\u00f3n, despacharemos tu pedido a la empresa de transportes que m\u00e1s te acomode, dejando en claro, que al valor del env\u00edo correr\u00e1 por tu cuenta, cabe se\u00f1alar, que cualquier problema que tenga tu encomienda se har\u00e1 responsable la empresa que tu elegiste para el trayecto, debes dejar en claro el destino de tu encomienda, es decir, si lo quieres a domicilio u oficina, para que no tengas ning\u00fan problema al recibirlo<\/p>\n<p><img loading=\"lazy\" decoding=\"async\" src=\"https:\/\/cctvtalca.cl\/wp-content\/uploads\/2023\/07\/whasp-cctvtalca.jpg\" alt=\"\" width=\"201\" height=\"191\" class=\"alignnone size-full wp-image-603\" srcset=\"https:\/\/cctvtalca.cl\/wp-content\/uploads\/2023\/07\/whasp-cctvtalca.jpg 201w, https:\/\/cctvtalca.cl\/wp-content\/uploads\/2023\/07\/whasp-cctvtalca-64x61.jpg 64w\" sizes=\"auto, (max-width: 201px) 100vw, 201px\" \/><\/p>","protected":false},"excerpt":{"rendered":"<p>Video vigilancia remota 16 c\u00e1maras ULTRA HD 5 mg 2K  + fuente de poder (app libre) Grabaci\u00f3n 24\/7 visi\u00f3n nocturna a Color Full Color , Sobre Escritura disco autom\u00e1tica \u201csistema inteligente de vigilancia remota.<\/p>","protected":false},"featured_media":633,"comment_status":"open","ping_status":"closed","template":"","meta":{"_glsr_average":0,"_glsr_ranking":0,"_glsr_reviews":0,"_joinchat":[]},"product_brand":[],"product_cat":[20],"product_tag":[],"class_list":{"0":"post-632","1":"product","2":"type-product","3":"status-publish","4":"has-post-thumbnail","6":"product_cat-kit-de-camaras","8":"first","9":"outofstock","10":"taxable","11":"shipping-taxable","12":"purchasable","13":"product-type-simple"},"yoast_head":"<!-- This site is optimized with the Yoast SEO plugin v20.5 - https:\/\/yoast.com\/wordpress\/plugins\/seo\/ -->\n<title>16 c\u00e1maras Pl\u00e1stico\/Metal 5MP + Audio ULTRA HD 2K - cctvtalca<\/title>\n<meta name=\"robots\" content=\"index, follow, max-snippet:-1, max-image-preview:large, max-video-preview:-1\" \/>\n<link rel=\"canonical\" href=\"https:\/\/cctvtalca.cl\/en\/product\/16-camaras-plastico-metal-5mp-audio-ultra-hd-2k\/\" \/>\n<meta property=\"og:locale\" content=\"en_US\" \/>\n<meta property=\"og:type\" content=\"article\" \/>\n<meta property=\"og:title\" content=\"16 c\u00e1maras Pl\u00e1stico\/Metal 5MP + Audio ULTRA HD 2K - cctvtalca\" \/>\n<meta property=\"og:description\" content=\"Video vigilancia remota 16 c\u00e1maras ULTRA HD 5 mg 2K + fuente de poder (app libre) Grabaci\u00f3n 24\/7 visi\u00f3n nocturna a Color Full Color , Sobre Escritura disco autom\u00e1tica \u201csistema inteligente de vigilancia remota.\" \/>\n<meta property=\"og:url\" content=\"https:\/\/cctvtalca.cl\/en\/product\/16-camaras-plastico-metal-5mp-audio-ultra-hd-2k\/\" \/>\n<meta property=\"og:site_name\" content=\"cctvtalca\" \/>\n<meta property=\"article:modified_time\" content=\"2025-11-21T21:20:24+00:00\" \/>\n<meta property=\"og:image\" content=\"https:\/\/cctvtalca.cl\/wp-content\/uploads\/2024\/07\/16-camaras-sin-instalacion-5-mega-pixeles.jpg\" \/>\n\t<meta property=\"og:image:width\" content=\"600\" \/>\n\t<meta property=\"og:image:height\" content=\"600\" \/>\n\t<meta property=\"og:image:type\" content=\"image\/jpeg\" \/>\n<meta name=\"twitter:card\" content=\"summary_large_image\" \/>\n<meta name=\"twitter:label1\" content=\"Est. reading time\" \/>\n\t<meta name=\"twitter:data1\" content=\"1 minute\" \/>\n<script type=\"application\/ld+json\" class=\"yoast-schema-graph\">{\"@context\":\"https:\/\/schema.org\",\"@graph\":[{\"@type\":\"WebPage\",\"@id\":\"https:\/\/cctvtalca.cl\/producto\/16-camaras-plastico-metal-5mp-audio-ultra-hd-2k\/\",\"url\":\"https:\/\/cctvtalca.cl\/producto\/16-camaras-plastico-metal-5mp-audio-ultra-hd-2k\/\",\"name\":\"16 c\u00e1maras Pl\u00e1stico\/Metal 5MP + Audio ULTRA HD 2K - cctvtalca\",\"isPartOf\":{\"@id\":\"https:\/\/cctvtalca.cl\/#website\"},\"datePublished\":\"2024-07-05T17:04:48+00:00\",\"dateModified\":\"2025-11-21T21:20:24+00:00\",\"breadcrumb\":{\"@id\":\"https:\/\/cctvtalca.cl\/producto\/16-camaras-plastico-metal-5mp-audio-ultra-hd-2k\/#breadcrumb\"},\"inLanguage\":\"en-US\",\"potentialAction\":[{\"@type\":\"ReadAction\",\"target\":[\"https:\/\/cctvtalca.cl\/producto\/16-camaras-plastico-metal-5mp-audio-ultra-hd-2k\/\"]}]},{\"@type\":\"BreadcrumbList\",\"@id\":\"https:\/\/cctvtalca.cl\/producto\/16-camaras-plastico-metal-5mp-audio-ultra-hd-2k\/#breadcrumb\",\"itemListElement\":[{\"@type\":\"ListItem\",\"position\":1,\"name\":\"Portada\",\"item\":\"https:\/\/cctvtalca.cl\/\"},{\"@type\":\"ListItem\",\"position\":2,\"name\":\"Tienda\",\"item\":\"https:\/\/cctvtalca.cl\/tienda\/\"},{\"@type\":\"ListItem\",\"position\":3,\"name\":\"16 c\u00e1maras Pl\u00e1stico\/Metal 5MP + Audio ULTRA HD 2K\"}]},{\"@type\":\"WebSite\",\"@id\":\"https:\/\/cctvtalca.cl\/#website\",\"url\":\"https:\/\/cctvtalca.cl\/\",\"name\":\"cctvtalca\",\"description\":\"c\u00e1maras de seguridad\",\"publisher\":{\"@id\":\"https:\/\/cctvtalca.cl\/#organization\"},\"potentialAction\":[{\"@type\":\"SearchAction\",\"target\":{\"@type\":\"EntryPoint\",\"urlTemplate\":\"https:\/\/cctvtalca.cl\/?s={search_term_string}\"},\"query-input\":\"required name=search_term_string\"}],\"inLanguage\":\"en-US\"},{\"@type\":\"Organization\",\"@id\":\"https:\/\/cctvtalca.cl\/#organization\",\"name\":\"cctvtalca\",\"url\":\"https:\/\/cctvtalca.cl\/\",\"logo\":{\"@type\":\"ImageObject\",\"inLanguage\":\"en-US\",\"@id\":\"https:\/\/cctvtalca.cl\/#\/schema\/logo\/image\/\",\"url\":\"https:\/\/cctvtalca.cl\/wp-content\/uploads\/2022\/05\/cropped-cropped-cropped-LOGO-CCTVTALCA.jpg\",\"contentUrl\":\"https:\/\/cctvtalca.cl\/wp-content\/uploads\/2022\/05\/cropped-cropped-cropped-LOGO-CCTVTALCA.jpg\",\"width\":511,\"height\":240,\"caption\":\"cctvtalca\"},\"image\":{\"@id\":\"https:\/\/cctvtalca.cl\/#\/schema\/logo\/image\/\"}}]}<\/script>\n<!-- \/ Yoast SEO plugin. -->","yoast_head_json":{"title":"16 c\u00e1maras Pl\u00e1stico\/Metal 5MP + Audio ULTRA HD 2K - cctvtalca","robots":{"index":"index","follow":"follow","max-snippet":"max-snippet:-1","max-image-preview":"max-image-preview:large","max-video-preview":"max-video-preview:-1"},"canonical":"https:\/\/cctvtalca.cl\/en\/product\/16-camaras-plastico-metal-5mp-audio-ultra-hd-2k\/","og_locale":"en_US","og_type":"article","og_title":"16 c\u00e1maras Pl\u00e1stico\/Metal 5MP + Audio ULTRA HD 2K - cctvtalca","og_description":"Video vigilancia remota 16 c\u00e1maras ULTRA HD 5 mg 2K + fuente de poder (app libre) Grabaci\u00f3n 24\/7 visi\u00f3n nocturna a Color Full Color , Sobre Escritura disco autom\u00e1tica \u201csistema inteligente de vigilancia remota.","og_url":"https:\/\/cctvtalca.cl\/en\/product\/16-camaras-plastico-metal-5mp-audio-ultra-hd-2k\/","og_site_name":"cctvtalca","article_modified_time":"2025-11-21T21:20:24+00:00","og_image":[{"width":600,"height":600,"url":"https:\/\/cctvtalca.cl\/wp-content\/uploads\/2024\/07\/16-camaras-sin-instalacion-5-mega-pixeles.jpg","type":"image\/jpeg"}],"twitter_card":"summary_large_image","twitter_misc":{"Est. reading time":"1 minute"},"schema":{"@context":"https:\/\/schema.org","@graph":[{"@type":"WebPage","@id":"https:\/\/cctvtalca.cl\/producto\/16-camaras-plastico-metal-5mp-audio-ultra-hd-2k\/","url":"https:\/\/cctvtalca.cl\/producto\/16-camaras-plastico-metal-5mp-audio-ultra-hd-2k\/","name":"16 c\u00e1maras Pl\u00e1stico\/Metal 5MP + Audio ULTRA HD 2K - cctvtalca","isPartOf":{"@id":"https:\/\/cctvtalca.cl\/#website"},"datePublished":"2024-07-05T17:04:48+00:00","dateModified":"2025-11-21T21:20:24+00:00","breadcrumb":{"@id":"https:\/\/cctvtalca.cl\/producto\/16-camaras-plastico-metal-5mp-audio-ultra-hd-2k\/#breadcrumb"},"inLanguage":"en-US","potentialAction":[{"@type":"ReadAction","target":["https:\/\/cctvtalca.cl\/producto\/16-camaras-plastico-metal-5mp-audio-ultra-hd-2k\/"]}]},{"@type":"BreadcrumbList","@id":"https:\/\/cctvtalca.cl\/producto\/16-camaras-plastico-metal-5mp-audio-ultra-hd-2k\/#breadcrumb","itemListElement":[{"@type":"ListItem","position":1,"name":"Portada","item":"https:\/\/cctvtalca.cl\/"},{"@type":"ListItem","position":2,"name":"Tienda","item":"https:\/\/cctvtalca.cl\/tienda\/"},{"@type":"ListItem","position":3,"name":"16 c\u00e1maras Pl\u00e1stico\/Metal 5MP + Audio ULTRA HD 2K"}]},{"@type":"WebSite","@id":"https:\/\/cctvtalca.cl\/#website","url":"https:\/\/cctvtalca.cl\/","name":"cctvtalca","description":"c\u00e1maras de seguridad","publisher":{"@id":"https:\/\/cctvtalca.cl\/#organization"},"potentialAction":[{"@type":"SearchAction","target":{"@type":"EntryPoint","urlTemplate":"https:\/\/cctvtalca.cl\/?s={search_term_string}"},"query-input":"required name=search_term_string"}],"inLanguage":"en-US"},{"@type":"Organization","@id":"https:\/\/cctvtalca.cl\/#organization","name":"cctvtalca","url":"https:\/\/cctvtalca.cl\/","logo":{"@type":"ImageObject","inLanguage":"en-US","@id":"https:\/\/cctvtalca.cl\/#\/schema\/logo\/image\/","url":"https:\/\/cctvtalca.cl\/wp-content\/uploads\/2022\/05\/cropped-cropped-cropped-LOGO-CCTVTALCA.jpg","contentUrl":"https:\/\/cctvtalca.cl\/wp-content\/uploads\/2022\/05\/cropped-cropped-cropped-LOGO-CCTVTALCA.jpg","width":511,"height":240,"caption":"cctvtalca"},"image":{"@id":"https:\/\/cctvtalca.cl\/#\/schema\/logo\/image\/"}}]}},"_links":{"self":[{"href":"https:\/\/cctvtalca.cl\/en\/wp-json\/wp\/v2\/product\/632","targetHints":{"allow":["GET"]}}],"collection":[{"href":"https:\/\/cctvtalca.cl\/en\/wp-json\/wp\/v2\/product"}],"about":[{"href":"https:\/\/cctvtalca.cl\/en\/wp-json\/wp\/v2\/types\/product"}],"replies":[{"embeddable":true,"href":"https:\/\/cctvtalca.cl\/en\/wp-json\/wp\/v2\/comments?post=632"}],"wp:featuredmedia":[{"embeddable":true,"href":"https:\/\/cctvtalca.cl\/en\/wp-json\/wp\/v2\/media\/633"}],"wp:attachment":[{"href":"https:\/\/cctvtalca.cl\/en\/wp-json\/wp\/v2\/media?parent=632"}],"wp:term":[{"taxonomy":"product_brand","embeddable":true,"href":"https:\/\/cctvtalca.cl\/en\/wp-json\/wp\/v2\/product_brand?post=632"},{"taxonomy":"product_cat","embeddable":true,"href":"https:\/\/cctvtalca.cl\/en\/wp-json\/wp\/v2\/product_cat?post=632"},{"taxonomy":"product_tag","embeddable":true,"href":"https:\/\/cctvtalca.cl\/en\/wp-json\/wp\/v2\/product_tag?post=632"}],"curies":[{"name":"wp","href":"https:\/\/api.w.org\/{rel}","templated":true}]}}