{"id":634,"date":"2024-07-06T02:48:48","date_gmt":"2024-07-06T05:48:48","guid":{"rendered":"https:\/\/cctvtalca.cl\/?post_type=product&#038;p=634"},"modified":"2025-08-04T00:15:36","modified_gmt":"2025-08-04T03:15:36","slug":"xvr-16ch-8mp-soporta-aoc-alarma-16tb","status":"publish","type":"product","link":"https:\/\/cctvtalca.cl\/en\/product\/xvr-16ch-8mp-soporta-aoc-alarma-16tb\/","title":{"rendered":"XVR 16CH 8MP Soporta AOC \/ alarma \/ 16TB"},"content":{"rendered":"<p>Grabador de v\u00eddeo h\u00edbrido de 16 canales<\/p>\n<p>\u2022 Compatible con anal\u00f3gico\/AHD\/CVI\/TVI 2.0\/TVI 3.0\/red<\/p>\n<p>\u2022 Entrada: BNC de 16 canales<\/p>\n<p>\u2022 Admite la detecci\u00f3n humana<\/p>\n<p>\u2022 Admite compresi\u00f3n de v\u00eddeo H.265\/H.265+\/H.264\/H.264+<\/p>\n<p>\u2022 2 discos duros SATA (2,5&#8243;\/3,5&#8243;SATA, hasta 16 TB)<\/p>\n<p>\u2022 Admite una variedad de idiomas<\/p>\n<p>Modo normal:<br \/>\nPredeterminado: 16*(AHD\/TVI\/CVI:8MP; TVI\/AHD: 5MP; AHD\/TVI\/CVI: 4MP; AHD\/TVI\/CVI: 1080P\/720P; Anal\u00f3gico: 960H)+8*red (M\u00e1x. 8MP)<\/p>\n<p>Red: 32*8MP\/5MP\/4MP\/3MP\/1080P\/960P\/720P(Ancho de banda entrante total \u2264160M)<br \/>\nTipo de se\u00f1al:   Anal\u00f3gico\/AHD\/CVI\/TVI 2.0\/TVI 3.0\/Red<\/p>\n<p>Audio: 6 canales RCA, compatible con AOC<\/p>\n<p>Alarma<\/p>\n<p>Entrada del sensor          4<\/p>\n<p>Producci\u00f3n         1<\/p>\n<p>Detecci\u00f3n de movimiento           16 canales<\/p>\n<p>Eventos desencadenantes          Grabaci\u00f3n, correo electr\u00f3nico, sugerencias en pantalla, zumbador, notificaciones push (detecci\u00f3n de movimiento)<\/p>\n<p>Alarma de correo electr\u00f3nico     Enviar imagen al correo electr\u00f3nico designado<\/p>\n<p>Funci\u00f3n de IA<\/p>\n<p>Detecci\u00f3n humana          S\u00cd<\/p>\n<p>Grabaci\u00f3n<\/p>\n<p>Compresi\u00f3n de video     H.265\/H.265+\/H.264\/H.264+<\/p>\n<p>Compresi\u00f3n de audio     G.711u\/G.711a<\/p>\n<p>Resoluci\u00f3n       5MP(2560\u00d71952),8MP_LITE(1920\u00d72160),5MP_lite(1280\u00d71952),1080P(1920\u00d71080),720P(1280\u00d7720),960H(960\u00d7480)<\/p>\n<p>Calidad de video              M\u00ednimo\/Bajo\/Ordinario\/Bueno\/Mejor\/\u00d3ptimo<\/p>\n<p>Tasa r\u00e9cord        Anal\u00f3gico: PAL: 8MP_LITE(1920\u00d72160 16*8fps),5MP(2592\u00d71944 16*6fps),5MP_Lite(1280\u00d71952 16*10fps),1080P(1920&#215;1080 16*15fps)<\/p>\n<p>NTSC:8MP_LITE(1920\u00d72160 16* 8 fps), 5 MP (2592 \u00d7 1944 16 * 6 fps), 5 MP_Lite (1280 \u00d7 1952 16 * 10 fps), 1080P (1920&#215;1080 16 * 15 fps)<\/p>\n<p>IP pura (H.265):<\/p>\n<p>PAL: 8 MP a 20 x 25 fps, 5 MP a 32 x 25 fps, 4 MP a 32x25fps,<\/p>\n<p>3MP@32x25fps, 1080P@32x25fps, 960P@32x25fps, 720P@32x25fps, NTSC:8MP@20x30fp, 5MP@32x30fps, 4MP@32x30fps, 3MP@32x30fps, 1080P@32&#215;3 0 fps, 960P@32x30fps, 720P@32x30fps, D1@ 32x30fps<\/p>\n<p>Modo de grabaci\u00f3n         Manual\\Temporizador\\Detecci\u00f3n de movimiento\\Alarma<\/p>","protected":false},"excerpt":{"rendered":"<p>Grabador de v\u00eddeo h\u00edbrido de 16 canales<\/p>\n<p>\u2022 Compatible con anal\u00f3gico\/AHD\/CVI\/TVI 2.0\/TVI 3.0\/red<\/p>\n<p>\u2022 Entrada: BNC de 16 canales<\/p>\n<p>\u2022 Admite la detecci\u00f3n humana<\/p>\n<p>\u2022 Admite compresi\u00f3n de v\u00eddeo H.265\/H.265+\/H.264\/H.264+<\/p>\n<p>\u2022 2 discos duros SATA (2,5&#8243;\/3,5&#8243;SATA, hasta 16 TB)<\/p>\n<p>\u2022 Admite una variedad de idiomas<br \/>\n<img loading=\"lazy\" decoding=\"async\" src=\"https:\/\/cctvtalca.cl\/wp-content\/uploads\/2023\/07\/whasp-cctvtalca.jpg\" alt=\"\" width=\"201\" height=\"191\" class=\"alignnone size-full wp-image-603\" srcset=\"https:\/\/cctvtalca.cl\/wp-content\/uploads\/2023\/07\/whasp-cctvtalca.jpg 201w, https:\/\/cctvtalca.cl\/wp-content\/uploads\/2023\/07\/whasp-cctvtalca-64x61.jpg 64w\" sizes=\"auto, (max-width: 201px) 100vw, 201px\" \/><\/p>\n<p><img loading=\"lazy\" decoding=\"async\" src=\"https:\/\/cctvtalca.cl\/wp-content\/uploads\/2024\/09\/descarga-2-300x82.jpg\" alt=\"\" width=\"300\" height=\"82\" class=\"alignnone size-medium wp-image-787\" srcset=\"https:\/\/cctvtalca.cl\/wp-content\/uploads\/2024\/09\/descarga-2-300x82.jpg 300w, https:\/\/cctvtalca.cl\/wp-content\/uploads\/2024\/09\/descarga-2-64x17.jpg 64w, https:\/\/cctvtalca.cl\/wp-content\/uploads\/2024\/09\/descarga-2.jpg 430w\" sizes=\"auto, (max-width: 300px) 100vw, 300px\" \/><\/p>","protected":false},"featured_media":635,"comment_status":"open","ping_status":"closed","template":"","meta":{"_glsr_average":0,"_glsr_ranking":0,"_glsr_reviews":0,"_joinchat":[]},"product_brand":[],"product_cat":[17],"product_tag":[],"class_list":{"0":"post-634","1":"product","2":"type-product","3":"status-publish","4":"has-post-thumbnail","6":"product_cat-sin-categoria","8":"first","9":"instock","10":"sale","11":"taxable","12":"shipping-taxable","13":"purchasable","14":"product-type-simple"},"yoast_head":"<!-- This site is optimized with the Yoast SEO plugin v20.5 - https:\/\/yoast.com\/wordpress\/plugins\/seo\/ -->\n<title>XVR 16CH 8MP Soporta AOC \/ alarma \/ 16TB - cctvtalca<\/title>\n<meta name=\"robots\" content=\"index, follow, max-snippet:-1, max-image-preview:large, max-video-preview:-1\" \/>\n<link rel=\"canonical\" href=\"https:\/\/cctvtalca.cl\/en\/product\/xvr-16ch-8mp-soporta-aoc-alarma-16tb\/\" \/>\n<meta property=\"og:locale\" content=\"en_US\" \/>\n<meta property=\"og:type\" content=\"article\" \/>\n<meta property=\"og:title\" content=\"XVR 16CH 8MP Soporta AOC \/ alarma \/ 16TB - cctvtalca\" \/>\n<meta property=\"og:description\" content=\"Grabador de v\u00eddeo h\u00edbrido de 16 canales  \u2022 Compatible con anal\u00f3gico\/AHD\/CVI\/TVI 2.0\/TVI 3.0\/red  \u2022 Entrada: BNC de 16 canales  \u2022 Admite la detecci\u00f3n humana  \u2022 Admite compresi\u00f3n de v\u00eddeo H.265\/H.265+\/H.264\/H.264+  \u2022 2 discos duros SATA (2,5&quot;\/3,5&quot;SATA, hasta 16 TB)  \u2022 Admite una variedad de idiomas\" \/>\n<meta property=\"og:url\" content=\"https:\/\/cctvtalca.cl\/en\/product\/xvr-16ch-8mp-soporta-aoc-alarma-16tb\/\" \/>\n<meta property=\"og:site_name\" content=\"cctvtalca\" \/>\n<meta property=\"article:modified_time\" content=\"2025-08-04T03:15:36+00:00\" \/>\n<meta property=\"og:image\" content=\"https:\/\/cctvtalca.cl\/wp-content\/uploads\/2024\/07\/16-CANALES.jpg\" \/>\n\t<meta property=\"og:image:width\" content=\"510\" \/>\n\t<meta property=\"og:image:height\" content=\"348\" \/>\n\t<meta property=\"og:image:type\" content=\"image\/jpeg\" \/>\n<meta name=\"twitter:card\" content=\"summary_large_image\" \/>\n<meta name=\"twitter:label1\" content=\"Est. reading time\" \/>\n\t<meta name=\"twitter:data1\" content=\"1 minute\" \/>\n<script type=\"application\/ld+json\" class=\"yoast-schema-graph\">{\"@context\":\"https:\/\/schema.org\",\"@graph\":[{\"@type\":\"WebPage\",\"@id\":\"https:\/\/cctvtalca.cl\/producto\/xvr-16ch-8mp-soporta-aoc-alarma-16tb\/\",\"url\":\"https:\/\/cctvtalca.cl\/producto\/xvr-16ch-8mp-soporta-aoc-alarma-16tb\/\",\"name\":\"XVR 16CH 8MP Soporta AOC \/ alarma \/ 16TB - cctvtalca\",\"isPartOf\":{\"@id\":\"https:\/\/cctvtalca.cl\/#website\"},\"datePublished\":\"2024-07-06T05:48:48+00:00\",\"dateModified\":\"2025-08-04T03:15:36+00:00\",\"breadcrumb\":{\"@id\":\"https:\/\/cctvtalca.cl\/producto\/xvr-16ch-8mp-soporta-aoc-alarma-16tb\/#breadcrumb\"},\"inLanguage\":\"en-US\",\"potentialAction\":[{\"@type\":\"ReadAction\",\"target\":[\"https:\/\/cctvtalca.cl\/producto\/xvr-16ch-8mp-soporta-aoc-alarma-16tb\/\"]}]},{\"@type\":\"BreadcrumbList\",\"@id\":\"https:\/\/cctvtalca.cl\/producto\/xvr-16ch-8mp-soporta-aoc-alarma-16tb\/#breadcrumb\",\"itemListElement\":[{\"@type\":\"ListItem\",\"position\":1,\"name\":\"Portada\",\"item\":\"https:\/\/cctvtalca.cl\/\"},{\"@type\":\"ListItem\",\"position\":2,\"name\":\"Tienda\",\"item\":\"https:\/\/cctvtalca.cl\/tienda\/\"},{\"@type\":\"ListItem\",\"position\":3,\"name\":\"XVR 16CH 8MP Soporta AOC \/ alarma \/ 16TB\"}]},{\"@type\":\"WebSite\",\"@id\":\"https:\/\/cctvtalca.cl\/#website\",\"url\":\"https:\/\/cctvtalca.cl\/\",\"name\":\"cctvtalca\",\"description\":\"c\u00e1maras de seguridad\",\"publisher\":{\"@id\":\"https:\/\/cctvtalca.cl\/#organization\"},\"potentialAction\":[{\"@type\":\"SearchAction\",\"target\":{\"@type\":\"EntryPoint\",\"urlTemplate\":\"https:\/\/cctvtalca.cl\/?s={search_term_string}\"},\"query-input\":\"required name=search_term_string\"}],\"inLanguage\":\"en-US\"},{\"@type\":\"Organization\",\"@id\":\"https:\/\/cctvtalca.cl\/#organization\",\"name\":\"cctvtalca\",\"url\":\"https:\/\/cctvtalca.cl\/\",\"logo\":{\"@type\":\"ImageObject\",\"inLanguage\":\"en-US\",\"@id\":\"https:\/\/cctvtalca.cl\/#\/schema\/logo\/image\/\",\"url\":\"https:\/\/cctvtalca.cl\/wp-content\/uploads\/2022\/05\/cropped-cropped-cropped-LOGO-CCTVTALCA.jpg\",\"contentUrl\":\"https:\/\/cctvtalca.cl\/wp-content\/uploads\/2022\/05\/cropped-cropped-cropped-LOGO-CCTVTALCA.jpg\",\"width\":511,\"height\":240,\"caption\":\"cctvtalca\"},\"image\":{\"@id\":\"https:\/\/cctvtalca.cl\/#\/schema\/logo\/image\/\"}}]}<\/script>\n<!-- \/ Yoast SEO plugin. -->","yoast_head_json":{"title":"XVR 16CH 8MP Soporta AOC \/ alarma \/ 16TB - cctvtalca","robots":{"index":"index","follow":"follow","max-snippet":"max-snippet:-1","max-image-preview":"max-image-preview:large","max-video-preview":"max-video-preview:-1"},"canonical":"https:\/\/cctvtalca.cl\/en\/product\/xvr-16ch-8mp-soporta-aoc-alarma-16tb\/","og_locale":"en_US","og_type":"article","og_title":"XVR 16CH 8MP Soporta AOC \/ alarma \/ 16TB - cctvtalca","og_description":"Grabador de v\u00eddeo h\u00edbrido de 16 canales  \u2022 Compatible con anal\u00f3gico\/AHD\/CVI\/TVI 2.0\/TVI 3.0\/red  \u2022 Entrada: BNC de 16 canales  \u2022 Admite la detecci\u00f3n humana  \u2022 Admite compresi\u00f3n de v\u00eddeo H.265\/H.265+\/H.264\/H.264+  \u2022 2 discos duros SATA (2,5\"\/3,5\"SATA, hasta 16 TB)  \u2022 Admite una variedad de idiomas","og_url":"https:\/\/cctvtalca.cl\/en\/product\/xvr-16ch-8mp-soporta-aoc-alarma-16tb\/","og_site_name":"cctvtalca","article_modified_time":"2025-08-04T03:15:36+00:00","og_image":[{"width":510,"height":348,"url":"https:\/\/cctvtalca.cl\/wp-content\/uploads\/2024\/07\/16-CANALES.jpg","type":"image\/jpeg"}],"twitter_card":"summary_large_image","twitter_misc":{"Est. reading time":"1 minute"},"schema":{"@context":"https:\/\/schema.org","@graph":[{"@type":"WebPage","@id":"https:\/\/cctvtalca.cl\/producto\/xvr-16ch-8mp-soporta-aoc-alarma-16tb\/","url":"https:\/\/cctvtalca.cl\/producto\/xvr-16ch-8mp-soporta-aoc-alarma-16tb\/","name":"XVR 16CH 8MP Soporta AOC \/ alarma \/ 16TB - cctvtalca","isPartOf":{"@id":"https:\/\/cctvtalca.cl\/#website"},"datePublished":"2024-07-06T05:48:48+00:00","dateModified":"2025-08-04T03:15:36+00:00","breadcrumb":{"@id":"https:\/\/cctvtalca.cl\/producto\/xvr-16ch-8mp-soporta-aoc-alarma-16tb\/#breadcrumb"},"inLanguage":"en-US","potentialAction":[{"@type":"ReadAction","target":["https:\/\/cctvtalca.cl\/producto\/xvr-16ch-8mp-soporta-aoc-alarma-16tb\/"]}]},{"@type":"BreadcrumbList","@id":"https:\/\/cctvtalca.cl\/producto\/xvr-16ch-8mp-soporta-aoc-alarma-16tb\/#breadcrumb","itemListElement":[{"@type":"ListItem","position":1,"name":"Portada","item":"https:\/\/cctvtalca.cl\/"},{"@type":"ListItem","position":2,"name":"Tienda","item":"https:\/\/cctvtalca.cl\/tienda\/"},{"@type":"ListItem","position":3,"name":"XVR 16CH 8MP Soporta AOC \/ alarma \/ 16TB"}]},{"@type":"WebSite","@id":"https:\/\/cctvtalca.cl\/#website","url":"https:\/\/cctvtalca.cl\/","name":"cctvtalca","description":"c\u00e1maras de seguridad","publisher":{"@id":"https:\/\/cctvtalca.cl\/#organization"},"potentialAction":[{"@type":"SearchAction","target":{"@type":"EntryPoint","urlTemplate":"https:\/\/cctvtalca.cl\/?s={search_term_string}"},"query-input":"required name=search_term_string"}],"inLanguage":"en-US"},{"@type":"Organization","@id":"https:\/\/cctvtalca.cl\/#organization","name":"cctvtalca","url":"https:\/\/cctvtalca.cl\/","logo":{"@type":"ImageObject","inLanguage":"en-US","@id":"https:\/\/cctvtalca.cl\/#\/schema\/logo\/image\/","url":"https:\/\/cctvtalca.cl\/wp-content\/uploads\/2022\/05\/cropped-cropped-cropped-LOGO-CCTVTALCA.jpg","contentUrl":"https:\/\/cctvtalca.cl\/wp-content\/uploads\/2022\/05\/cropped-cropped-cropped-LOGO-CCTVTALCA.jpg","width":511,"height":240,"caption":"cctvtalca"},"image":{"@id":"https:\/\/cctvtalca.cl\/#\/schema\/logo\/image\/"}}]}},"_links":{"self":[{"href":"https:\/\/cctvtalca.cl\/en\/wp-json\/wp\/v2\/product\/634","targetHints":{"allow":["GET"]}}],"collection":[{"href":"https:\/\/cctvtalca.cl\/en\/wp-json\/wp\/v2\/product"}],"about":[{"href":"https:\/\/cctvtalca.cl\/en\/wp-json\/wp\/v2\/types\/product"}],"replies":[{"embeddable":true,"href":"https:\/\/cctvtalca.cl\/en\/wp-json\/wp\/v2\/comments?post=634"}],"wp:featuredmedia":[{"embeddable":true,"href":"https:\/\/cctvtalca.cl\/en\/wp-json\/wp\/v2\/media\/635"}],"wp:attachment":[{"href":"https:\/\/cctvtalca.cl\/en\/wp-json\/wp\/v2\/media?parent=634"}],"wp:term":[{"taxonomy":"product_brand","embeddable":true,"href":"https:\/\/cctvtalca.cl\/en\/wp-json\/wp\/v2\/product_brand?post=634"},{"taxonomy":"product_cat","embeddable":true,"href":"https:\/\/cctvtalca.cl\/en\/wp-json\/wp\/v2\/product_cat?post=634"},{"taxonomy":"product_tag","embeddable":true,"href":"https:\/\/cctvtalca.cl\/en\/wp-json\/wp\/v2\/product_tag?post=634"}],"curies":[{"name":"wp","href":"https:\/\/api.w.org\/{rel}","templated":true}]}}