{"id":796,"date":"2024-10-03T13:24:21","date_gmt":"2024-10-03T16:24:21","guid":{"rendered":"https:\/\/cctvtalca.cl\/?post_type=product&#038;p=796"},"modified":"2025-09-22T12:09:42","modified_gmt":"2025-09-22T15:09:42","slug":"kit-4-camaras-bala-exterior-2mp-4ch-full-hd","status":"publish","type":"product","link":"https:\/\/cctvtalca.cl\/en\/product\/kit-4-camaras-bala-exterior-2mp-4ch-full-hd\/","title":{"rendered":"Kit 4 Camaras bala Exterior 2MP +  4CH Full HD+ disco 1 TB"},"content":{"rendered":"<p>Este kit incluye:<\/p>\n<p>4x Camara bala exterior IP66 2MP IR 25M<br \/>\n1x XVR \/ Grabador de video para 4CH<br \/>\n1x Transformador 12V 5A<br \/>\n1x Splitter alimentacion 4&#215;1<br \/>\n4x Cable video y poder 20M<br \/>\n1\u00a0 \u00a0disco duro 1 tb purpura<\/p>\n<p>Paga solo una vez<br \/>\nSobre escritura automatica<br \/>\nDos semas de grabacion de corrido dia y noche<\/p>\n<p>envio gratis dentro de talca<\/p>\n<p>&nbsp;<\/p>\n<p>Solicita tu instalacion expres gratis por pocos dias<\/p>\n<p><a href=\"https:\/\/cctvtalca.cl\/en\/instalacion-expres\/\" target=\"_blank\" rel=\"noopener\">SOLICITA AQUI <\/a><\/p>","protected":false},"excerpt":{"rendered":"<p>Funcionalidades y Beneficios<br \/>\nAlta Resoluci\u00f3n: Las c\u00e1maras de 2MP ofrecen im\u00e1genes claras y detalladas, esenciales para identificar personas y objetos.<br \/>\nVisi\u00f3n Nocturna: Capacidad de infrarrojos para una vigilancia efectiva durante la noche o en condiciones de poca luz.<br \/>\nDurabilidad: C\u00e1maras con clasificaci\u00f3n IP66, asegurando resistencia a la intemperie y durabilidad en exteriores.<br \/>\nGrabaci\u00f3n Continua: El XVR de 4 canales permite una grabaci\u00f3n ininterrumpida y almacenamiento seguro de las grabaciones.<br \/>\nF\u00e1cil Instalaci\u00f3n: Cables de video y poder de 20 metros facilitan la instalaci\u00f3n sin necesidad de extensiones adicionales.<br \/>\nProtecci\u00f3n y Seguridad: Transformador con protecciones integradas para asegurar la estabilidad del sistema.<\/p>\n<p>Solicita tu instalacion expres gratis por pocos dias<\/p>\n<p><a href=\"https:\/\/cctvtalca.cl\/en\/instalacion-expres\/\" target=\"_blank\" rel=\"noopener\">SOLICITA AQUI<\/a><\/p>\n<p><img loading=\"lazy\" decoding=\"async\" class=\"alignnone size-medium wp-image-843\" src=\"https:\/\/cctvtalca.cl\/wp-content\/uploads\/2024\/10\/EnvioGratis-300x168.png\" alt=\"\" width=\"300\" height=\"168\" srcset=\"https:\/\/cctvtalca.cl\/wp-content\/uploads\/2024\/10\/EnvioGratis-300x168.png 300w, https:\/\/cctvtalca.cl\/wp-content\/uploads\/2024\/10\/EnvioGratis-64x36.png 64w, https:\/\/cctvtalca.cl\/wp-content\/uploads\/2024\/10\/EnvioGratis.png 503w\" sizes=\"auto, (max-width: 300px) 100vw, 300px\" \/><\/p>","protected":false},"featured_media":827,"comment_status":"open","ping_status":"closed","template":"","meta":{"_glsr_average":0,"_glsr_ranking":0,"_glsr_reviews":0,"_joinchat":[]},"product_brand":[],"product_cat":[35],"product_tag":[],"class_list":{"0":"post-796","1":"product","2":"type-product","3":"status-publish","4":"has-post-thumbnail","6":"product_cat-ofertas-especiales","8":"first","9":"instock","10":"taxable","11":"shipping-taxable","12":"purchasable","13":"product-type-simple"},"yoast_head":"<!-- This site is optimized with the Yoast SEO plugin v20.5 - https:\/\/yoast.com\/wordpress\/plugins\/seo\/ -->\n<title>Kit 4 Camaras bala Exterior 2MP + 4CH Full HD+ disco 1 TB - cctvtalca<\/title>\n<meta name=\"robots\" content=\"index, follow, max-snippet:-1, max-image-preview:large, max-video-preview:-1\" \/>\n<link rel=\"canonical\" href=\"https:\/\/cctvtalca.cl\/en\/product\/kit-4-camaras-bala-exterior-2mp-4ch-full-hd\/\" \/>\n<meta property=\"og:locale\" content=\"en_US\" \/>\n<meta property=\"og:type\" content=\"article\" \/>\n<meta property=\"og:title\" content=\"Kit 4 Camaras bala Exterior 2MP + 4CH Full HD+ disco 1 TB - cctvtalca\" \/>\n<meta property=\"og:description\" content=\"Funcionalidades y Beneficios Alta Resoluci\u00f3n: Las c\u00e1maras de 2MP ofrecen im\u00e1genes claras y detalladas, esenciales para identificar personas y objetos. Visi\u00f3n Nocturna: Capacidad de infrarrojos para una vigilancia efectiva durante la noche o en condiciones de poca luz. Durabilidad: C\u00e1maras con clasificaci\u00f3n IP66, asegurando resistencia a la intemperie y durabilidad en exteriores. Grabaci\u00f3n Continua: El XVR de 4 canales permite una grabaci\u00f3n ininterrumpida y almacenamiento seguro de las grabaciones. F\u00e1cil Instalaci\u00f3n: Cables de video y poder de 20 metros facilitan la instalaci\u00f3n sin necesidad de extensiones adicionales. Protecci\u00f3n y Seguridad: Transformador con protecciones integradas para asegurar la estabilidad del sistema.  Solicita tu instalacion expres gratis por pocos dias  SOLICITA AQUI\" \/>\n<meta property=\"og:url\" content=\"https:\/\/cctvtalca.cl\/en\/product\/kit-4-camaras-bala-exterior-2mp-4ch-full-hd\/\" \/>\n<meta property=\"og:site_name\" content=\"cctvtalca\" \/>\n<meta property=\"article:modified_time\" content=\"2025-09-22T15:09:42+00:00\" \/>\n<meta property=\"og:image\" content=\"https:\/\/cctvtalca.cl\/wp-content\/uploads\/2024\/10\/promo-pagina.jpg\" \/>\n\t<meta property=\"og:image:width\" content=\"600\" \/>\n\t<meta property=\"og:image:height\" content=\"600\" \/>\n\t<meta property=\"og:image:type\" content=\"image\/jpeg\" \/>\n<meta name=\"twitter:card\" content=\"summary_large_image\" \/>\n<meta name=\"twitter:label1\" content=\"Est. reading time\" \/>\n\t<meta name=\"twitter:data1\" content=\"1 minute\" \/>\n<script type=\"application\/ld+json\" class=\"yoast-schema-graph\">{\"@context\":\"https:\/\/schema.org\",\"@graph\":[{\"@type\":\"WebPage\",\"@id\":\"https:\/\/cctvtalca.cl\/producto\/kit-4-camaras-bala-exterior-2mp-4ch-full-hd\/\",\"url\":\"https:\/\/cctvtalca.cl\/producto\/kit-4-camaras-bala-exterior-2mp-4ch-full-hd\/\",\"name\":\"Kit 4 Camaras bala Exterior 2MP + 4CH Full HD+ disco 1 TB - cctvtalca\",\"isPartOf\":{\"@id\":\"https:\/\/cctvtalca.cl\/#website\"},\"datePublished\":\"2024-10-03T16:24:21+00:00\",\"dateModified\":\"2025-09-22T15:09:42+00:00\",\"breadcrumb\":{\"@id\":\"https:\/\/cctvtalca.cl\/producto\/kit-4-camaras-bala-exterior-2mp-4ch-full-hd\/#breadcrumb\"},\"inLanguage\":\"en-US\",\"potentialAction\":[{\"@type\":\"ReadAction\",\"target\":[\"https:\/\/cctvtalca.cl\/producto\/kit-4-camaras-bala-exterior-2mp-4ch-full-hd\/\"]}]},{\"@type\":\"BreadcrumbList\",\"@id\":\"https:\/\/cctvtalca.cl\/producto\/kit-4-camaras-bala-exterior-2mp-4ch-full-hd\/#breadcrumb\",\"itemListElement\":[{\"@type\":\"ListItem\",\"position\":1,\"name\":\"Portada\",\"item\":\"https:\/\/cctvtalca.cl\/\"},{\"@type\":\"ListItem\",\"position\":2,\"name\":\"Tienda\",\"item\":\"https:\/\/cctvtalca.cl\/tienda\/\"},{\"@type\":\"ListItem\",\"position\":3,\"name\":\"Kit 4 Camaras bala Exterior 2MP + 4CH Full HD+ disco 1 TB\"}]},{\"@type\":\"WebSite\",\"@id\":\"https:\/\/cctvtalca.cl\/#website\",\"url\":\"https:\/\/cctvtalca.cl\/\",\"name\":\"cctvtalca\",\"description\":\"c\u00e1maras de seguridad\",\"publisher\":{\"@id\":\"https:\/\/cctvtalca.cl\/#organization\"},\"potentialAction\":[{\"@type\":\"SearchAction\",\"target\":{\"@type\":\"EntryPoint\",\"urlTemplate\":\"https:\/\/cctvtalca.cl\/?s={search_term_string}\"},\"query-input\":\"required name=search_term_string\"}],\"inLanguage\":\"en-US\"},{\"@type\":\"Organization\",\"@id\":\"https:\/\/cctvtalca.cl\/#organization\",\"name\":\"cctvtalca\",\"url\":\"https:\/\/cctvtalca.cl\/\",\"logo\":{\"@type\":\"ImageObject\",\"inLanguage\":\"en-US\",\"@id\":\"https:\/\/cctvtalca.cl\/#\/schema\/logo\/image\/\",\"url\":\"https:\/\/cctvtalca.cl\/wp-content\/uploads\/2022\/05\/cropped-cropped-cropped-LOGO-CCTVTALCA.jpg\",\"contentUrl\":\"https:\/\/cctvtalca.cl\/wp-content\/uploads\/2022\/05\/cropped-cropped-cropped-LOGO-CCTVTALCA.jpg\",\"width\":511,\"height\":240,\"caption\":\"cctvtalca\"},\"image\":{\"@id\":\"https:\/\/cctvtalca.cl\/#\/schema\/logo\/image\/\"}}]}<\/script>\n<!-- \/ Yoast SEO plugin. -->","yoast_head_json":{"title":"Kit 4 Camaras bala Exterior 2MP + 4CH Full HD+ disco 1 TB - cctvtalca","robots":{"index":"index","follow":"follow","max-snippet":"max-snippet:-1","max-image-preview":"max-image-preview:large","max-video-preview":"max-video-preview:-1"},"canonical":"https:\/\/cctvtalca.cl\/en\/product\/kit-4-camaras-bala-exterior-2mp-4ch-full-hd\/","og_locale":"en_US","og_type":"article","og_title":"Kit 4 Camaras bala Exterior 2MP + 4CH Full HD+ disco 1 TB - cctvtalca","og_description":"Funcionalidades y Beneficios Alta Resoluci\u00f3n: Las c\u00e1maras de 2MP ofrecen im\u00e1genes claras y detalladas, esenciales para identificar personas y objetos. Visi\u00f3n Nocturna: Capacidad de infrarrojos para una vigilancia efectiva durante la noche o en condiciones de poca luz. Durabilidad: C\u00e1maras con clasificaci\u00f3n IP66, asegurando resistencia a la intemperie y durabilidad en exteriores. Grabaci\u00f3n Continua: El XVR de 4 canales permite una grabaci\u00f3n ininterrumpida y almacenamiento seguro de las grabaciones. F\u00e1cil Instalaci\u00f3n: Cables de video y poder de 20 metros facilitan la instalaci\u00f3n sin necesidad de extensiones adicionales. Protecci\u00f3n y Seguridad: Transformador con protecciones integradas para asegurar la estabilidad del sistema.  Solicita tu instalacion expres gratis por pocos dias  SOLICITA AQUI","og_url":"https:\/\/cctvtalca.cl\/en\/product\/kit-4-camaras-bala-exterior-2mp-4ch-full-hd\/","og_site_name":"cctvtalca","article_modified_time":"2025-09-22T15:09:42+00:00","og_image":[{"width":600,"height":600,"url":"https:\/\/cctvtalca.cl\/wp-content\/uploads\/2024\/10\/promo-pagina.jpg","type":"image\/jpeg"}],"twitter_card":"summary_large_image","twitter_misc":{"Est. reading time":"1 minute"},"schema":{"@context":"https:\/\/schema.org","@graph":[{"@type":"WebPage","@id":"https:\/\/cctvtalca.cl\/producto\/kit-4-camaras-bala-exterior-2mp-4ch-full-hd\/","url":"https:\/\/cctvtalca.cl\/producto\/kit-4-camaras-bala-exterior-2mp-4ch-full-hd\/","name":"Kit 4 Camaras bala Exterior 2MP + 4CH Full HD+ disco 1 TB - cctvtalca","isPartOf":{"@id":"https:\/\/cctvtalca.cl\/#website"},"datePublished":"2024-10-03T16:24:21+00:00","dateModified":"2025-09-22T15:09:42+00:00","breadcrumb":{"@id":"https:\/\/cctvtalca.cl\/producto\/kit-4-camaras-bala-exterior-2mp-4ch-full-hd\/#breadcrumb"},"inLanguage":"en-US","potentialAction":[{"@type":"ReadAction","target":["https:\/\/cctvtalca.cl\/producto\/kit-4-camaras-bala-exterior-2mp-4ch-full-hd\/"]}]},{"@type":"BreadcrumbList","@id":"https:\/\/cctvtalca.cl\/producto\/kit-4-camaras-bala-exterior-2mp-4ch-full-hd\/#breadcrumb","itemListElement":[{"@type":"ListItem","position":1,"name":"Portada","item":"https:\/\/cctvtalca.cl\/"},{"@type":"ListItem","position":2,"name":"Tienda","item":"https:\/\/cctvtalca.cl\/tienda\/"},{"@type":"ListItem","position":3,"name":"Kit 4 Camaras bala Exterior 2MP + 4CH Full HD+ disco 1 TB"}]},{"@type":"WebSite","@id":"https:\/\/cctvtalca.cl\/#website","url":"https:\/\/cctvtalca.cl\/","name":"cctvtalca","description":"c\u00e1maras de seguridad","publisher":{"@id":"https:\/\/cctvtalca.cl\/#organization"},"potentialAction":[{"@type":"SearchAction","target":{"@type":"EntryPoint","urlTemplate":"https:\/\/cctvtalca.cl\/?s={search_term_string}"},"query-input":"required name=search_term_string"}],"inLanguage":"en-US"},{"@type":"Organization","@id":"https:\/\/cctvtalca.cl\/#organization","name":"cctvtalca","url":"https:\/\/cctvtalca.cl\/","logo":{"@type":"ImageObject","inLanguage":"en-US","@id":"https:\/\/cctvtalca.cl\/#\/schema\/logo\/image\/","url":"https:\/\/cctvtalca.cl\/wp-content\/uploads\/2022\/05\/cropped-cropped-cropped-LOGO-CCTVTALCA.jpg","contentUrl":"https:\/\/cctvtalca.cl\/wp-content\/uploads\/2022\/05\/cropped-cropped-cropped-LOGO-CCTVTALCA.jpg","width":511,"height":240,"caption":"cctvtalca"},"image":{"@id":"https:\/\/cctvtalca.cl\/#\/schema\/logo\/image\/"}}]}},"_links":{"self":[{"href":"https:\/\/cctvtalca.cl\/en\/wp-json\/wp\/v2\/product\/796","targetHints":{"allow":["GET"]}}],"collection":[{"href":"https:\/\/cctvtalca.cl\/en\/wp-json\/wp\/v2\/product"}],"about":[{"href":"https:\/\/cctvtalca.cl\/en\/wp-json\/wp\/v2\/types\/product"}],"replies":[{"embeddable":true,"href":"https:\/\/cctvtalca.cl\/en\/wp-json\/wp\/v2\/comments?post=796"}],"wp:featuredmedia":[{"embeddable":true,"href":"https:\/\/cctvtalca.cl\/en\/wp-json\/wp\/v2\/media\/827"}],"wp:attachment":[{"href":"https:\/\/cctvtalca.cl\/en\/wp-json\/wp\/v2\/media?parent=796"}],"wp:term":[{"taxonomy":"product_brand","embeddable":true,"href":"https:\/\/cctvtalca.cl\/en\/wp-json\/wp\/v2\/product_brand?post=796"},{"taxonomy":"product_cat","embeddable":true,"href":"https:\/\/cctvtalca.cl\/en\/wp-json\/wp\/v2\/product_cat?post=796"},{"taxonomy":"product_tag","embeddable":true,"href":"https:\/\/cctvtalca.cl\/en\/wp-json\/wp\/v2\/product_tag?post=796"}],"curies":[{"name":"wp","href":"https:\/\/api.w.org\/{rel}","templated":true}]}}