{"id":812,"date":"2024-10-08T16:45:00","date_gmt":"2024-10-08T19:45:00","guid":{"rendered":"https:\/\/cctvtalca.cl\/?post_type=product&#038;p=812"},"modified":"2025-01-20T19:09:12","modified_gmt":"2025-01-20T22:09:12","slug":"camaras-comunitarias-2-mega-pixeles","status":"publish","type":"product","link":"https:\/\/cctvtalca.cl\/en\/product\/camaras-comunitarias-2-mega-pixeles\/","title":{"rendered":"C\u00e1maras comunitarias 2 mega pixeles"},"content":{"rendered":"<p>Utilizar un kit de c\u00e1maras CCTV con clasificaci\u00f3n IP67 y audio incorporado ofrece una serie de ventajas significativas tanto para aplicaciones residenciales como comerciales.<br \/>\n1. Durabilidad y Resistencia a Condiciones Clim\u00e1ticas Adversas<br \/>\n2. Calidad de Video Superior<br \/>\n3. Audio Incorporado en las c\u00e1maras de vigilancia a\u00f1ade una capa adicional de seguridad y funcionalidad<br \/>\nIncluye Instalaci\u00f3n de Express app gratis sin cobros adicionales<br \/>\nInstalaci\u00f3n previa agenda<br \/>\n2 Semana de grabaci\u00f3n continua dia y noche sin parar sobre escritura autom\u00e1tica del disco de grabaci\u00f3n<br \/>\nsolo paga una vez<\/p>\n<p>Incluye<\/p>\n<p>Instalaci\u00f3n expr\u00e9s incluida<\/p>\n<p>Equipo de grabaci\u00f3n<\/p>\n<p>Disco de grabaci\u00f3n<\/p>\n<p>2 c\u00e1maras 2 mega pixeles Full HD<\/p>\n<p>Armario\u00a0 met\u00e1lico<\/p>\n<p>Poste met\u00e1lico<\/p>\n<p>Cableado de red 20 mt<\/p>\n<p>Cableado de energ\u00eda 20 mt<\/p>","protected":false},"excerpt":{"rendered":"<p>C\u00e1maras comunitarias 2 mega pixeles\u00a0 visi\u00f3n nocturna a color grabaci\u00f3n \u00a02 semanas sin para<\/p>\n<p>Sobre escritura autom\u00e1tica de grabaci\u00f3n\u00a0 conexi\u00f3n en tiempo real a dispositivos m\u00f3viles<\/p>\n<p>instalaci\u00f3n expr\u00e9s incluida<\/p>","protected":false},"featured_media":813,"comment_status":"open","ping_status":"closed","template":"","meta":{"_glsr_average":0,"_glsr_ranking":0,"_glsr_reviews":0,"_joinchat":[]},"product_brand":[],"product_cat":[36,35],"product_tag":[],"class_list":{"0":"post-812","1":"product","2":"type-product","3":"status-publish","4":"has-post-thumbnail","6":"product_cat-camaras-comunitarias-2","7":"product_cat-ofertas-especiales","9":"first","10":"instock","11":"sale","12":"taxable","13":"shipping-taxable","14":"purchasable","15":"product-type-simple"},"yoast_head":"<!-- This site is optimized with the Yoast SEO plugin v20.5 - https:\/\/yoast.com\/wordpress\/plugins\/seo\/ -->\n<title>C\u00e1maras comunitarias 2 mega pixeles - cctvtalca<\/title>\n<meta name=\"robots\" content=\"index, follow, max-snippet:-1, max-image-preview:large, max-video-preview:-1\" \/>\n<link rel=\"canonical\" href=\"https:\/\/cctvtalca.cl\/en\/product\/camaras-comunitarias-2-mega-pixeles\/\" \/>\n<meta property=\"og:locale\" content=\"en_US\" \/>\n<meta property=\"og:type\" content=\"article\" \/>\n<meta property=\"og:title\" content=\"C\u00e1maras comunitarias 2 mega pixeles - cctvtalca\" \/>\n<meta property=\"og:description\" content=\"C\u00e1maras comunitarias 2 mega pixeles\u00a0 visi\u00f3n nocturna a color grabaci\u00f3n \u00a02 semanas sin para  Sobre escritura autom\u00e1tica de grabaci\u00f3n\u00a0 conexi\u00f3n en tiempo real a dispositivos m\u00f3viles  instalaci\u00f3n expr\u00e9s incluida\" \/>\n<meta property=\"og:url\" content=\"https:\/\/cctvtalca.cl\/en\/product\/camaras-comunitarias-2-mega-pixeles\/\" \/>\n<meta property=\"og:site_name\" content=\"cctvtalca\" \/>\n<meta property=\"article:modified_time\" content=\"2025-01-20T22:09:12+00:00\" \/>\n<meta property=\"og:image\" content=\"https:\/\/cctvtalca.cl\/wp-content\/uploads\/2024\/10\/camaras-comun.jpg\" \/>\n\t<meta property=\"og:image:width\" content=\"396\" \/>\n\t<meta property=\"og:image:height\" content=\"476\" \/>\n\t<meta property=\"og:image:type\" content=\"image\/jpeg\" \/>\n<meta name=\"twitter:card\" content=\"summary_large_image\" \/>\n<meta name=\"twitter:label1\" content=\"Est. reading time\" \/>\n\t<meta name=\"twitter:data1\" content=\"1 minute\" \/>\n<script type=\"application\/ld+json\" class=\"yoast-schema-graph\">{\"@context\":\"https:\/\/schema.org\",\"@graph\":[{\"@type\":\"WebPage\",\"@id\":\"https:\/\/cctvtalca.cl\/producto\/camaras-comunitarias-2-mega-pixeles\/\",\"url\":\"https:\/\/cctvtalca.cl\/producto\/camaras-comunitarias-2-mega-pixeles\/\",\"name\":\"C\u00e1maras comunitarias 2 mega pixeles - cctvtalca\",\"isPartOf\":{\"@id\":\"https:\/\/cctvtalca.cl\/#website\"},\"datePublished\":\"2024-10-08T19:45:00+00:00\",\"dateModified\":\"2025-01-20T22:09:12+00:00\",\"breadcrumb\":{\"@id\":\"https:\/\/cctvtalca.cl\/producto\/camaras-comunitarias-2-mega-pixeles\/#breadcrumb\"},\"inLanguage\":\"en-US\",\"potentialAction\":[{\"@type\":\"ReadAction\",\"target\":[\"https:\/\/cctvtalca.cl\/producto\/camaras-comunitarias-2-mega-pixeles\/\"]}]},{\"@type\":\"BreadcrumbList\",\"@id\":\"https:\/\/cctvtalca.cl\/producto\/camaras-comunitarias-2-mega-pixeles\/#breadcrumb\",\"itemListElement\":[{\"@type\":\"ListItem\",\"position\":1,\"name\":\"Portada\",\"item\":\"https:\/\/cctvtalca.cl\/\"},{\"@type\":\"ListItem\",\"position\":2,\"name\":\"Tienda\",\"item\":\"https:\/\/cctvtalca.cl\/tienda\/\"},{\"@type\":\"ListItem\",\"position\":3,\"name\":\"C\u00e1maras comunitarias 2 mega pixeles\"}]},{\"@type\":\"WebSite\",\"@id\":\"https:\/\/cctvtalca.cl\/#website\",\"url\":\"https:\/\/cctvtalca.cl\/\",\"name\":\"cctvtalca\",\"description\":\"c\u00e1maras de seguridad\",\"publisher\":{\"@id\":\"https:\/\/cctvtalca.cl\/#organization\"},\"potentialAction\":[{\"@type\":\"SearchAction\",\"target\":{\"@type\":\"EntryPoint\",\"urlTemplate\":\"https:\/\/cctvtalca.cl\/?s={search_term_string}\"},\"query-input\":\"required name=search_term_string\"}],\"inLanguage\":\"en-US\"},{\"@type\":\"Organization\",\"@id\":\"https:\/\/cctvtalca.cl\/#organization\",\"name\":\"cctvtalca\",\"url\":\"https:\/\/cctvtalca.cl\/\",\"logo\":{\"@type\":\"ImageObject\",\"inLanguage\":\"en-US\",\"@id\":\"https:\/\/cctvtalca.cl\/#\/schema\/logo\/image\/\",\"url\":\"https:\/\/cctvtalca.cl\/wp-content\/uploads\/2022\/05\/cropped-cropped-cropped-LOGO-CCTVTALCA.jpg\",\"contentUrl\":\"https:\/\/cctvtalca.cl\/wp-content\/uploads\/2022\/05\/cropped-cropped-cropped-LOGO-CCTVTALCA.jpg\",\"width\":511,\"height\":240,\"caption\":\"cctvtalca\"},\"image\":{\"@id\":\"https:\/\/cctvtalca.cl\/#\/schema\/logo\/image\/\"}}]}<\/script>\n<!-- \/ Yoast SEO plugin. -->","yoast_head_json":{"title":"C\u00e1maras comunitarias 2 mega pixeles - cctvtalca","robots":{"index":"index","follow":"follow","max-snippet":"max-snippet:-1","max-image-preview":"max-image-preview:large","max-video-preview":"max-video-preview:-1"},"canonical":"https:\/\/cctvtalca.cl\/en\/product\/camaras-comunitarias-2-mega-pixeles\/","og_locale":"en_US","og_type":"article","og_title":"C\u00e1maras comunitarias 2 mega pixeles - cctvtalca","og_description":"C\u00e1maras comunitarias 2 mega pixeles\u00a0 visi\u00f3n nocturna a color grabaci\u00f3n \u00a02 semanas sin para  Sobre escritura autom\u00e1tica de grabaci\u00f3n\u00a0 conexi\u00f3n en tiempo real a dispositivos m\u00f3viles  instalaci\u00f3n expr\u00e9s incluida","og_url":"https:\/\/cctvtalca.cl\/en\/product\/camaras-comunitarias-2-mega-pixeles\/","og_site_name":"cctvtalca","article_modified_time":"2025-01-20T22:09:12+00:00","og_image":[{"width":396,"height":476,"url":"https:\/\/cctvtalca.cl\/wp-content\/uploads\/2024\/10\/camaras-comun.jpg","type":"image\/jpeg"}],"twitter_card":"summary_large_image","twitter_misc":{"Est. reading time":"1 minute"},"schema":{"@context":"https:\/\/schema.org","@graph":[{"@type":"WebPage","@id":"https:\/\/cctvtalca.cl\/producto\/camaras-comunitarias-2-mega-pixeles\/","url":"https:\/\/cctvtalca.cl\/producto\/camaras-comunitarias-2-mega-pixeles\/","name":"C\u00e1maras comunitarias 2 mega pixeles - cctvtalca","isPartOf":{"@id":"https:\/\/cctvtalca.cl\/#website"},"datePublished":"2024-10-08T19:45:00+00:00","dateModified":"2025-01-20T22:09:12+00:00","breadcrumb":{"@id":"https:\/\/cctvtalca.cl\/producto\/camaras-comunitarias-2-mega-pixeles\/#breadcrumb"},"inLanguage":"en-US","potentialAction":[{"@type":"ReadAction","target":["https:\/\/cctvtalca.cl\/producto\/camaras-comunitarias-2-mega-pixeles\/"]}]},{"@type":"BreadcrumbList","@id":"https:\/\/cctvtalca.cl\/producto\/camaras-comunitarias-2-mega-pixeles\/#breadcrumb","itemListElement":[{"@type":"ListItem","position":1,"name":"Portada","item":"https:\/\/cctvtalca.cl\/"},{"@type":"ListItem","position":2,"name":"Tienda","item":"https:\/\/cctvtalca.cl\/tienda\/"},{"@type":"ListItem","position":3,"name":"C\u00e1maras comunitarias 2 mega pixeles"}]},{"@type":"WebSite","@id":"https:\/\/cctvtalca.cl\/#website","url":"https:\/\/cctvtalca.cl\/","name":"cctvtalca","description":"c\u00e1maras de seguridad","publisher":{"@id":"https:\/\/cctvtalca.cl\/#organization"},"potentialAction":[{"@type":"SearchAction","target":{"@type":"EntryPoint","urlTemplate":"https:\/\/cctvtalca.cl\/?s={search_term_string}"},"query-input":"required name=search_term_string"}],"inLanguage":"en-US"},{"@type":"Organization","@id":"https:\/\/cctvtalca.cl\/#organization","name":"cctvtalca","url":"https:\/\/cctvtalca.cl\/","logo":{"@type":"ImageObject","inLanguage":"en-US","@id":"https:\/\/cctvtalca.cl\/#\/schema\/logo\/image\/","url":"https:\/\/cctvtalca.cl\/wp-content\/uploads\/2022\/05\/cropped-cropped-cropped-LOGO-CCTVTALCA.jpg","contentUrl":"https:\/\/cctvtalca.cl\/wp-content\/uploads\/2022\/05\/cropped-cropped-cropped-LOGO-CCTVTALCA.jpg","width":511,"height":240,"caption":"cctvtalca"},"image":{"@id":"https:\/\/cctvtalca.cl\/#\/schema\/logo\/image\/"}}]}},"_links":{"self":[{"href":"https:\/\/cctvtalca.cl\/en\/wp-json\/wp\/v2\/product\/812","targetHints":{"allow":["GET"]}}],"collection":[{"href":"https:\/\/cctvtalca.cl\/en\/wp-json\/wp\/v2\/product"}],"about":[{"href":"https:\/\/cctvtalca.cl\/en\/wp-json\/wp\/v2\/types\/product"}],"replies":[{"embeddable":true,"href":"https:\/\/cctvtalca.cl\/en\/wp-json\/wp\/v2\/comments?post=812"}],"wp:featuredmedia":[{"embeddable":true,"href":"https:\/\/cctvtalca.cl\/en\/wp-json\/wp\/v2\/media\/813"}],"wp:attachment":[{"href":"https:\/\/cctvtalca.cl\/en\/wp-json\/wp\/v2\/media?parent=812"}],"wp:term":[{"taxonomy":"product_brand","embeddable":true,"href":"https:\/\/cctvtalca.cl\/en\/wp-json\/wp\/v2\/product_brand?post=812"},{"taxonomy":"product_cat","embeddable":true,"href":"https:\/\/cctvtalca.cl\/en\/wp-json\/wp\/v2\/product_cat?post=812"},{"taxonomy":"product_tag","embeddable":true,"href":"https:\/\/cctvtalca.cl\/en\/wp-json\/wp\/v2\/product_tag?post=812"}],"curies":[{"name":"wp","href":"https:\/\/api.w.org\/{rel}","templated":true}]}}