{"id":859,"date":"2025-05-22T23:56:27","date_gmt":"2025-05-23T02:56:27","guid":{"rendered":"https:\/\/cctvtalca.cl\/?post_type=product&#038;p=859"},"modified":"2026-04-09T13:42:23","modified_gmt":"2026-04-09T16:42:23","slug":"kit-4-camaras-5mp-fullcolor-hdd-1tb-instalacion","status":"publish","type":"product","link":"https:\/\/cctvtalca.cl\/en\/product\/kit-4-camaras-5mp-fullcolor-hdd-1tb-instalacion\/","title":{"rendered":"Kit 4 C\u00e1maras 5MP FullColor + HDD 1TB +INSTALACION"},"content":{"rendered":"<h3 data-end=\"369\" data-start=\"335\"><strong data-end=\"367\" data-start=\"339\">\u00a0Ventajas y Beneficios:<\/strong><\/h3>\n<p data-end=\"942\" data-start=\"370\">\u2714\u00a0<strong data-end=\"404\" data-start=\"372\">Im\u00e1genes en Alta Resoluci\u00f3n:<\/strong>\u00a0C\u00e1maras de\u00a0<strong data-end=\"423\" data-start=\"416\">5MP<\/strong>\u00a0para capturar cada detalle con gran nitidez.<br data-end=\"471\" data-start=\"468\" \/>\u2714\u00a0<strong data-end=\"496\" data-start=\"473\">Grabaci\u00f3n Continua:<\/strong>\u00a0Disco duro\u00a0<strong data-end=\"528\" data-start=\"508\">WD Purple de 1TB<\/strong>, dise\u00f1ado para videovigilancia 24\/7.<br data-end=\"568\" data-start=\"565\" \/>\u2714\u00a0<strong data-end=\"598\" data-start=\"570\">Seguridad en Todo Clima:<\/strong>\u00a0C\u00e1maras con protecci\u00f3n\u00a0<strong data-end=\"630\" data-start=\"622\">IP66<\/strong>, resistentes al agua y al polvo.<br data-end=\"666\" data-start=\"663\" \/>\u2714\u00a0<strong data-end=\"689\" data-start=\"668\">Monitoreo Remoto:<\/strong>\u00a0Accede a las c\u00e1maras desde tu celular o PC, est\u00e9s donde est\u00e9s.<br data-end=\"755\" data-start=\"752\" \/>\u2714\u00a0<strong data-end=\"779\" data-start=\"757\">F\u00e1cil Instalaci\u00f3n:<\/strong>\u00a0Incluye cables, adaptadores y accesorios para una configuraci\u00f3n sencilla.<br data-end=\"856\" data-start=\"853\" \/>\u2714\u00a0<strong data-end=\"877\" data-start=\"858\">XVR Expandible:<\/strong>\u00a0Soporta hasta\u00a0<strong data-end=\"905\" data-start=\"892\">4 c\u00e1maras.<\/strong><\/p>","protected":false},"excerpt":{"rendered":"<p data-end=\"150\" data-start=\"68\"><strong data-end=\"143\" data-start=\"68\">\u00a1Protege lo que m\u00e1s importa con la mejor tecnolog\u00eda en videovigilancia!<\/strong><\/p>\n<p data-end=\"333\" data-start=\"152\">Este kit completo te ofrece im\u00e1genes en\u00a0<strong data-end=\"215\" data-start=\"192\">alta definici\u00f3n 5MP<\/strong>, almacenamiento confiable y una instalaci\u00f3n sencilla para que puedas monitorear tu hogar o negocio en todo momento.<\/p>\n<p data-end=\"333\" data-start=\"152\">\u00a1Monitorea y protege tu espacio con la mejor calidad y confiabilidad!<\/p>","protected":false},"featured_media":860,"comment_status":"open","ping_status":"closed","template":"","meta":{"_glsr_average":0,"_glsr_ranking":0,"_glsr_reviews":0,"_joinchat":[]},"product_brand":[],"product_cat":[20],"product_tag":[],"class_list":{"0":"post-859","1":"product","2":"type-product","3":"status-publish","4":"has-post-thumbnail","6":"product_cat-kit-de-camaras","8":"first","9":"outofstock","10":"taxable","11":"shipping-taxable","12":"purchasable","13":"product-type-simple"},"yoast_head":"<!-- This site is optimized with the Yoast SEO plugin v20.5 - https:\/\/yoast.com\/wordpress\/plugins\/seo\/ -->\n<title>Kit 4 C\u00e1maras 5MP FullColor + HDD 1TB +INSTALACION - cctvtalca<\/title>\n<meta name=\"description\" content=\"\u00a0Ventajas y Beneficios:\u2714\u00a0Im\u00e1genes en Alta Resoluci\u00f3n:\u00a0C\u00e1maras de\u00a05MP\u00a0para capturar cada detalle con gran nitidez.\u2714\u00a0Grabaci\u00f3n Continua:\u00a0Disco duro\u00a0WD Purple de 1TB, dise\u00f1ado para videovigilancia 24\/7.\u2714\u00a0Seguridad en Todo Clima:\u00a0C\u00e1maras con protecci\u00f3n\u00a0IP66, resistentes al agua y al polvo.\u2714\u00a0Monitoreo Remoto:\u00a0Accede a las c\u00e1maras desde tu celular o PC, est\u00e9s donde est\u00e9s.\u2714\u00a0F\u00e1cil Instalaci\u00f3n:\u00a0Incluye cables, adaptadores y accesorios para una configuraci\u00f3n sencilla.\u2714\u00a0XVR Expandible:\u00a0Soporta hasta\u00a04 c\u00e1maras.Protege lo que m\u00e1s importa con la mejor tecnolog\u00eda en videovigilancia!Este kit completo te ofrece im\u00e1genes en\u00a0alta definici\u00f3n 5MP, almacenamiento confiable y una instalaci\u00f3n sencilla para que puedas monitorear tu hogar o negocio en todo momento.\u00a1Monitorea y protege tu espacio con la mejor calidad y confiabilidad!\" \/>\n<meta name=\"robots\" content=\"index, follow, max-snippet:-1, max-image-preview:large, max-video-preview:-1\" \/>\n<link rel=\"canonical\" href=\"https:\/\/cctvtalca.cl\/en\/product\/kit-4-camaras-5mp-fullcolor-hdd-1tb-instalacion\/\" \/>\n<meta property=\"og:locale\" content=\"en_US\" \/>\n<meta property=\"og:type\" content=\"article\" \/>\n<meta property=\"og:title\" content=\"Kit 4 C\u00e1maras 5MP FullColor + HDD 1TB +INSTALACION - cctvtalca\" \/>\n<meta property=\"og:description\" content=\"\u00a0Ventajas y Beneficios:\u2714\u00a0Im\u00e1genes en Alta Resoluci\u00f3n:\u00a0C\u00e1maras de\u00a05MP\u00a0para capturar cada detalle con gran nitidez.\u2714\u00a0Grabaci\u00f3n Continua:\u00a0Disco duro\u00a0WD Purple de 1TB, dise\u00f1ado para videovigilancia 24\/7.\u2714\u00a0Seguridad en Todo Clima:\u00a0C\u00e1maras con protecci\u00f3n\u00a0IP66, resistentes al agua y al polvo.\u2714\u00a0Monitoreo Remoto:\u00a0Accede a las c\u00e1maras desde tu celular o PC, est\u00e9s donde est\u00e9s.\u2714\u00a0F\u00e1cil Instalaci\u00f3n:\u00a0Incluye cables, adaptadores y accesorios para una configuraci\u00f3n sencilla.\u2714\u00a0XVR Expandible:\u00a0Soporta hasta\u00a04 c\u00e1maras.Protege lo que m\u00e1s importa con la mejor tecnolog\u00eda en videovigilancia!Este kit completo te ofrece im\u00e1genes en\u00a0alta definici\u00f3n 5MP, almacenamiento confiable y una instalaci\u00f3n sencilla para que puedas monitorear tu hogar o negocio en todo momento.\u00a1Monitorea y protege tu espacio con la mejor calidad y confiabilidad!\" \/>\n<meta property=\"og:url\" content=\"https:\/\/cctvtalca.cl\/en\/product\/kit-4-camaras-5mp-fullcolor-hdd-1tb-instalacion\/\" \/>\n<meta property=\"og:site_name\" content=\"cctvtalca\" \/>\n<meta property=\"article:modified_time\" content=\"2026-04-09T16:42:23+00:00\" \/>\n<meta property=\"og:image\" content=\"https:\/\/cctvtalca.cl\/wp-content\/uploads\/2025\/05\/PROMO-5-MEGA-PIXELES.jpg\" \/>\n\t<meta property=\"og:image:width\" content=\"285\" \/>\n\t<meta property=\"og:image:height\" content=\"243\" \/>\n\t<meta property=\"og:image:type\" content=\"image\/jpeg\" \/>\n<meta name=\"twitter:card\" content=\"summary_large_image\" \/>\n<meta name=\"twitter:label1\" content=\"Est. reading time\" \/>\n\t<meta name=\"twitter:data1\" content=\"1 minute\" \/>\n<script type=\"application\/ld+json\" class=\"yoast-schema-graph\">{\"@context\":\"https:\/\/schema.org\",\"@graph\":[{\"@type\":\"WebPage\",\"@id\":\"https:\/\/cctvtalca.cl\/producto\/kit-4-camaras-5mp-fullcolor-hdd-1tb-instalacion\/\",\"url\":\"https:\/\/cctvtalca.cl\/producto\/kit-4-camaras-5mp-fullcolor-hdd-1tb-instalacion\/\",\"name\":\"Kit 4 C\u00e1maras 5MP FullColor + HDD 1TB +INSTALACION - cctvtalca\",\"isPartOf\":{\"@id\":\"https:\/\/cctvtalca.cl\/#website\"},\"datePublished\":\"2025-05-23T02:56:27+00:00\",\"dateModified\":\"2026-04-09T16:42:23+00:00\",\"description\":\"\u00a0Ventajas y Beneficios:\u2714\u00a0Im\u00e1genes en Alta Resoluci\u00f3n:\u00a0C\u00e1maras de\u00a05MP\u00a0para capturar cada detalle con gran nitidez.\u2714\u00a0Grabaci\u00f3n Continua:\u00a0Disco duro\u00a0WD Purple de 1TB, dise\u00f1ado para videovigilancia 24\/7.\u2714\u00a0Seguridad en Todo Clima:\u00a0C\u00e1maras con protecci\u00f3n\u00a0IP66, resistentes al agua y al polvo.\u2714\u00a0Monitoreo Remoto:\u00a0Accede a las c\u00e1maras desde tu celular o PC, est\u00e9s donde est\u00e9s.\u2714\u00a0F\u00e1cil Instalaci\u00f3n:\u00a0Incluye cables, adaptadores y accesorios para una configuraci\u00f3n sencilla.\u2714\u00a0XVR Expandible:\u00a0Soporta hasta\u00a04 c\u00e1maras.Protege lo que m\u00e1s importa con la mejor tecnolog\u00eda en videovigilancia!Este kit completo te ofrece im\u00e1genes en\u00a0alta definici\u00f3n 5MP, almacenamiento confiable y una instalaci\u00f3n sencilla para que puedas monitorear tu hogar o negocio en todo momento.\u00a1Monitorea y protege tu espacio con la mejor calidad y confiabilidad!\",\"breadcrumb\":{\"@id\":\"https:\/\/cctvtalca.cl\/producto\/kit-4-camaras-5mp-fullcolor-hdd-1tb-instalacion\/#breadcrumb\"},\"inLanguage\":\"en-US\",\"potentialAction\":[{\"@type\":\"ReadAction\",\"target\":[\"https:\/\/cctvtalca.cl\/producto\/kit-4-camaras-5mp-fullcolor-hdd-1tb-instalacion\/\"]}]},{\"@type\":\"BreadcrumbList\",\"@id\":\"https:\/\/cctvtalca.cl\/producto\/kit-4-camaras-5mp-fullcolor-hdd-1tb-instalacion\/#breadcrumb\",\"itemListElement\":[{\"@type\":\"ListItem\",\"position\":1,\"name\":\"Portada\",\"item\":\"https:\/\/cctvtalca.cl\/\"},{\"@type\":\"ListItem\",\"position\":2,\"name\":\"Tienda\",\"item\":\"https:\/\/cctvtalca.cl\/tienda\/\"},{\"@type\":\"ListItem\",\"position\":3,\"name\":\"Kit 4 C\u00e1maras 5MP FullColor + HDD 1TB +INSTALACION\"}]},{\"@type\":\"WebSite\",\"@id\":\"https:\/\/cctvtalca.cl\/#website\",\"url\":\"https:\/\/cctvtalca.cl\/\",\"name\":\"cctvtalca\",\"description\":\"c\u00e1maras de seguridad\",\"publisher\":{\"@id\":\"https:\/\/cctvtalca.cl\/#organization\"},\"potentialAction\":[{\"@type\":\"SearchAction\",\"target\":{\"@type\":\"EntryPoint\",\"urlTemplate\":\"https:\/\/cctvtalca.cl\/?s={search_term_string}\"},\"query-input\":\"required name=search_term_string\"}],\"inLanguage\":\"en-US\"},{\"@type\":\"Organization\",\"@id\":\"https:\/\/cctvtalca.cl\/#organization\",\"name\":\"cctvtalca\",\"url\":\"https:\/\/cctvtalca.cl\/\",\"logo\":{\"@type\":\"ImageObject\",\"inLanguage\":\"en-US\",\"@id\":\"https:\/\/cctvtalca.cl\/#\/schema\/logo\/image\/\",\"url\":\"https:\/\/cctvtalca.cl\/wp-content\/uploads\/2022\/05\/cropped-cropped-cropped-LOGO-CCTVTALCA.jpg\",\"contentUrl\":\"https:\/\/cctvtalca.cl\/wp-content\/uploads\/2022\/05\/cropped-cropped-cropped-LOGO-CCTVTALCA.jpg\",\"width\":511,\"height\":240,\"caption\":\"cctvtalca\"},\"image\":{\"@id\":\"https:\/\/cctvtalca.cl\/#\/schema\/logo\/image\/\"}}]}<\/script>\n<!-- \/ Yoast SEO plugin. -->","yoast_head_json":{"title":"Kit 4 C\u00e1maras 5MP FullColor + HDD 1TB +INSTALACION - cctvtalca","description":"\u00a0Ventajas y Beneficios:\u2714\u00a0Im\u00e1genes en Alta Resoluci\u00f3n:\u00a0C\u00e1maras de\u00a05MP\u00a0para capturar cada detalle con gran nitidez.\u2714\u00a0Grabaci\u00f3n Continua:\u00a0Disco duro\u00a0WD Purple de 1TB, dise\u00f1ado para videovigilancia 24\/7.\u2714\u00a0Seguridad en Todo Clima:\u00a0C\u00e1maras con protecci\u00f3n\u00a0IP66, resistentes al agua y al polvo.\u2714\u00a0Monitoreo Remoto:\u00a0Accede a las c\u00e1maras desde tu celular o PC, est\u00e9s donde est\u00e9s.\u2714\u00a0F\u00e1cil Instalaci\u00f3n:\u00a0Incluye cables, adaptadores y accesorios para una configuraci\u00f3n sencilla.\u2714\u00a0XVR Expandible:\u00a0Soporta hasta\u00a04 c\u00e1maras.Protege lo que m\u00e1s importa con la mejor tecnolog\u00eda en videovigilancia!Este kit completo te ofrece im\u00e1genes en\u00a0alta definici\u00f3n 5MP, almacenamiento confiable y una instalaci\u00f3n sencilla para que puedas monitorear tu hogar o negocio en todo momento.\u00a1Monitorea y protege tu espacio con la mejor calidad y confiabilidad!","robots":{"index":"index","follow":"follow","max-snippet":"max-snippet:-1","max-image-preview":"max-image-preview:large","max-video-preview":"max-video-preview:-1"},"canonical":"https:\/\/cctvtalca.cl\/en\/product\/kit-4-camaras-5mp-fullcolor-hdd-1tb-instalacion\/","og_locale":"en_US","og_type":"article","og_title":"Kit 4 C\u00e1maras 5MP FullColor + HDD 1TB +INSTALACION - cctvtalca","og_description":"\u00a0Ventajas y Beneficios:\u2714\u00a0Im\u00e1genes en Alta Resoluci\u00f3n:\u00a0C\u00e1maras de\u00a05MP\u00a0para capturar cada detalle con gran nitidez.\u2714\u00a0Grabaci\u00f3n Continua:\u00a0Disco duro\u00a0WD Purple de 1TB, dise\u00f1ado para videovigilancia 24\/7.\u2714\u00a0Seguridad en Todo Clima:\u00a0C\u00e1maras con protecci\u00f3n\u00a0IP66, resistentes al agua y al polvo.\u2714\u00a0Monitoreo Remoto:\u00a0Accede a las c\u00e1maras desde tu celular o PC, est\u00e9s donde est\u00e9s.\u2714\u00a0F\u00e1cil Instalaci\u00f3n:\u00a0Incluye cables, adaptadores y accesorios para una configuraci\u00f3n sencilla.\u2714\u00a0XVR Expandible:\u00a0Soporta hasta\u00a04 c\u00e1maras.Protege lo que m\u00e1s importa con la mejor tecnolog\u00eda en videovigilancia!Este kit completo te ofrece im\u00e1genes en\u00a0alta definici\u00f3n 5MP, almacenamiento confiable y una instalaci\u00f3n sencilla para que puedas monitorear tu hogar o negocio en todo momento.\u00a1Monitorea y protege tu espacio con la mejor calidad y confiabilidad!","og_url":"https:\/\/cctvtalca.cl\/en\/product\/kit-4-camaras-5mp-fullcolor-hdd-1tb-instalacion\/","og_site_name":"cctvtalca","article_modified_time":"2026-04-09T16:42:23+00:00","og_image":[{"width":285,"height":243,"url":"https:\/\/cctvtalca.cl\/wp-content\/uploads\/2025\/05\/PROMO-5-MEGA-PIXELES.jpg","type":"image\/jpeg"}],"twitter_card":"summary_large_image","twitter_misc":{"Est. reading time":"1 minute"},"schema":{"@context":"https:\/\/schema.org","@graph":[{"@type":"WebPage","@id":"https:\/\/cctvtalca.cl\/producto\/kit-4-camaras-5mp-fullcolor-hdd-1tb-instalacion\/","url":"https:\/\/cctvtalca.cl\/producto\/kit-4-camaras-5mp-fullcolor-hdd-1tb-instalacion\/","name":"Kit 4 C\u00e1maras 5MP FullColor + HDD 1TB +INSTALACION - cctvtalca","isPartOf":{"@id":"https:\/\/cctvtalca.cl\/#website"},"datePublished":"2025-05-23T02:56:27+00:00","dateModified":"2026-04-09T16:42:23+00:00","description":"\u00a0Ventajas y Beneficios:\u2714\u00a0Im\u00e1genes en Alta Resoluci\u00f3n:\u00a0C\u00e1maras de\u00a05MP\u00a0para capturar cada detalle con gran nitidez.\u2714\u00a0Grabaci\u00f3n Continua:\u00a0Disco duro\u00a0WD Purple de 1TB, dise\u00f1ado para videovigilancia 24\/7.\u2714\u00a0Seguridad en Todo Clima:\u00a0C\u00e1maras con protecci\u00f3n\u00a0IP66, resistentes al agua y al polvo.\u2714\u00a0Monitoreo Remoto:\u00a0Accede a las c\u00e1maras desde tu celular o PC, est\u00e9s donde est\u00e9s.\u2714\u00a0F\u00e1cil Instalaci\u00f3n:\u00a0Incluye cables, adaptadores y accesorios para una configuraci\u00f3n sencilla.\u2714\u00a0XVR Expandible:\u00a0Soporta hasta\u00a04 c\u00e1maras.Protege lo que m\u00e1s importa con la mejor tecnolog\u00eda en videovigilancia!Este kit completo te ofrece im\u00e1genes en\u00a0alta definici\u00f3n 5MP, almacenamiento confiable y una instalaci\u00f3n sencilla para que puedas monitorear tu hogar o negocio en todo momento.\u00a1Monitorea y protege tu espacio con la mejor calidad y confiabilidad!","breadcrumb":{"@id":"https:\/\/cctvtalca.cl\/producto\/kit-4-camaras-5mp-fullcolor-hdd-1tb-instalacion\/#breadcrumb"},"inLanguage":"en-US","potentialAction":[{"@type":"ReadAction","target":["https:\/\/cctvtalca.cl\/producto\/kit-4-camaras-5mp-fullcolor-hdd-1tb-instalacion\/"]}]},{"@type":"BreadcrumbList","@id":"https:\/\/cctvtalca.cl\/producto\/kit-4-camaras-5mp-fullcolor-hdd-1tb-instalacion\/#breadcrumb","itemListElement":[{"@type":"ListItem","position":1,"name":"Portada","item":"https:\/\/cctvtalca.cl\/"},{"@type":"ListItem","position":2,"name":"Tienda","item":"https:\/\/cctvtalca.cl\/tienda\/"},{"@type":"ListItem","position":3,"name":"Kit 4 C\u00e1maras 5MP FullColor + HDD 1TB +INSTALACION"}]},{"@type":"WebSite","@id":"https:\/\/cctvtalca.cl\/#website","url":"https:\/\/cctvtalca.cl\/","name":"cctvtalca","description":"c\u00e1maras de seguridad","publisher":{"@id":"https:\/\/cctvtalca.cl\/#organization"},"potentialAction":[{"@type":"SearchAction","target":{"@type":"EntryPoint","urlTemplate":"https:\/\/cctvtalca.cl\/?s={search_term_string}"},"query-input":"required name=search_term_string"}],"inLanguage":"en-US"},{"@type":"Organization","@id":"https:\/\/cctvtalca.cl\/#organization","name":"cctvtalca","url":"https:\/\/cctvtalca.cl\/","logo":{"@type":"ImageObject","inLanguage":"en-US","@id":"https:\/\/cctvtalca.cl\/#\/schema\/logo\/image\/","url":"https:\/\/cctvtalca.cl\/wp-content\/uploads\/2022\/05\/cropped-cropped-cropped-LOGO-CCTVTALCA.jpg","contentUrl":"https:\/\/cctvtalca.cl\/wp-content\/uploads\/2022\/05\/cropped-cropped-cropped-LOGO-CCTVTALCA.jpg","width":511,"height":240,"caption":"cctvtalca"},"image":{"@id":"https:\/\/cctvtalca.cl\/#\/schema\/logo\/image\/"}}]}},"_links":{"self":[{"href":"https:\/\/cctvtalca.cl\/en\/wp-json\/wp\/v2\/product\/859","targetHints":{"allow":["GET"]}}],"collection":[{"href":"https:\/\/cctvtalca.cl\/en\/wp-json\/wp\/v2\/product"}],"about":[{"href":"https:\/\/cctvtalca.cl\/en\/wp-json\/wp\/v2\/types\/product"}],"replies":[{"embeddable":true,"href":"https:\/\/cctvtalca.cl\/en\/wp-json\/wp\/v2\/comments?post=859"}],"wp:featuredmedia":[{"embeddable":true,"href":"https:\/\/cctvtalca.cl\/en\/wp-json\/wp\/v2\/media\/860"}],"wp:attachment":[{"href":"https:\/\/cctvtalca.cl\/en\/wp-json\/wp\/v2\/media?parent=859"}],"wp:term":[{"taxonomy":"product_brand","embeddable":true,"href":"https:\/\/cctvtalca.cl\/en\/wp-json\/wp\/v2\/product_brand?post=859"},{"taxonomy":"product_cat","embeddable":true,"href":"https:\/\/cctvtalca.cl\/en\/wp-json\/wp\/v2\/product_cat?post=859"},{"taxonomy":"product_tag","embeddable":true,"href":"https:\/\/cctvtalca.cl\/en\/wp-json\/wp\/v2\/product_tag?post=859"}],"curies":[{"name":"wp","href":"https:\/\/api.w.org\/{rel}","templated":true}]}}