{"id":871,"date":"2025-07-28T22:25:15","date_gmt":"2025-07-29T01:25:15","guid":{"rendered":"https:\/\/cctvtalca.cl\/?post_type=product&#038;p=871"},"modified":"2025-07-29T00:09:24","modified_gmt":"2025-07-29T03:09:24","slug":"punto-de-venta-multicaja","status":"publish","type":"product","link":"https:\/\/cctvtalca.cl\/en\/product\/punto-de-venta-multicaja\/","title":{"rendered":"PUNTO DE VENTA MULTICAJA"},"content":{"rendered":"<div class=\"max-w-3xl text-left pb-12\">\n<header>\n<h1 class=\"h1 mb-4\">Ventas<\/h1>\n<p class=\"text-xl text-gray-600\">Conoce c\u00f3mo funciona el m\u00f3dulo de ventas<\/p>\n<\/header>\n<\/div>\n<div class=\"mt-5\">\n<table class=\"table-auto\">\n<tbody>\n<tr>\n<td><\/td>\n<td class=\"px-4 py-2\"><i class=\"fa-regular fa-file-lines\"><\/i>Productos comunes<\/td>\n<\/tr>\n<tr>\n<td><\/td>\n<td class=\"px-4 py-2\"><i class=\"fa-regular fa-file-lines\"><\/i>Agregar productos a una venta<\/td>\n<\/tr>\n<tr>\n<td><\/td>\n<td class=\"px-4 py-2\"><i class=\"fa-regular fa-file-lines\"><\/i>Asignar una venta a un cliente<\/td>\n<\/tr>\n<tr>\n<td><\/td>\n<td class=\"px-4 py-2\"><i class=\"fa-regular fa-file-lines\"><\/i>Cobrar una Venta<\/td>\n<\/tr>\n<tr>\n<td><\/td>\n<td class=\"px-4 py-2\"><i class=\"fa-regular fa-file-lines\"><\/i>Productos a granel<\/td>\n<\/tr>\n<tr>\n<td><\/td>\n<td class=\"px-4 py-2\"><i class=\"fa-regular fa-file-lines\"><\/i>Descuentos y precios de mayoreo<\/td>\n<\/tr>\n<tr>\n<td><\/td>\n<td class=\"px-4 py-2\"><i class=\"fa-regular fa-file-lines\"><\/i>Atender a varios clientes a la vez<\/td>\n<\/tr>\n<tr>\n<td><\/td>\n<td class=\"px-4 py-2\"><i class=\"fa-regular fa-file-lines\"><\/i>Entradas y salidas de caja<\/td>\n<\/tr>\n<tr>\n<td><\/td>\n<td class=\"px-4 py-2\"><i class=\"fa-regular fa-file-lines\"><\/i>Ventas, devoluciones y cancelaciones<\/td>\n<\/tr>\n<tr>\n<td><\/td>\n<td class=\"px-4 py-2\"><i class=\"fa-regular fa-file-lines\"><\/i>Verificador de precios<\/td>\n<\/tr>\n<tr>\n<td><\/td>\n<td class=\"px-4 py-2\"><i class=\"fa-regular fa-file-lines\"><\/i>Venta de Productos por paquete o unidad<\/td>\n<\/tr>\n<\/tbody>\n<\/table>\n<div class=\"max-w-3xl text-left pb-12\">\n<header>\n<h1 class=\"h1 mb-4\">Formas de pago<\/h1>\n<p class=\"text-xl text-gray-600\">Aqu\u00ed encontrar\u00e1s de forma detallada las diversas opciones de pago disponibles para cobrar tus ventas<\/p>\n<\/header>\n<\/div>\n<div class=\"mt-5\">\n<table class=\"table-auto\">\n<tbody>\n<tr>\n<td><\/td>\n<td class=\"px-4 py-2\"><i class=\"fa-regular fa-file-lines\"><\/i>Efectivo<\/td>\n<\/tr>\n<tr>\n<td><\/td>\n<td class=\"px-4 py-2\"><i class=\"fa-regular fa-file-lines\"><\/i><span dir=\"auto\" style=\"vertical-align: inherit;\"><span dir=\"auto\" style=\"vertical-align: inherit;\">Cr\u00e9dito<\/span><\/span><\/td>\n<\/tr>\n<tr>\n<td><\/td>\n<td class=\"px-4 py-2\"><i class=\"fa-regular fa-file-lines\"><\/i>D\u00f3lares<\/td>\n<\/tr>\n<tr>\n<td><\/td>\n<td class=\"px-4 py-2\"><i class=\"fa-regular fa-file-lines\"><\/i><span dir=\"auto\" style=\"vertical-align: inherit;\"><span dir=\"auto\" style=\"vertical-align: inherit;\">Valles<\/span><\/span><\/td>\n<\/tr>\n<tr>\n<td><\/td>\n<td class=\"px-4 py-2\"><i class=\"fa-regular fa-file-lines\"><\/i>Tarjetas<\/td>\n<\/tr>\n<tr>\n<td><\/td>\n<td class=\"px-4 py-2\"><i class=\"fa-regular fa-file-lines\"><\/i><span dir=\"auto\" style=\"vertical-align: inherit;\"><span dir=\"auto\" style=\"vertical-align: inherit;\">Mezclado<\/span><\/span><\/td>\n<\/tr>\n<\/tbody>\n<\/table>\n<div class=\"max-w-3xl text-left pb-12\">\n<header>\n<h1 class=\"h1 mb-4\">Productos<\/h1>\n<p class=\"text-xl text-gray-600\">Todo lo que debes de saber para tu cat\u00e1logo de productos<\/p>\n<\/header>\n<\/div>\n<div class=\"mt-5\">\n<table class=\"table-auto\">\n<tbody>\n<tr>\n<td><\/td>\n<td class=\"px-4 py-2\"><i class=\"fa-regular fa-file-lines\"><\/i>B\u00fasqueda de productos<\/td>\n<\/tr>\n<tr>\n<td><\/td>\n<td class=\"px-4 py-2\"><i class=\"fa-regular fa-file-lines\"><\/i>Crear, modificar y eliminar productos<\/td>\n<\/tr>\n<tr>\n<td><\/td>\n<td class=\"px-4 py-2\"><i class=\"fa-regular fa-file-lines\"><\/i>Productos compuesos (kit)<\/td>\n<\/tr>\n<tr>\n<td><\/td>\n<td class=\"px-4 py-2\"><i class=\"fa-regular fa-file-lines\"><\/i>Exportar productos a Excel<\/td>\n<\/tr>\n<tr>\n<td><\/td>\n<td class=\"px-4 py-2\"><i class=\"fa-regular fa-file-lines\"><\/i>Importar productos<\/td>\n<\/tr>\n<tr>\n<td><\/td>\n<td class=\"px-4 py-2\"><i class=\"fa-regular fa-file-lines\"><\/i><span dir=\"auto\" style=\"vertical-align: inherit;\"><span dir=\"auto\" style=\"vertical-align: inherit;\">Departamentos<\/span><\/span><\/td>\n<\/tr>\n<tr>\n<td><\/td>\n<td class=\"px-4 py-2\"><i class=\"fa-regular fa-file-lines\"><\/i>Promociones<\/td>\n<\/tr>\n<tr>\n<td><\/td>\n<td class=\"px-4 py-2\"><i class=\"fa-regular fa-file-lines\"><\/i>Cat\u00e1logo de productos<\/td>\n<\/tr>\n<tr>\n<td><\/td>\n<td class=\"px-4 py-2\"><i class=\"fa-regular fa-file-lines\"><\/i>Actualizando varios productos a la vez<\/p>\n<p>&nbsp;<\/td>\n<\/tr>\n<\/tbody>\n<\/table>\n<div class=\"max-w-3xl text-left pb-12\">\n<header>\n<h1 class=\"h1 mb-4\">Inventarios<\/h1>\n<p class=\"text-xl text-gray-600\">Domina y saca el mayor provecho de\u00a0 usando inventarios en tu negocio<\/p>\n<\/header>\n<\/div>\n<div class=\"mt-5\">\n<table class=\"table-auto\">\n<tbody>\n<tr>\n<td><\/td>\n<td class=\"px-4 py-2\"><i class=\"fa-regular fa-file-lines\"><\/i>Manejo de inventario<\/td>\n<\/tr>\n<tr>\n<td><\/td>\n<td class=\"px-4 py-2\"><i class=\"fa-regular fa-file-lines\"><\/i>Agregar inventario<\/td>\n<\/tr>\n<tr>\n<td><\/td>\n<td class=\"px-4 py-2\"><i class=\"fa-regular fa-file-lines\"><\/i>Ajustes de inventario<\/td>\n<\/tr>\n<tr>\n<td><\/td>\n<td class=\"px-4 py-2\"><i class=\"fa-regular fa-file-lines\"><\/i>Productos bajos en inventario<\/td>\n<\/tr>\n<tr>\n<td><\/td>\n<td class=\"px-4 py-2\"><i class=\"fa-regular fa-file-lines\"><\/i>Reporte de inventario<\/td>\n<\/tr>\n<tr>\n<td><\/td>\n<td class=\"px-4 py-2\"><i class=\"fa-regular fa-file-lines\"><\/i>Reporte de movimientos<\/td>\n<\/tr>\n<tr>\n<td><\/td>\n<td class=\"px-4 py-2\"><i class=\"fa-regular fa-file-lines\"><\/i>Kardex de inventario<\/td>\n<\/tr>\n<\/tbody>\n<\/table>\n<div class=\"max-w-3xl text-left pb-12\">\n<header>\n<h1 class=\"h1 mb-4\">Cortes y turnos<\/h1>\n<p class=\"text-xl text-gray-600\">Organiza los turnos y cortes con tus cajeros<\/p>\n<\/header>\n<\/div>\n<div class=\"mt-5\">\n<table class=\"table-auto\">\n<tbody>\n<tr>\n<td><\/td>\n<td class=\"px-4 py-2\"><span dir=\"auto\" style=\"vertical-align: inherit;\"><span dir=\"auto\" style=\"vertical-align: inherit;\">Cort\u00e9s<\/span><\/span><\/td>\n<\/tr>\n<tr>\n<td><\/td>\n<td class=\"px-4 py-2\"><span dir=\"auto\" style=\"vertical-align: inherit;\"><span dir=\"auto\" style=\"vertical-align: inherit;\">Tribunal del turno<\/span><\/span><\/td>\n<\/tr>\n<tr>\n<td><\/td>\n<td class=\"px-4 py-2\">Corte del d\u00eda<\/td>\n<\/tr>\n<tr>\n<td><\/td>\n<td class=\"px-4 py-2\">Manejo de turnos<\/td>\n<\/tr>\n<tr>\n<td><\/td>\n<td class=\"px-4 py-2\">Historial de cortes<\/td>\n<\/tr>\n<tr>\n<td><\/td>\n<td class=\"px-4 py-2\">Corte por correo electr\u00f3nico<\/td>\n<\/tr>\n<\/tbody>\n<\/table>\n<div class=\"max-w-3xl text-left pb-12\">\n<header>\n<h1 class=\"h1 mb-4\">Reportes<\/h1>\n<p class=\"text-xl text-gray-600\">Obt\u00e9n la informaci\u00f3n necesaria para llevar tu negocio al \u00e9xito<\/p>\n<\/header>\n<\/div>\n<div class=\"mt-5\">\n<table class=\"table-auto\">\n<tbody>\n<tr>\n<td><\/td>\n<td class=\"px-4 py-2\">Reporte de ventas<\/td>\n<\/tr>\n<tr>\n<td><\/td>\n<td class=\"px-4 py-2\">Reporte de ventas por cliente<\/td>\n<\/tr>\n<tr>\n<td><\/td>\n<td class=\"px-4 py-2\">Ventas por periodo<\/td>\n<\/tr>\n<\/tbody>\n<\/table>\n<p>&nbsp;<\/p>\n<p>INCLUYE\u00a0 :<\/p>\n<table class=\"table-auto\">\n<tbody>\n<tr>\n<td><\/td>\n<td class=\"px-4 py-2\">COMPUTADORA\u00a0 CORE I5\u00a0 NUEVA<\/td>\n<\/tr>\n<tr>\n<td><\/td>\n<td class=\"px-4 py-2\"><i class=\"fa-regular fa-file-lines\">PANTALLA DE 22 PULGADAS\u00a0 NUEVA<\/i><\/td>\n<\/tr>\n<tr>\n<td><\/td>\n<td class=\"px-4 py-2\"><i class=\"fa-regular fa-file-lines\">LECTOR DE BARRA\u00a0 \u00a0 Y QR\u00a0 NUEVO<\/i><\/td>\n<\/tr>\n<tr>\n<td><\/td>\n<td class=\"px-4 py-2\"><i class=\"fa-regular fa-file-lines\">GABETA\u00a0 DE DINERO 5 BILLETES 5 MONEDAS<\/i><\/td>\n<\/tr>\n<tr>\n<td><\/td>\n<td class=\"px-4 py-2\"><i class=\"fa-regular fa-file-lines\">IMPRESORA TERMICA 58 MM<\/i><\/td>\n<\/tr>\n<tr>\n<td><\/td>\n<td class=\"px-4 py-2\"><i class=\"fa-regular fa-file-lines\">TECLADO Y MAUSE\u00a0 RETRO ILUMINADO\u00a0 NUEVO<\/i><\/td>\n<\/tr>\n<tr>\n<td><\/td>\n<td class=\"px-4 py-2\"><i class=\"fa-regular fa-file-lines\">SISTEMA DE VENTA CON LICENCIA INDEFINIDA<\/i><\/td>\n<\/tr>\n<\/tbody>\n<\/table>\n<\/div>\n<\/div>\n<p>&nbsp;<\/p>\n<p>&nbsp;<\/p>\n<p>&nbsp;<\/p>\n<\/div>\n<\/div>\n<\/div>\n<\/div>","protected":false},"excerpt":{"rendered":"<h3>\u00a0POTENCIA TU NEGOCIO<\/h3>\n<p class=\"text-lg text-eleventa-100 mb-4\" dir=\"ltr\">Compite con los grandes supermercados o cadenas nacionales y con aquellos negocios que ya se benefician de un punto de venta<\/p>\n<div class=\"mt-6\">\n<h4 class=\"h4 mb-2\">\u00a0No necesitas saber de computaci\u00f3n<\/h4>\n<p>Un t\u00e9cnico instalador te ayudar\u00e1 a configurar \u00a0para que comiences a trabajar en menos de\u00a0 20 minutos<\/p>\n<\/div>\n<div class=\"mt-6\">\n<h4 class=\"h4 mb-2\"><span class=\"text-eleventa-300\">.<\/span>\u00a0Ahorra much\u00edsimo tiempo<\/h4>\n<p class=\"text-lg text-eleventa-100\">Conecta tu lector de c\u00f3digo de barras, caj\u00f3n de dinero, impresora de tickets y b\u00e1scula electr\u00f3nica; incluye 7500 productos precargados<\/p>\n<\/div>\n<div class=\"mt-6\">\n<h4 class=\"h4 mb-2\"><span class=\"text-eleventa-300\">.<\/span>\u00a0Administra tus productos<\/h4>\n<p class=\"text-lg text-eleventa-100\">No tienes que recordar ni un solo precio (Incluso tenemos clientes con m\u00e1s de 10,000 productos), mant\u00e9n un registro de todos tus movimientos<\/p>\n<\/div>\n<div class=\"mt-6\">\n<h4 class=\"h4 mb-2\"><span class=\"text-eleventa-300\">.<\/span>\u00a0Haz crecer tu negocio<\/h4>\n<p class=\"text-lg text-eleventa-100\">Aplica promociones especiales, precios de mayoreo, otorga cr\u00e9dito a tus clientes, genera reportes y conoce c\u00f3mo cerr\u00f3 cada turno<\/p>\n<p><img loading=\"lazy\" decoding=\"async\" class=\"alignnone size-medium wp-image-873\" src=\"https:\/\/cctvtalca.cl\/wp-content\/uploads\/2025\/07\/Logo_Sercotec-300x195.png\" alt=\"\" width=\"300\" height=\"195\" srcset=\"https:\/\/cctvtalca.cl\/wp-content\/uploads\/2025\/07\/Logo_Sercotec-300x195.png 300w, https:\/\/cctvtalca.cl\/wp-content\/uploads\/2025\/07\/Logo_Sercotec-18x12.png 18w, https:\/\/cctvtalca.cl\/wp-content\/uploads\/2025\/07\/Logo_Sercotec-64x42.png 64w, https:\/\/cctvtalca.cl\/wp-content\/uploads\/2025\/07\/Logo_Sercotec.png 330w\" sizes=\"auto, (max-width: 300px) 100vw, 300px\" \/><\/p>\n<\/div>","protected":false},"featured_media":872,"comment_status":"open","ping_status":"closed","template":"","meta":{"_glsr_average":0,"_glsr_ranking":0,"_glsr_reviews":0,"_joinchat":[]},"product_brand":[],"product_cat":[35,28],"product_tag":[37],"class_list":{"0":"post-871","1":"product","2":"type-product","3":"status-publish","4":"has-post-thumbnail","6":"product_cat-ofertas-especiales","7":"product_cat-pos-de-venta","8":"product_tag-punto-de-venta-multicaja","10":"first","11":"instock","12":"sale","13":"taxable","14":"shipping-taxable","15":"purchasable","16":"product-type-simple"},"yoast_head":"<!-- This site is optimized with the Yoast SEO plugin v20.5 - https:\/\/yoast.com\/wordpress\/plugins\/seo\/ -->\n<title>PUNTO DE VENTA MULTICAJA - cctvtalca<\/title>\n<meta name=\"description\" content=\"te pone a la par de la competencia Compite con los grandes supermercados o cadenas nacionales y con aquellos negocios que ya se benefician de un punto de venta No necesitas saber de computaci\u00f3n Un t\u00e9cnico instalador te ayudar\u00e1 a configurar para que comiences a trabajar en menos de 20 minutos. Ahorra much\u00edsimo tiempo Conecta tu lector de c\u00f3digo de barras, caj\u00f3n de dinero, impresora de tickets y b\u00e1scula electr\u00f3nica; incluye 7500 productos precargados. Administra tus productos No tienes que recordar ni un solo precio (Incluso tenemos clientes con m\u00e1s de 10,000 productos), mant\u00e9n un registro de todos tus movimientos. Haz crecer tu negocio Aplica promociones especiales, precios de mayoreo, otorga cr\u00e9dito a tus clientes, genera reportes y conoce c\u00f3mo cerr\u00f3 cada turno\" \/>\n<meta name=\"robots\" content=\"index, follow, max-snippet:-1, max-image-preview:large, max-video-preview:-1\" \/>\n<link rel=\"canonical\" href=\"https:\/\/cctvtalca.cl\/en\/product\/punto-de-venta-multicaja\/\" \/>\n<meta property=\"og:locale\" content=\"en_US\" \/>\n<meta property=\"og:type\" content=\"article\" \/>\n<meta property=\"og:title\" content=\"PUNTO DE VENTA MULTICAJA - cctvtalca\" \/>\n<meta property=\"og:description\" content=\"te pone a la par de la competencia Compite con los grandes supermercados o cadenas nacionales y con aquellos negocios que ya se benefician de un punto de venta No necesitas saber de computaci\u00f3n Un t\u00e9cnico instalador te ayudar\u00e1 a configurar para que comiences a trabajar en menos de 20 minutos. Ahorra much\u00edsimo tiempo Conecta tu lector de c\u00f3digo de barras, caj\u00f3n de dinero, impresora de tickets y b\u00e1scula electr\u00f3nica; incluye 7500 productos precargados. Administra tus productos No tienes que recordar ni un solo precio (Incluso tenemos clientes con m\u00e1s de 10,000 productos), mant\u00e9n un registro de todos tus movimientos. Haz crecer tu negocio Aplica promociones especiales, precios de mayoreo, otorga cr\u00e9dito a tus clientes, genera reportes y conoce c\u00f3mo cerr\u00f3 cada turno\" \/>\n<meta property=\"og:url\" content=\"https:\/\/cctvtalca.cl\/en\/product\/punto-de-venta-multicaja\/\" \/>\n<meta property=\"og:site_name\" content=\"cctvtalca\" \/>\n<meta property=\"article:modified_time\" content=\"2025-07-29T03:09:24+00:00\" \/>\n<meta property=\"og:image\" content=\"https:\/\/cctvtalca.cl\/wp-content\/uploads\/2025\/07\/punto-venta-sercotec.jpg\" \/>\n\t<meta property=\"og:image:width\" content=\"1200\" \/>\n\t<meta property=\"og:image:height\" content=\"1485\" \/>\n\t<meta property=\"og:image:type\" content=\"image\/jpeg\" \/>\n<meta name=\"twitter:card\" content=\"summary_large_image\" \/>\n<meta name=\"twitter:label1\" content=\"Est. reading time\" \/>\n\t<meta name=\"twitter:data1\" content=\"2 minutes\" \/>\n<script type=\"application\/ld+json\" class=\"yoast-schema-graph\">{\"@context\":\"https:\/\/schema.org\",\"@graph\":[{\"@type\":\"WebPage\",\"@id\":\"https:\/\/cctvtalca.cl\/producto\/punto-de-venta-multicaja\/\",\"url\":\"https:\/\/cctvtalca.cl\/producto\/punto-de-venta-multicaja\/\",\"name\":\"PUNTO DE VENTA MULTICAJA - cctvtalca\",\"isPartOf\":{\"@id\":\"https:\/\/cctvtalca.cl\/#website\"},\"datePublished\":\"2025-07-29T01:25:15+00:00\",\"dateModified\":\"2025-07-29T03:09:24+00:00\",\"description\":\"te pone a la par de la competencia Compite con los grandes supermercados o cadenas nacionales y con aquellos negocios que ya se benefician de un punto de venta No necesitas saber de computaci\u00f3n Un t\u00e9cnico instalador te ayudar\u00e1 a configurar para que comiences a trabajar en menos de 20 minutos. Ahorra much\u00edsimo tiempo Conecta tu lector de c\u00f3digo de barras, caj\u00f3n de dinero, impresora de tickets y b\u00e1scula electr\u00f3nica; incluye 7500 productos precargados. Administra tus productos No tienes que recordar ni un solo precio (Incluso tenemos clientes con m\u00e1s de 10,000 productos), mant\u00e9n un registro de todos tus movimientos. Haz crecer tu negocio Aplica promociones especiales, precios de mayoreo, otorga cr\u00e9dito a tus clientes, genera reportes y conoce c\u00f3mo cerr\u00f3 cada turno\",\"breadcrumb\":{\"@id\":\"https:\/\/cctvtalca.cl\/producto\/punto-de-venta-multicaja\/#breadcrumb\"},\"inLanguage\":\"en-US\",\"potentialAction\":[{\"@type\":\"ReadAction\",\"target\":[\"https:\/\/cctvtalca.cl\/producto\/punto-de-venta-multicaja\/\"]}]},{\"@type\":\"BreadcrumbList\",\"@id\":\"https:\/\/cctvtalca.cl\/producto\/punto-de-venta-multicaja\/#breadcrumb\",\"itemListElement\":[{\"@type\":\"ListItem\",\"position\":1,\"name\":\"Portada\",\"item\":\"https:\/\/cctvtalca.cl\/\"},{\"@type\":\"ListItem\",\"position\":2,\"name\":\"Tienda\",\"item\":\"https:\/\/cctvtalca.cl\/tienda\/\"},{\"@type\":\"ListItem\",\"position\":3,\"name\":\"PUNTO DE VENTA MULTICAJA\"}]},{\"@type\":\"WebSite\",\"@id\":\"https:\/\/cctvtalca.cl\/#website\",\"url\":\"https:\/\/cctvtalca.cl\/\",\"name\":\"cctvtalca\",\"description\":\"c\u00e1maras de seguridad\",\"publisher\":{\"@id\":\"https:\/\/cctvtalca.cl\/#organization\"},\"potentialAction\":[{\"@type\":\"SearchAction\",\"target\":{\"@type\":\"EntryPoint\",\"urlTemplate\":\"https:\/\/cctvtalca.cl\/?s={search_term_string}\"},\"query-input\":\"required name=search_term_string\"}],\"inLanguage\":\"en-US\"},{\"@type\":\"Organization\",\"@id\":\"https:\/\/cctvtalca.cl\/#organization\",\"name\":\"cctvtalca\",\"url\":\"https:\/\/cctvtalca.cl\/\",\"logo\":{\"@type\":\"ImageObject\",\"inLanguage\":\"en-US\",\"@id\":\"https:\/\/cctvtalca.cl\/#\/schema\/logo\/image\/\",\"url\":\"https:\/\/cctvtalca.cl\/wp-content\/uploads\/2022\/05\/cropped-cropped-cropped-LOGO-CCTVTALCA.jpg\",\"contentUrl\":\"https:\/\/cctvtalca.cl\/wp-content\/uploads\/2022\/05\/cropped-cropped-cropped-LOGO-CCTVTALCA.jpg\",\"width\":511,\"height\":240,\"caption\":\"cctvtalca\"},\"image\":{\"@id\":\"https:\/\/cctvtalca.cl\/#\/schema\/logo\/image\/\"}}]}<\/script>\n<!-- \/ Yoast SEO plugin. -->","yoast_head_json":{"title":"PUNTO DE VENTA MULTICAJA - cctvtalca","description":"te pone a la par de la competencia Compite con los grandes supermercados o cadenas nacionales y con aquellos negocios que ya se benefician de un punto de venta No necesitas saber de computaci\u00f3n Un t\u00e9cnico instalador te ayudar\u00e1 a configurar para que comiences a trabajar en menos de 20 minutos. Ahorra much\u00edsimo tiempo Conecta tu lector de c\u00f3digo de barras, caj\u00f3n de dinero, impresora de tickets y b\u00e1scula electr\u00f3nica; incluye 7500 productos precargados. Administra tus productos No tienes que recordar ni un solo precio (Incluso tenemos clientes con m\u00e1s de 10,000 productos), mant\u00e9n un registro de todos tus movimientos. Haz crecer tu negocio Aplica promociones especiales, precios de mayoreo, otorga cr\u00e9dito a tus clientes, genera reportes y conoce c\u00f3mo cerr\u00f3 cada turno","robots":{"index":"index","follow":"follow","max-snippet":"max-snippet:-1","max-image-preview":"max-image-preview:large","max-video-preview":"max-video-preview:-1"},"canonical":"https:\/\/cctvtalca.cl\/en\/product\/punto-de-venta-multicaja\/","og_locale":"en_US","og_type":"article","og_title":"PUNTO DE VENTA MULTICAJA - cctvtalca","og_description":"te pone a la par de la competencia Compite con los grandes supermercados o cadenas nacionales y con aquellos negocios que ya se benefician de un punto de venta No necesitas saber de computaci\u00f3n Un t\u00e9cnico instalador te ayudar\u00e1 a configurar para que comiences a trabajar en menos de 20 minutos. Ahorra much\u00edsimo tiempo Conecta tu lector de c\u00f3digo de barras, caj\u00f3n de dinero, impresora de tickets y b\u00e1scula electr\u00f3nica; incluye 7500 productos precargados. Administra tus productos No tienes que recordar ni un solo precio (Incluso tenemos clientes con m\u00e1s de 10,000 productos), mant\u00e9n un registro de todos tus movimientos. Haz crecer tu negocio Aplica promociones especiales, precios de mayoreo, otorga cr\u00e9dito a tus clientes, genera reportes y conoce c\u00f3mo cerr\u00f3 cada turno","og_url":"https:\/\/cctvtalca.cl\/en\/product\/punto-de-venta-multicaja\/","og_site_name":"cctvtalca","article_modified_time":"2025-07-29T03:09:24+00:00","og_image":[{"width":1200,"height":1485,"url":"https:\/\/cctvtalca.cl\/wp-content\/uploads\/2025\/07\/punto-venta-sercotec.jpg","type":"image\/jpeg"}],"twitter_card":"summary_large_image","twitter_misc":{"Est. reading time":"2 minutes"},"schema":{"@context":"https:\/\/schema.org","@graph":[{"@type":"WebPage","@id":"https:\/\/cctvtalca.cl\/producto\/punto-de-venta-multicaja\/","url":"https:\/\/cctvtalca.cl\/producto\/punto-de-venta-multicaja\/","name":"PUNTO DE VENTA MULTICAJA - cctvtalca","isPartOf":{"@id":"https:\/\/cctvtalca.cl\/#website"},"datePublished":"2025-07-29T01:25:15+00:00","dateModified":"2025-07-29T03:09:24+00:00","description":"te pone a la par de la competencia Compite con los grandes supermercados o cadenas nacionales y con aquellos negocios que ya se benefician de un punto de venta No necesitas saber de computaci\u00f3n Un t\u00e9cnico instalador te ayudar\u00e1 a configurar para que comiences a trabajar en menos de 20 minutos. Ahorra much\u00edsimo tiempo Conecta tu lector de c\u00f3digo de barras, caj\u00f3n de dinero, impresora de tickets y b\u00e1scula electr\u00f3nica; incluye 7500 productos precargados. Administra tus productos No tienes que recordar ni un solo precio (Incluso tenemos clientes con m\u00e1s de 10,000 productos), mant\u00e9n un registro de todos tus movimientos. Haz crecer tu negocio Aplica promociones especiales, precios de mayoreo, otorga cr\u00e9dito a tus clientes, genera reportes y conoce c\u00f3mo cerr\u00f3 cada turno","breadcrumb":{"@id":"https:\/\/cctvtalca.cl\/producto\/punto-de-venta-multicaja\/#breadcrumb"},"inLanguage":"en-US","potentialAction":[{"@type":"ReadAction","target":["https:\/\/cctvtalca.cl\/producto\/punto-de-venta-multicaja\/"]}]},{"@type":"BreadcrumbList","@id":"https:\/\/cctvtalca.cl\/producto\/punto-de-venta-multicaja\/#breadcrumb","itemListElement":[{"@type":"ListItem","position":1,"name":"Portada","item":"https:\/\/cctvtalca.cl\/"},{"@type":"ListItem","position":2,"name":"Tienda","item":"https:\/\/cctvtalca.cl\/tienda\/"},{"@type":"ListItem","position":3,"name":"PUNTO DE VENTA MULTICAJA"}]},{"@type":"WebSite","@id":"https:\/\/cctvtalca.cl\/#website","url":"https:\/\/cctvtalca.cl\/","name":"cctvtalca","description":"c\u00e1maras de seguridad","publisher":{"@id":"https:\/\/cctvtalca.cl\/#organization"},"potentialAction":[{"@type":"SearchAction","target":{"@type":"EntryPoint","urlTemplate":"https:\/\/cctvtalca.cl\/?s={search_term_string}"},"query-input":"required name=search_term_string"}],"inLanguage":"en-US"},{"@type":"Organization","@id":"https:\/\/cctvtalca.cl\/#organization","name":"cctvtalca","url":"https:\/\/cctvtalca.cl\/","logo":{"@type":"ImageObject","inLanguage":"en-US","@id":"https:\/\/cctvtalca.cl\/#\/schema\/logo\/image\/","url":"https:\/\/cctvtalca.cl\/wp-content\/uploads\/2022\/05\/cropped-cropped-cropped-LOGO-CCTVTALCA.jpg","contentUrl":"https:\/\/cctvtalca.cl\/wp-content\/uploads\/2022\/05\/cropped-cropped-cropped-LOGO-CCTVTALCA.jpg","width":511,"height":240,"caption":"cctvtalca"},"image":{"@id":"https:\/\/cctvtalca.cl\/#\/schema\/logo\/image\/"}}]}},"_links":{"self":[{"href":"https:\/\/cctvtalca.cl\/en\/wp-json\/wp\/v2\/product\/871","targetHints":{"allow":["GET"]}}],"collection":[{"href":"https:\/\/cctvtalca.cl\/en\/wp-json\/wp\/v2\/product"}],"about":[{"href":"https:\/\/cctvtalca.cl\/en\/wp-json\/wp\/v2\/types\/product"}],"replies":[{"embeddable":true,"href":"https:\/\/cctvtalca.cl\/en\/wp-json\/wp\/v2\/comments?post=871"}],"wp:featuredmedia":[{"embeddable":true,"href":"https:\/\/cctvtalca.cl\/en\/wp-json\/wp\/v2\/media\/872"}],"wp:attachment":[{"href":"https:\/\/cctvtalca.cl\/en\/wp-json\/wp\/v2\/media?parent=871"}],"wp:term":[{"taxonomy":"product_brand","embeddable":true,"href":"https:\/\/cctvtalca.cl\/en\/wp-json\/wp\/v2\/product_brand?post=871"},{"taxonomy":"product_cat","embeddable":true,"href":"https:\/\/cctvtalca.cl\/en\/wp-json\/wp\/v2\/product_cat?post=871"},{"taxonomy":"product_tag","embeddable":true,"href":"https:\/\/cctvtalca.cl\/en\/wp-json\/wp\/v2\/product_tag?post=871"}],"curies":[{"name":"wp","href":"https:\/\/api.w.org\/{rel}","templated":true}]}}