{"id":899,"date":"2025-08-04T00:04:18","date_gmt":"2025-08-04T03:04:18","guid":{"rendered":"https:\/\/cctvtalca.cl\/?post_type=product&#038;p=899"},"modified":"2026-02-21T13:18:37","modified_gmt":"2026-02-21T16:18:37","slug":"4-camaras-2mp-full-color-dvr-8ch-hdd-1tb-instalacion","status":"publish","type":"product","link":"https:\/\/cctvtalca.cl\/en\/product\/4-camaras-2mp-full-color-dvr-8ch-hdd-1tb-instalacion\/","title":{"rendered":"4 C\u00e1maras 2MP Full Color + DVR 8CH + HDD 1TB+ INSTALACION"},"content":{"rendered":"<h1 class=\"product_title entry-title nectar-inherit-h3\">4 C\u00e1maras 2MP Full Color + DVR 8CH + HDD 1TB<\/h1>\n<p>&nbsp;<\/p>\n<h3 data-end=\"2013\" data-start=\"1984\">\u00bfPor qu\u00e9 elegir este sistema de video vigilancia remota ?<\/h3>\n<p data-end=\"2288\" data-start=\"2015\">Con c\u00e1maras de alta definici\u00f3n, visi\u00f3n nocturna en color y audio incluido, este kit Full Color te ofrece un sistema de seguridad completo, confiable y f\u00e1cil de usar. Adem\u00e1s, el DVR de 8 canales te permite crecer en el futuro agregando m\u00e1s c\u00e1maras si lo necesitas.<\/p>\n<h3 data-end=\"1439\" data-start=\"1409\">Caracter\u00edsticas destacadas<\/h3>\n<ul data-end=\"1804\" data-start=\"1441\">\n<li data-end=\"1533\" data-start=\"1441\">\n<p data-end=\"1533\" data-start=\"1443\"><strong data-end=\"1475\" data-start=\"1443\">Visi\u00f3n nocturna a color real<\/strong>: incluso en total oscuridad, sin pasar a blanco y negro<\/p>\n<\/li>\n<li data-end=\"1597\" data-start=\"1534\">\n<p data-end=\"1597\" data-start=\"1536\"><strong data-end=\"1560\" data-start=\"1536\">Audio en cada c\u00e1mara<\/strong>: ideal para monitoreo m\u00e1s completo<\/p>\n<\/li>\n<li data-end=\"1646\" data-start=\"1598\">\n<p data-end=\"1646\" data-start=\"1600\"><strong data-end=\"1644\" data-start=\"1600\">Grabaci\u00f3n eficiente con compresi\u00f3n H.265<\/strong><\/p>\n<\/li>\n<li data-end=\"1699\" data-start=\"1647\">\n<p data-end=\"1699\" data-start=\"1649\"><strong data-end=\"1697\" data-start=\"1649\">Acceso desde tu celular en cualquier momento<\/strong><\/p>\n<\/li>\n<li data-end=\"1767\" data-start=\"1700\">\n<p data-end=\"1767\" data-start=\"1702\"><strong data-end=\"1729\" data-start=\"1702\">Instalaci\u00f3n plug &amp; play<\/strong>\u00a0con todos los componentes incluidos<\/p>\n<\/li>\n<li data-end=\"1804\" data-start=\"1768\">\n<p data-end=\"1804\" data-start=\"1770\"><strong data-end=\"1788\" data-start=\"1770\">DVR expandible<\/strong>\u00a0hasta 8 c\u00e1maras<\/p>\n<\/li>\n<li data-end=\"1804\" data-start=\"1768\">\n<h3 data-end=\"1837\" data-start=\"1811\">Aplicaciones sugeridas<\/h3>\n<ul data-end=\"1977\" data-start=\"1839\">\n<li data-end=\"1866\" data-start=\"1839\">\n<p data-end=\"1866\" data-start=\"1841\">Viviendas y condominios<\/p>\n<\/li>\n<li data-end=\"1901\" data-start=\"1867\">\n<p data-end=\"1901\" data-start=\"1869\">Locales comerciales y oficinas<\/p>\n<\/li>\n<li data-end=\"1942\" data-start=\"1902\">\n<p data-end=\"1942\" data-start=\"1904\">Talleres, bodegas y estacionamientos<\/p>\n<\/li>\n<li data-end=\"1977\" data-start=\"1943\">\n<p data-end=\"1977\" data-start=\"1945\">Vigilancia perimetral y entradas<\/p>\n<\/li>\n<\/ul>\n<\/li>\n<\/ul>","protected":false},"excerpt":{"rendered":"<h3 data-end=\"2013\" data-start=\"1984\">\u00bfPor qu\u00e9 elegir este sistema de video vigilancia remota ?<\/h3>\n<p data-end=\"2288\" data-start=\"2015\">Con c\u00e1maras de alta definici\u00f3n, visi\u00f3n nocturna en color y audio incluido, este kit Full Color te ofrece un sistema de seguridad completo, confiable y f\u00e1cil de usar. Adem\u00e1s, el DVR de 8 canales te permite crecer en el futuro agregando m\u00e1s c\u00e1maras si lo necesitas.<\/p>\n<p data-end=\"2288\" data-start=\"2015\"><img loading=\"lazy\" decoding=\"async\" class=\"alignnone size-medium wp-image-953\" src=\"https:\/\/cctvtalca.cl\/wp-content\/uploads\/2026\/02\/imagen_2026-02-10_162308097-300x103.png\" alt=\"\" width=\"300\" height=\"103\" srcset=\"https:\/\/cctvtalca.cl\/wp-content\/uploads\/2026\/02\/imagen_2026-02-10_162308097-300x103.png 300w, https:\/\/cctvtalca.cl\/wp-content\/uploads\/2026\/02\/imagen_2026-02-10_162308097-18x6.png 18w, https:\/\/cctvtalca.cl\/wp-content\/uploads\/2026\/02\/imagen_2026-02-10_162308097-64x22.png 64w, https:\/\/cctvtalca.cl\/wp-content\/uploads\/2026\/02\/imagen_2026-02-10_162308097.png 451w\" sizes=\"auto, (max-width: 300px) 100vw, 300px\" \/><\/p>\n<p data-end=\"2288\" data-start=\"2015\"><img loading=\"lazy\" decoding=\"async\" class=\"alignnone size-medium wp-image-951\" src=\"https:\/\/cctvtalca.cl\/wp-content\/uploads\/2026\/02\/EFDFGDFGDF-300x131.jpg\" alt=\"\" width=\"300\" height=\"131\" srcset=\"https:\/\/cctvtalca.cl\/wp-content\/uploads\/2026\/02\/EFDFGDFGDF-300x131.jpg 300w, https:\/\/cctvtalca.cl\/wp-content\/uploads\/2026\/02\/EFDFGDFGDF-18x8.jpg 18w, https:\/\/cctvtalca.cl\/wp-content\/uploads\/2026\/02\/EFDFGDFGDF-64x28.jpg 64w, https:\/\/cctvtalca.cl\/wp-content\/uploads\/2026\/02\/EFDFGDFGDF.jpg 455w\" sizes=\"auto, (max-width: 300px) 100vw, 300px\" \/><\/p>","protected":false},"featured_media":900,"comment_status":"open","ping_status":"closed","template":"","meta":{"_glsr_average":0,"_glsr_ranking":0,"_glsr_reviews":0,"_joinchat":{"message_send":"Compra segura a trav\u00e9s de mercado pago\nRecibir\u00e1s tu n\u00famero de pedido a tu correo electr\u00f3nico"}},"product_brand":[],"product_cat":[20],"product_tag":[],"class_list":{"0":"post-899","1":"product","2":"type-product","3":"status-publish","4":"has-post-thumbnail","6":"product_cat-kit-de-camaras","8":"first","9":"instock","10":"taxable","11":"shipping-taxable","12":"purchasable","13":"product-type-simple"},"yoast_head":"<!-- This site is optimized with the Yoast SEO plugin v20.5 - https:\/\/yoast.com\/wordpress\/plugins\/seo\/ -->\n<title>4 C\u00e1maras 2MP Full Color + DVR 8CH + HDD 1TB+ INSTALACION - cctvtalca<\/title>\n<meta name=\"description\" content=\"\u00bfPor qu\u00e9 elegir este sistema de video vigilancia remota ?Con c\u00e1maras de alta definici\u00f3n, visi\u00f3n nocturna en color y audio incluido, este kit Full Color\" \/>\n<meta name=\"robots\" content=\"index, follow, max-snippet:-1, max-image-preview:large, max-video-preview:-1\" \/>\n<link rel=\"canonical\" href=\"https:\/\/cctvtalca.cl\/en\/product\/4-camaras-2mp-full-color-dvr-8ch-hdd-1tb-instalacion\/\" \/>\n<meta property=\"og:locale\" content=\"en_US\" \/>\n<meta property=\"og:type\" content=\"article\" \/>\n<meta property=\"og:title\" content=\"4 C\u00e1maras 2MP Full Color + DVR 8CH + HDD 1TB+ INSTALACION - cctvtalca\" \/>\n<meta property=\"og:description\" content=\"\u00bfPor qu\u00e9 elegir este sistema de video vigilancia remota ?Con c\u00e1maras de alta definici\u00f3n, visi\u00f3n nocturna en color y audio incluido, este kit Full Color\" \/>\n<meta property=\"og:url\" content=\"https:\/\/cctvtalca.cl\/en\/product\/4-camaras-2mp-full-color-dvr-8ch-hdd-1tb-instalacion\/\" \/>\n<meta property=\"og:site_name\" content=\"cctvtalca\" \/>\n<meta property=\"article:modified_time\" content=\"2026-02-21T16:18:37+00:00\" \/>\n<meta property=\"og:image\" content=\"https:\/\/cctvtalca.cl\/wp-content\/uploads\/2025\/08\/2-mega-pixeles-full-color-con-audio.jpg\" \/>\n\t<meta property=\"og:image:width\" content=\"1080\" \/>\n\t<meta property=\"og:image:height\" content=\"1080\" \/>\n\t<meta property=\"og:image:type\" content=\"image\/jpeg\" \/>\n<meta name=\"twitter:card\" content=\"summary_large_image\" \/>\n<meta name=\"twitter:label1\" content=\"Est. reading time\" \/>\n\t<meta name=\"twitter:data1\" content=\"1 minute\" \/>\n<script type=\"application\/ld+json\" class=\"yoast-schema-graph\">{\"@context\":\"https:\/\/schema.org\",\"@graph\":[{\"@type\":\"WebPage\",\"@id\":\"https:\/\/cctvtalca.cl\/producto\/4-camaras-2mp-full-color-dvr-8ch-hdd-1tb-instalacion\/\",\"url\":\"https:\/\/cctvtalca.cl\/producto\/4-camaras-2mp-full-color-dvr-8ch-hdd-1tb-instalacion\/\",\"name\":\"4 C\u00e1maras 2MP Full Color + DVR 8CH + HDD 1TB+ INSTALACION - cctvtalca\",\"isPartOf\":{\"@id\":\"https:\/\/cctvtalca.cl\/#website\"},\"datePublished\":\"2025-08-04T03:04:18+00:00\",\"dateModified\":\"2026-02-21T16:18:37+00:00\",\"description\":\"\u00bfPor qu\u00e9 elegir este sistema de video vigilancia remota ?Con c\u00e1maras de alta definici\u00f3n, visi\u00f3n nocturna en color y audio incluido, este kit Full Color\",\"breadcrumb\":{\"@id\":\"https:\/\/cctvtalca.cl\/producto\/4-camaras-2mp-full-color-dvr-8ch-hdd-1tb-instalacion\/#breadcrumb\"},\"inLanguage\":\"en-US\",\"potentialAction\":[{\"@type\":\"ReadAction\",\"target\":[\"https:\/\/cctvtalca.cl\/producto\/4-camaras-2mp-full-color-dvr-8ch-hdd-1tb-instalacion\/\"]}]},{\"@type\":\"BreadcrumbList\",\"@id\":\"https:\/\/cctvtalca.cl\/producto\/4-camaras-2mp-full-color-dvr-8ch-hdd-1tb-instalacion\/#breadcrumb\",\"itemListElement\":[{\"@type\":\"ListItem\",\"position\":1,\"name\":\"Portada\",\"item\":\"https:\/\/cctvtalca.cl\/\"},{\"@type\":\"ListItem\",\"position\":2,\"name\":\"Tienda\",\"item\":\"https:\/\/cctvtalca.cl\/tienda\/\"},{\"@type\":\"ListItem\",\"position\":3,\"name\":\"4 C\u00e1maras 2MP Full Color + DVR 8CH + HDD 1TB+ INSTALACION\"}]},{\"@type\":\"WebSite\",\"@id\":\"https:\/\/cctvtalca.cl\/#website\",\"url\":\"https:\/\/cctvtalca.cl\/\",\"name\":\"cctvtalca\",\"description\":\"c\u00e1maras de seguridad\",\"publisher\":{\"@id\":\"https:\/\/cctvtalca.cl\/#organization\"},\"potentialAction\":[{\"@type\":\"SearchAction\",\"target\":{\"@type\":\"EntryPoint\",\"urlTemplate\":\"https:\/\/cctvtalca.cl\/?s={search_term_string}\"},\"query-input\":\"required name=search_term_string\"}],\"inLanguage\":\"en-US\"},{\"@type\":\"Organization\",\"@id\":\"https:\/\/cctvtalca.cl\/#organization\",\"name\":\"cctvtalca\",\"url\":\"https:\/\/cctvtalca.cl\/\",\"logo\":{\"@type\":\"ImageObject\",\"inLanguage\":\"en-US\",\"@id\":\"https:\/\/cctvtalca.cl\/#\/schema\/logo\/image\/\",\"url\":\"https:\/\/cctvtalca.cl\/wp-content\/uploads\/2022\/05\/cropped-cropped-cropped-LOGO-CCTVTALCA.jpg\",\"contentUrl\":\"https:\/\/cctvtalca.cl\/wp-content\/uploads\/2022\/05\/cropped-cropped-cropped-LOGO-CCTVTALCA.jpg\",\"width\":511,\"height\":240,\"caption\":\"cctvtalca\"},\"image\":{\"@id\":\"https:\/\/cctvtalca.cl\/#\/schema\/logo\/image\/\"}}]}<\/script>\n<!-- \/ Yoast SEO plugin. -->","yoast_head_json":{"title":"4 C\u00e1maras 2MP Full Color + DVR 8CH + HDD 1TB+ INSTALACION - cctvtalca","description":"\u00bfPor qu\u00e9 elegir este sistema de video vigilancia remota ?Con c\u00e1maras de alta definici\u00f3n, visi\u00f3n nocturna en color y audio incluido, este kit Full Color","robots":{"index":"index","follow":"follow","max-snippet":"max-snippet:-1","max-image-preview":"max-image-preview:large","max-video-preview":"max-video-preview:-1"},"canonical":"https:\/\/cctvtalca.cl\/en\/product\/4-camaras-2mp-full-color-dvr-8ch-hdd-1tb-instalacion\/","og_locale":"en_US","og_type":"article","og_title":"4 C\u00e1maras 2MP Full Color + DVR 8CH + HDD 1TB+ INSTALACION - cctvtalca","og_description":"\u00bfPor qu\u00e9 elegir este sistema de video vigilancia remota ?Con c\u00e1maras de alta definici\u00f3n, visi\u00f3n nocturna en color y audio incluido, este kit Full Color","og_url":"https:\/\/cctvtalca.cl\/en\/product\/4-camaras-2mp-full-color-dvr-8ch-hdd-1tb-instalacion\/","og_site_name":"cctvtalca","article_modified_time":"2026-02-21T16:18:37+00:00","og_image":[{"width":1080,"height":1080,"url":"https:\/\/cctvtalca.cl\/wp-content\/uploads\/2025\/08\/2-mega-pixeles-full-color-con-audio.jpg","type":"image\/jpeg"}],"twitter_card":"summary_large_image","twitter_misc":{"Est. reading time":"1 minute"},"schema":{"@context":"https:\/\/schema.org","@graph":[{"@type":"WebPage","@id":"https:\/\/cctvtalca.cl\/producto\/4-camaras-2mp-full-color-dvr-8ch-hdd-1tb-instalacion\/","url":"https:\/\/cctvtalca.cl\/producto\/4-camaras-2mp-full-color-dvr-8ch-hdd-1tb-instalacion\/","name":"4 C\u00e1maras 2MP Full Color + DVR 8CH + HDD 1TB+ INSTALACION - cctvtalca","isPartOf":{"@id":"https:\/\/cctvtalca.cl\/#website"},"datePublished":"2025-08-04T03:04:18+00:00","dateModified":"2026-02-21T16:18:37+00:00","description":"\u00bfPor qu\u00e9 elegir este sistema de video vigilancia remota ?Con c\u00e1maras de alta definici\u00f3n, visi\u00f3n nocturna en color y audio incluido, este kit Full Color","breadcrumb":{"@id":"https:\/\/cctvtalca.cl\/producto\/4-camaras-2mp-full-color-dvr-8ch-hdd-1tb-instalacion\/#breadcrumb"},"inLanguage":"en-US","potentialAction":[{"@type":"ReadAction","target":["https:\/\/cctvtalca.cl\/producto\/4-camaras-2mp-full-color-dvr-8ch-hdd-1tb-instalacion\/"]}]},{"@type":"BreadcrumbList","@id":"https:\/\/cctvtalca.cl\/producto\/4-camaras-2mp-full-color-dvr-8ch-hdd-1tb-instalacion\/#breadcrumb","itemListElement":[{"@type":"ListItem","position":1,"name":"Portada","item":"https:\/\/cctvtalca.cl\/"},{"@type":"ListItem","position":2,"name":"Tienda","item":"https:\/\/cctvtalca.cl\/tienda\/"},{"@type":"ListItem","position":3,"name":"4 C\u00e1maras 2MP Full Color + DVR 8CH + HDD 1TB+ INSTALACION"}]},{"@type":"WebSite","@id":"https:\/\/cctvtalca.cl\/#website","url":"https:\/\/cctvtalca.cl\/","name":"cctvtalca","description":"c\u00e1maras de seguridad","publisher":{"@id":"https:\/\/cctvtalca.cl\/#organization"},"potentialAction":[{"@type":"SearchAction","target":{"@type":"EntryPoint","urlTemplate":"https:\/\/cctvtalca.cl\/?s={search_term_string}"},"query-input":"required name=search_term_string"}],"inLanguage":"en-US"},{"@type":"Organization","@id":"https:\/\/cctvtalca.cl\/#organization","name":"cctvtalca","url":"https:\/\/cctvtalca.cl\/","logo":{"@type":"ImageObject","inLanguage":"en-US","@id":"https:\/\/cctvtalca.cl\/#\/schema\/logo\/image\/","url":"https:\/\/cctvtalca.cl\/wp-content\/uploads\/2022\/05\/cropped-cropped-cropped-LOGO-CCTVTALCA.jpg","contentUrl":"https:\/\/cctvtalca.cl\/wp-content\/uploads\/2022\/05\/cropped-cropped-cropped-LOGO-CCTVTALCA.jpg","width":511,"height":240,"caption":"cctvtalca"},"image":{"@id":"https:\/\/cctvtalca.cl\/#\/schema\/logo\/image\/"}}]}},"_links":{"self":[{"href":"https:\/\/cctvtalca.cl\/en\/wp-json\/wp\/v2\/product\/899","targetHints":{"allow":["GET"]}}],"collection":[{"href":"https:\/\/cctvtalca.cl\/en\/wp-json\/wp\/v2\/product"}],"about":[{"href":"https:\/\/cctvtalca.cl\/en\/wp-json\/wp\/v2\/types\/product"}],"replies":[{"embeddable":true,"href":"https:\/\/cctvtalca.cl\/en\/wp-json\/wp\/v2\/comments?post=899"}],"wp:featuredmedia":[{"embeddable":true,"href":"https:\/\/cctvtalca.cl\/en\/wp-json\/wp\/v2\/media\/900"}],"wp:attachment":[{"href":"https:\/\/cctvtalca.cl\/en\/wp-json\/wp\/v2\/media?parent=899"}],"wp:term":[{"taxonomy":"product_brand","embeddable":true,"href":"https:\/\/cctvtalca.cl\/en\/wp-json\/wp\/v2\/product_brand?post=899"},{"taxonomy":"product_cat","embeddable":true,"href":"https:\/\/cctvtalca.cl\/en\/wp-json\/wp\/v2\/product_cat?post=899"},{"taxonomy":"product_tag","embeddable":true,"href":"https:\/\/cctvtalca.cl\/en\/wp-json\/wp\/v2\/product_tag?post=899"}],"curies":[{"name":"wp","href":"https:\/\/api.w.org\/{rel}","templated":true}]}}