{"id":907,"date":"2025-08-21T15:42:06","date_gmt":"2025-08-21T18:42:06","guid":{"rendered":"https:\/\/cctvtalca.cl\/?post_type=product&#038;p=907"},"modified":"2026-04-02T17:21:50","modified_gmt":"2026-04-02T20:21:50","slug":"punto-de-venta-con-balaza-integrada-2","status":"publish","type":"product","link":"https:\/\/cctvtalca.cl\/en\/product\/punto-de-venta-con-balaza-integrada-2\/","title":{"rendered":"PUNTO DE VENTA"},"content":{"rendered":"<p><strong>Ventas<\/strong><\/p>\n<p>Conoce c\u00f3mo funciona el m\u00f3dulo de ventas<\/p>\n<table>\n<tbody>\n<tr>\n<td><\/td>\n<td>Productos comunes<\/td>\n<\/tr>\n<tr>\n<td><\/td>\n<td>Agregar productos a una venta<\/td>\n<\/tr>\n<tr>\n<td><\/td>\n<td>Asignar una venta a un cliente<\/td>\n<\/tr>\n<tr>\n<td><\/td>\n<td>Cobrar una Venta<\/td>\n<\/tr>\n<tr>\n<td><\/td>\n<td>Productos a granel<\/td>\n<\/tr>\n<tr>\n<td><\/td>\n<td>Descuentos y precios de mayoreo<\/td>\n<\/tr>\n<tr>\n<td><\/td>\n<td>Atender a varios clientes a la vez<\/td>\n<\/tr>\n<tr>\n<td><\/td>\n<td>Entradas y salidas de caja<\/td>\n<\/tr>\n<tr>\n<td><\/td>\n<td>Ventas, devoluciones y cancelaciones<\/td>\n<\/tr>\n<tr>\n<td><\/td>\n<td>Verificador de precios<\/td>\n<\/tr>\n<tr>\n<td><\/td>\n<td>Venta de Productos por paquete o unidad<\/td>\n<\/tr>\n<\/tbody>\n<\/table>\n<p><strong>Formas de pago<\/strong><\/p>\n<p>Aqu\u00ed encontrar\u00e1s de forma detallada las diversas opciones de pago disponibles para cobrar tus ventas<\/p>\n<table style=\"height: 154px;\" width=\"704\">\n<tbody>\n<tr>\n<td><\/td>\n<td>Efectivo<\/td>\n<\/tr>\n<tr>\n<td><\/td>\n<td>Cr\u00e9dito<\/td>\n<\/tr>\n<tr>\n<td><\/td>\n<td>D\u00f3lares<\/td>\n<\/tr>\n<tr>\n<td><\/td>\n<td>Vales<\/td>\n<\/tr>\n<tr>\n<td><\/td>\n<td>Tarjetas<\/td>\n<\/tr>\n<tr>\n<td><\/td>\n<td>Mixto<\/td>\n<\/tr>\n<\/tbody>\n<\/table>\n<p><strong>Productos<\/strong><\/p>\n<p>Todo lo que debes de saber para tu cat\u00e1logo de productos<\/p>\n<table>\n<tbody>\n<tr>\n<td><\/td>\n<td>B\u00fasqueda de productos<\/td>\n<\/tr>\n<tr>\n<td><\/td>\n<td>Crear, modificar y eliminar productos<\/td>\n<\/tr>\n<tr>\n<td><\/td>\n<td>Productos compuesos (kit)<\/td>\n<\/tr>\n<tr>\n<td><\/td>\n<td>Exportar productos a Excel<\/td>\n<\/tr>\n<tr>\n<td><\/td>\n<td>Importar productos<\/td>\n<\/tr>\n<tr>\n<td><\/td>\n<td>Departamentos<\/td>\n<\/tr>\n<tr>\n<td><\/td>\n<td>Promociones<\/td>\n<\/tr>\n<tr>\n<td><\/td>\n<td>Cat\u00e1logo de productos<\/td>\n<\/tr>\n<tr>\n<td><\/td>\n<td>Actualizando varios productos a la vez<\/p>\n<p>&nbsp;<\/td>\n<\/tr>\n<\/tbody>\n<\/table>\n<p><strong>Inventarios<\/strong><\/p>\n<p>Domina y saca el mayor provecho de\u00a0 usando inventarios en tu negocio<\/p>\n<table>\n<tbody>\n<tr>\n<td><\/td>\n<td>Manejo de inventario<\/td>\n<\/tr>\n<tr>\n<td><\/td>\n<td>Agregar inventario<\/td>\n<\/tr>\n<tr>\n<td><\/td>\n<td>Ajustes de inventario<\/td>\n<\/tr>\n<tr>\n<td><\/td>\n<td>Productos bajos en inventario<\/td>\n<\/tr>\n<tr>\n<td><\/td>\n<td>Reporte de inventario<\/td>\n<\/tr>\n<tr>\n<td><\/td>\n<td>Reporte de movimientos<\/td>\n<\/tr>\n<tr>\n<td><\/td>\n<td>Kardex de inventario<\/td>\n<\/tr>\n<\/tbody>\n<\/table>\n<p><strong>Cortes y turnos<\/strong><\/p>\n<p>Organiza los turnos y cortes con tus cajeros<\/p>\n<table>\n<tbody>\n<tr>\n<td><\/td>\n<td>Cortes<\/td>\n<\/tr>\n<tr>\n<td><\/td>\n<td>Corte del turno<\/td>\n<\/tr>\n<tr>\n<td><\/td>\n<td>Corte del d\u00eda<\/td>\n<\/tr>\n<tr>\n<td><\/td>\n<td>Manejo de turnos<\/td>\n<\/tr>\n<tr>\n<td><\/td>\n<td>Historial de cortes<\/td>\n<\/tr>\n<tr>\n<td><\/td>\n<td>Corte por correo electr\u00f3nico<\/td>\n<\/tr>\n<\/tbody>\n<\/table>\n<p><strong>Reportes<\/strong><\/p>\n<p>Obt\u00e9n la informaci\u00f3n necesaria para llevar tu negocio al \u00e9xito<\/p>\n<table>\n<tbody>\n<tr>\n<td><\/td>\n<td>Reporte de ventas<\/td>\n<\/tr>\n<tr>\n<td><\/td>\n<td>Reporte de ventas por cliente<\/td>\n<\/tr>\n<tr>\n<td><\/td>\n<td>Ventas por periodo<\/td>\n<\/tr>\n<\/tbody>\n<\/table>\n<p>&nbsp;<\/p>\n<p>INCLUYE\u00a0 :<\/p>\n<table style=\"height: 432px;\" width=\"393\">\n<tbody>\n<tr>\n<td><\/td>\n<td>\u00a0 <em>SISTEMA DE VENTA CON LICENCIA INDEFINIDA<\/em><\/td>\n<\/tr>\n<tr>\n<td><\/td>\n<td><em>Lenovo\u00a0 ThinkCentre intel\u00a0 i3\u00a0 \u00a03.0GHz 8GB RAM 500 HDD<\/em><\/td>\n<\/tr>\n<tr>\n<td><\/td>\n<td><em>LECTOR DE BARRA\u00a0 \u00a0 \u00a0<\/em><\/td>\n<\/tr>\n<tr>\n<td><\/td>\n<td><em>GABETA\u00a0 DE DINERO 5 BILLETES 5 MONEDAS<\/em><\/td>\n<\/tr>\n<tr>\n<td><\/td>\n<td><em>IMPRESORA TERMICA 58 MM<\/em><\/td>\n<\/tr>\n<tr>\n<td><\/td>\n<td><em>TECLADO Y MAUSE\u00a0\u00a0<\/em><\/td>\n<\/tr>\n<tr>\n<td><\/td>\n<td><\/td>\n<\/tr>\n<\/tbody>\n<\/table>","protected":false},"excerpt":{"rendered":"<h3>\u00a0POTENCIA TU NEGOCIO<\/h3>\n<p>Compite con los grandes supermercados o cadenas nacionales y con aquellos negocios que ya se benefician de un punto de venta<\/p>\n<h4>\u00a0No necesitas saber de computaci\u00f3n<\/h4>\n<p>Para Talca instalaci\u00f3n presencial\u00a0 con inducci\u00f3n\u00a0 en el manejo del programa<\/p>\n<p>Para regiones video instructivo en el manejo del programa muy completo de todos los \u00e1mbitos de funcionamiento y configuraci\u00f3n que se requiera<\/p>\n<p>Para Talca instalaci\u00f3n presencial\u00a0 con inducci\u00f3n\u00a0 en el manejo del programa<\/p>\n<p>Para regiones video instructivo en el manejo del programa muy completo de todos los \u00e1mbitos de funcionamiento y configuraci\u00f3n que se requiera<\/p>\n<h3>\u00a0Compra segura\u00a0 a trav\u00e9s de mercado pago<\/h3>\n<h2>Sin pagos mensuales \u00a1! Solo paga una vez!!<\/h2>\n<p><img loading=\"lazy\" decoding=\"async\" class=\"alignnone size-medium wp-image-953\" src=\"https:\/\/cctvtalca.cl\/wp-content\/uploads\/2026\/02\/imagen_2026-02-10_162308097-300x103.png\" alt=\"\" width=\"300\" height=\"103\" srcset=\"https:\/\/cctvtalca.cl\/wp-content\/uploads\/2026\/02\/imagen_2026-02-10_162308097-300x103.png 300w, https:\/\/cctvtalca.cl\/wp-content\/uploads\/2026\/02\/imagen_2026-02-10_162308097-18x6.png 18w, https:\/\/cctvtalca.cl\/wp-content\/uploads\/2026\/02\/imagen_2026-02-10_162308097-64x22.png 64w, https:\/\/cctvtalca.cl\/wp-content\/uploads\/2026\/02\/imagen_2026-02-10_162308097.png 451w\" sizes=\"auto, (max-width: 300px) 100vw, 300px\" \/><\/p>\n<p>&nbsp;<\/p>\n<p>&nbsp;<\/p>\n<p>&nbsp;<\/p>","protected":false},"featured_media":963,"comment_status":"open","ping_status":"closed","template":"","meta":{"_glsr_average":0,"_glsr_ranking":0,"_glsr_reviews":0,"_joinchat":{"message_send":"Compra segura a trav\u00e9s de mercado pago\nRecibir\u00e1s tu n\u00famero de pedido a tu correo electr\u00f3nico"}},"product_brand":[],"product_cat":[35,28],"product_tag":[38],"class_list":{"0":"post-907","1":"product","2":"type-product","3":"status-publish","4":"has-post-thumbnail","6":"product_cat-ofertas-especiales","7":"product_cat-pos-de-venta","8":"product_tag-potencia-tu-negocio","10":"first","11":"instock","12":"sale","13":"taxable","14":"shipping-taxable","15":"purchasable","16":"product-type-simple"},"yoast_head":"<!-- This site is optimized with the Yoast SEO plugin v20.5 - https:\/\/yoast.com\/wordpress\/plugins\/seo\/ -->\n<title>PUNTO DE VENTA - cctvtalca<\/title>\n<meta name=\"description\" content=\"POTENCIA TU NEGOCIOCompite con los grandes supermercados o cadenas nacionales y con aquellos negocios que ya se benefician de un punto de venta\u00a0\" \/>\n<meta name=\"robots\" content=\"index, follow, max-snippet:-1, max-image-preview:large, max-video-preview:-1\" \/>\n<link rel=\"canonical\" href=\"https:\/\/cctvtalca.cl\/en\/product\/punto-de-venta-con-balaza-integrada-2\/\" \/>\n<meta property=\"og:locale\" content=\"en_US\" \/>\n<meta property=\"og:type\" content=\"article\" \/>\n<meta property=\"og:title\" content=\"PUNTO DE VENTA - cctvtalca\" \/>\n<meta property=\"og:description\" content=\"POTENCIA TU NEGOCIOCompite con los grandes supermercados o cadenas nacionales y con aquellos negocios que ya se benefician de un punto de venta\u00a0\" \/>\n<meta property=\"og:url\" content=\"https:\/\/cctvtalca.cl\/en\/product\/punto-de-venta-con-balaza-integrada-2\/\" \/>\n<meta property=\"og:site_name\" content=\"cctvtalca\" \/>\n<meta property=\"article:modified_time\" content=\"2026-04-02T20:21:50+00:00\" \/>\n<meta property=\"og:image\" content=\"https:\/\/cctvtalca.cl\/wp-content\/uploads\/2025\/08\/punto-de-venta.jpg\" \/>\n\t<meta property=\"og:image:width\" content=\"1200\" \/>\n\t<meta property=\"og:image:height\" content=\"1485\" \/>\n\t<meta property=\"og:image:type\" content=\"image\/jpeg\" \/>\n<meta name=\"twitter:card\" content=\"summary_large_image\" \/>\n<meta name=\"twitter:label1\" content=\"Est. reading time\" \/>\n\t<meta name=\"twitter:data1\" content=\"2 minutes\" \/>\n<script type=\"application\/ld+json\" class=\"yoast-schema-graph\">{\"@context\":\"https:\/\/schema.org\",\"@graph\":[{\"@type\":\"WebPage\",\"@id\":\"https:\/\/cctvtalca.cl\/producto\/punto-de-venta-con-balaza-integrada-2\/\",\"url\":\"https:\/\/cctvtalca.cl\/producto\/punto-de-venta-con-balaza-integrada-2\/\",\"name\":\"PUNTO DE VENTA - cctvtalca\",\"isPartOf\":{\"@id\":\"https:\/\/cctvtalca.cl\/#website\"},\"datePublished\":\"2025-08-21T18:42:06+00:00\",\"dateModified\":\"2026-04-02T20:21:50+00:00\",\"description\":\"POTENCIA TU NEGOCIOCompite con los grandes supermercados o cadenas nacionales y con aquellos negocios que ya se benefician de un punto de venta\u00a0\",\"breadcrumb\":{\"@id\":\"https:\/\/cctvtalca.cl\/producto\/punto-de-venta-con-balaza-integrada-2\/#breadcrumb\"},\"inLanguage\":\"en-US\",\"potentialAction\":[{\"@type\":\"ReadAction\",\"target\":[\"https:\/\/cctvtalca.cl\/producto\/punto-de-venta-con-balaza-integrada-2\/\"]}]},{\"@type\":\"BreadcrumbList\",\"@id\":\"https:\/\/cctvtalca.cl\/producto\/punto-de-venta-con-balaza-integrada-2\/#breadcrumb\",\"itemListElement\":[{\"@type\":\"ListItem\",\"position\":1,\"name\":\"Portada\",\"item\":\"https:\/\/cctvtalca.cl\/\"},{\"@type\":\"ListItem\",\"position\":2,\"name\":\"Tienda\",\"item\":\"https:\/\/cctvtalca.cl\/tienda\/\"},{\"@type\":\"ListItem\",\"position\":3,\"name\":\"PUNTO DE VENTA\"}]},{\"@type\":\"WebSite\",\"@id\":\"https:\/\/cctvtalca.cl\/#website\",\"url\":\"https:\/\/cctvtalca.cl\/\",\"name\":\"cctvtalca\",\"description\":\"c\u00e1maras de seguridad\",\"publisher\":{\"@id\":\"https:\/\/cctvtalca.cl\/#organization\"},\"potentialAction\":[{\"@type\":\"SearchAction\",\"target\":{\"@type\":\"EntryPoint\",\"urlTemplate\":\"https:\/\/cctvtalca.cl\/?s={search_term_string}\"},\"query-input\":\"required name=search_term_string\"}],\"inLanguage\":\"en-US\"},{\"@type\":\"Organization\",\"@id\":\"https:\/\/cctvtalca.cl\/#organization\",\"name\":\"cctvtalca\",\"url\":\"https:\/\/cctvtalca.cl\/\",\"logo\":{\"@type\":\"ImageObject\",\"inLanguage\":\"en-US\",\"@id\":\"https:\/\/cctvtalca.cl\/#\/schema\/logo\/image\/\",\"url\":\"https:\/\/cctvtalca.cl\/wp-content\/uploads\/2022\/05\/cropped-cropped-cropped-LOGO-CCTVTALCA.jpg\",\"contentUrl\":\"https:\/\/cctvtalca.cl\/wp-content\/uploads\/2022\/05\/cropped-cropped-cropped-LOGO-CCTVTALCA.jpg\",\"width\":511,\"height\":240,\"caption\":\"cctvtalca\"},\"image\":{\"@id\":\"https:\/\/cctvtalca.cl\/#\/schema\/logo\/image\/\"}}]}<\/script>\n<!-- \/ Yoast SEO plugin. -->","yoast_head_json":{"title":"PUNTO DE VENTA - cctvtalca","description":"POTENCIA TU NEGOCIOCompite con los grandes supermercados o cadenas nacionales y con aquellos negocios que ya se benefician de un punto de venta\u00a0","robots":{"index":"index","follow":"follow","max-snippet":"max-snippet:-1","max-image-preview":"max-image-preview:large","max-video-preview":"max-video-preview:-1"},"canonical":"https:\/\/cctvtalca.cl\/en\/product\/punto-de-venta-con-balaza-integrada-2\/","og_locale":"en_US","og_type":"article","og_title":"PUNTO DE VENTA - cctvtalca","og_description":"POTENCIA TU NEGOCIOCompite con los grandes supermercados o cadenas nacionales y con aquellos negocios que ya se benefician de un punto de venta\u00a0","og_url":"https:\/\/cctvtalca.cl\/en\/product\/punto-de-venta-con-balaza-integrada-2\/","og_site_name":"cctvtalca","article_modified_time":"2026-04-02T20:21:50+00:00","og_image":[{"width":1200,"height":1485,"url":"https:\/\/cctvtalca.cl\/wp-content\/uploads\/2025\/08\/punto-de-venta.jpg","type":"image\/jpeg"}],"twitter_card":"summary_large_image","twitter_misc":{"Est. reading time":"2 minutes"},"schema":{"@context":"https:\/\/schema.org","@graph":[{"@type":"WebPage","@id":"https:\/\/cctvtalca.cl\/producto\/punto-de-venta-con-balaza-integrada-2\/","url":"https:\/\/cctvtalca.cl\/producto\/punto-de-venta-con-balaza-integrada-2\/","name":"PUNTO DE VENTA - cctvtalca","isPartOf":{"@id":"https:\/\/cctvtalca.cl\/#website"},"datePublished":"2025-08-21T18:42:06+00:00","dateModified":"2026-04-02T20:21:50+00:00","description":"POTENCIA TU NEGOCIOCompite con los grandes supermercados o cadenas nacionales y con aquellos negocios que ya se benefician de un punto de venta\u00a0","breadcrumb":{"@id":"https:\/\/cctvtalca.cl\/producto\/punto-de-venta-con-balaza-integrada-2\/#breadcrumb"},"inLanguage":"en-US","potentialAction":[{"@type":"ReadAction","target":["https:\/\/cctvtalca.cl\/producto\/punto-de-venta-con-balaza-integrada-2\/"]}]},{"@type":"BreadcrumbList","@id":"https:\/\/cctvtalca.cl\/producto\/punto-de-venta-con-balaza-integrada-2\/#breadcrumb","itemListElement":[{"@type":"ListItem","position":1,"name":"Portada","item":"https:\/\/cctvtalca.cl\/"},{"@type":"ListItem","position":2,"name":"Tienda","item":"https:\/\/cctvtalca.cl\/tienda\/"},{"@type":"ListItem","position":3,"name":"PUNTO DE VENTA"}]},{"@type":"WebSite","@id":"https:\/\/cctvtalca.cl\/#website","url":"https:\/\/cctvtalca.cl\/","name":"cctvtalca","description":"c\u00e1maras de seguridad","publisher":{"@id":"https:\/\/cctvtalca.cl\/#organization"},"potentialAction":[{"@type":"SearchAction","target":{"@type":"EntryPoint","urlTemplate":"https:\/\/cctvtalca.cl\/?s={search_term_string}"},"query-input":"required name=search_term_string"}],"inLanguage":"en-US"},{"@type":"Organization","@id":"https:\/\/cctvtalca.cl\/#organization","name":"cctvtalca","url":"https:\/\/cctvtalca.cl\/","logo":{"@type":"ImageObject","inLanguage":"en-US","@id":"https:\/\/cctvtalca.cl\/#\/schema\/logo\/image\/","url":"https:\/\/cctvtalca.cl\/wp-content\/uploads\/2022\/05\/cropped-cropped-cropped-LOGO-CCTVTALCA.jpg","contentUrl":"https:\/\/cctvtalca.cl\/wp-content\/uploads\/2022\/05\/cropped-cropped-cropped-LOGO-CCTVTALCA.jpg","width":511,"height":240,"caption":"cctvtalca"},"image":{"@id":"https:\/\/cctvtalca.cl\/#\/schema\/logo\/image\/"}}]}},"_links":{"self":[{"href":"https:\/\/cctvtalca.cl\/en\/wp-json\/wp\/v2\/product\/907","targetHints":{"allow":["GET"]}}],"collection":[{"href":"https:\/\/cctvtalca.cl\/en\/wp-json\/wp\/v2\/product"}],"about":[{"href":"https:\/\/cctvtalca.cl\/en\/wp-json\/wp\/v2\/types\/product"}],"replies":[{"embeddable":true,"href":"https:\/\/cctvtalca.cl\/en\/wp-json\/wp\/v2\/comments?post=907"}],"wp:featuredmedia":[{"embeddable":true,"href":"https:\/\/cctvtalca.cl\/en\/wp-json\/wp\/v2\/media\/963"}],"wp:attachment":[{"href":"https:\/\/cctvtalca.cl\/en\/wp-json\/wp\/v2\/media?parent=907"}],"wp:term":[{"taxonomy":"product_brand","embeddable":true,"href":"https:\/\/cctvtalca.cl\/en\/wp-json\/wp\/v2\/product_brand?post=907"},{"taxonomy":"product_cat","embeddable":true,"href":"https:\/\/cctvtalca.cl\/en\/wp-json\/wp\/v2\/product_cat?post=907"},{"taxonomy":"product_tag","embeddable":true,"href":"https:\/\/cctvtalca.cl\/en\/wp-json\/wp\/v2\/product_tag?post=907"}],"curies":[{"name":"wp","href":"https:\/\/api.w.org\/{rel}","templated":true}]}}