{"id":915,"date":"2025-10-07T16:08:34","date_gmt":"2025-10-07T19:08:34","guid":{"rendered":"https:\/\/cctvtalca.cl\/?post_type=product&#038;p=915"},"modified":"2026-02-21T13:12:16","modified_gmt":"2026-02-21T16:12:16","slug":"kit-8-camaras-full-color-audio-5mp-2k-vigilancia-en-alta-definicion-con-imagen-a-color-24-7","status":"publish","type":"product","link":"https:\/\/cctvtalca.cl\/en\/product\/kit-8-camaras-full-color-audio-5mp-2k-vigilancia-en-alta-definicion-con-imagen-a-color-24-7\/","title":{"rendered":"Kit 8 C\u00e1maras FULL COLOR + AUDIO 5MP 2K + INSTALACION"},"content":{"rendered":"<p>&nbsp;<\/p>\n<h3 data-start=\"192\" data-end=\"329\">\ud83c\udfa5 Kit 8 C\u00e1maras FULL COLOR + AUDIO 5MP 2K + xvr 8CH\u00a0 \u2013 Vigilancia en Alta Definici\u00f3n con imagen a color 24\/7 y sonido incluido<\/h3>\n<h3 data-start=\"917\" data-end=\"952\">\ud83d\udd0d Caracter\u00edsticas Principales:<\/h3>\n<ul data-start=\"954\" data-end=\"1640\">\n<li data-start=\"954\" data-end=\"1083\">\n<p data-start=\"956\" data-end=\"1083\">\ud83d\udcf8\u00a0<strong data-start=\"959\" data-end=\"994\">Resoluci\u00f3n 5MP 2K (2560 x 1944)<\/strong>: M\u00e1xima nitidez para identificaci\u00f3n clara de rostros, matr\u00edculas y detalles importantes.<\/p>\n<\/li>\n<li data-start=\"1084\" data-end=\"1229\">\n<p data-start=\"1086\" data-end=\"1229\">\ud83c\udf08\u00a0<strong data-start=\"1089\" data-end=\"1108\">Full Color 24\/7<\/strong>: C\u00e1maras con luz c\u00e1lida que permiten ver a color incluso en condiciones de baja iluminaci\u00f3n, sin pasar a blanco y negro.<\/p>\n<\/li>\n<li data-start=\"1230\" data-end=\"1313\">\n<p data-start=\"1232\" data-end=\"1313\">\ud83d\udd0a\u00a0<strong data-start=\"1235\" data-end=\"1274\">Audio incluido en todas las c\u00e1maras<\/strong>: Escucha lo que sucede en tiempo real.<\/p>\n<\/li>\n<li data-start=\"1314\" data-end=\"1388\">\n<p data-start=\"1316\" data-end=\"1388\">\ud83c\udfaf\u00a0<strong data-start=\"1319\" data-end=\"1338\">Cobertura total<\/strong>: 8 c\u00e1maras para una vigilancia sin puntos ciegos.<\/p>\n<\/li>\n<li data-start=\"1389\" data-end=\"1475\">\n<p data-start=\"1391\" data-end=\"1475\">\ud83d\udda5\ufe0f\u00a0<strong data-start=\"1395\" data-end=\"1412\">DVR 8 canales<\/strong>: Graba en simult\u00e1neo y reproduce contenido en alta resoluci\u00f3n.<\/p>\n<\/li>\n<li data-start=\"1476\" data-end=\"1550\">\n<p data-start=\"1478\" data-end=\"1550\">\u2699\ufe0f\u00a0<strong data-start=\"1481\" data-end=\"1507\">Compatibilidad h\u00edbrida<\/strong>: Soporta TVI, CVI, AHD, CVBS<\/p>\n<\/li>\n<li data-start=\"1551\" data-end=\"1640\">\n<p data-start=\"1553\" data-end=\"1640\">\ud83d\udd27\u00a0<strong data-start=\"1556\" data-end=\"1578\">Instalaci\u00f3n\u00a0 Express<\/strong>: Todo lo necesario para empezar a grabar desde el primer d\u00eda.<\/p>\n<\/li>\n<\/ul>\n<p>&nbsp;<\/p>\n<h3 data-start=\"1778\" data-end=\"1795\">\u2705 Ideal para:<\/h3>\n<ul data-start=\"1797\" data-end=\"1989\">\n<li data-start=\"1797\" data-end=\"1831\">\n<p data-start=\"1799\" data-end=\"1831\">Negocios con m\u00faltiples accesos<\/p>\n<\/li>\n<li data-start=\"1832\" data-end=\"1877\">\n<p data-start=\"1834\" data-end=\"1877\">Residencias grandes o con varias entradas<\/p>\n<\/li>\n<li data-start=\"1878\" data-end=\"1928\">\n<p data-start=\"1880\" data-end=\"1928\">Estacionamientos, talleres, tiendas y oficinas<\/p>\n<\/li>\n<li data-start=\"1929\" data-end=\"1989\">\n<p data-start=\"1931\" data-end=\"1989\">Ambientes que requieren imagen a color durante todo el d\u00eda<\/p>\n<\/li>\n<\/ul>","protected":false},"excerpt":{"rendered":"<h4 data-start=\"192\" data-end=\"329\">\ud83c\udfa5 Kit 8 C\u00e1maras FULL COLOR + AUDIO 5MP 2K + 8CH\u00a0 \u2013 Vigilancia en Alta Definici\u00f3n con imagen a color 24\/7 y sonido incluido<\/h4>\n<h5 data-start=\"1778\" data-end=\"1795\">\ud83d\udce6\u00a0<strong data-start=\"1999\" data-end=\"2073\">\u00a1Equipa tu propiedad con visi\u00f3n a color y audio en todos los rincones<\/strong><\/h5>\n<h5 data-start=\"1778\" data-end=\"1795\">\ud83d\udd12 <em data-start=\"2079\" data-end=\"2160\">Aumenta tu seguridad con la potencia del sistema de 5MP Full Color + Audio.<\/em><\/h5>\n<h5>\ud83d\udc49\u00a0<strong data-start=\"2166\" data-end=\"2221\" data-is-last-node=\"\">\u00a1Consulta disponibilidad y realiza tu Instalacion Express ahora!<\/strong><\/h5>\n<p><img loading=\"lazy\" decoding=\"async\" class=\"alignnone size-medium wp-image-953\" src=\"https:\/\/cctvtalca.cl\/wp-content\/uploads\/2026\/02\/imagen_2026-02-10_162308097-300x103.png\" alt=\"\" width=\"300\" height=\"103\" srcset=\"https:\/\/cctvtalca.cl\/wp-content\/uploads\/2026\/02\/imagen_2026-02-10_162308097-300x103.png 300w, https:\/\/cctvtalca.cl\/wp-content\/uploads\/2026\/02\/imagen_2026-02-10_162308097-18x6.png 18w, https:\/\/cctvtalca.cl\/wp-content\/uploads\/2026\/02\/imagen_2026-02-10_162308097-64x22.png 64w, https:\/\/cctvtalca.cl\/wp-content\/uploads\/2026\/02\/imagen_2026-02-10_162308097.png 451w\" sizes=\"auto, (max-width: 300px) 100vw, 300px\" \/><\/p>\n<p><img loading=\"lazy\" decoding=\"async\" class=\"alignnone size-medium wp-image-951\" src=\"https:\/\/cctvtalca.cl\/wp-content\/uploads\/2026\/02\/EFDFGDFGDF-300x131.jpg\" alt=\"\" width=\"300\" height=\"131\" srcset=\"https:\/\/cctvtalca.cl\/wp-content\/uploads\/2026\/02\/EFDFGDFGDF-300x131.jpg 300w, https:\/\/cctvtalca.cl\/wp-content\/uploads\/2026\/02\/EFDFGDFGDF-18x8.jpg 18w, https:\/\/cctvtalca.cl\/wp-content\/uploads\/2026\/02\/EFDFGDFGDF-64x28.jpg 64w, https:\/\/cctvtalca.cl\/wp-content\/uploads\/2026\/02\/EFDFGDFGDF.jpg 455w\" sizes=\"auto, (max-width: 300px) 100vw, 300px\" \/><\/p>\n<p>&nbsp;<\/p>","protected":false},"featured_media":965,"comment_status":"open","ping_status":"closed","template":"","meta":{"_glsr_average":0,"_glsr_ranking":0,"_glsr_reviews":0,"_joinchat":{"message_send":"Compra segura a trav\u00e9s de mercado pago\nRecibir\u00e1s tu n\u00famero de pedido a tu correo electr\u00f3nico"}},"product_brand":[],"product_cat":[20,35],"product_tag":[],"class_list":{"0":"post-915","1":"product","2":"type-product","3":"status-publish","4":"has-post-thumbnail","6":"product_cat-kit-de-camaras","7":"product_cat-ofertas-especiales","9":"first","10":"instock","11":"taxable","12":"shipping-taxable","13":"purchasable","14":"product-type-simple"},"yoast_head":"<!-- This site is optimized with the Yoast SEO plugin v20.5 - https:\/\/yoast.com\/wordpress\/plugins\/seo\/ -->\n<title>Kit 8 C\u00e1maras FULL COLOR + AUDIO 5MP 2K + INSTALACION - cctvtalca<\/title>\n<meta name=\"description\" content=\"\ud83c\udfa5 Kit 8 C\u00e1maras FULL COLOR + AUDIO 5MP 2K + 8CH\u00a0 \u2013 Vigilancia en Alta Definici\u00f3n con imagen a color 24\/7 y sonido incluido\ufffd con visi\u00f3n a color\" \/>\n<meta name=\"robots\" content=\"index, follow, max-snippet:-1, max-image-preview:large, max-video-preview:-1\" \/>\n<link rel=\"canonical\" href=\"https:\/\/cctvtalca.cl\/en\/product\/kit-8-camaras-full-color-audio-5mp-2k-vigilancia-en-alta-definicion-con-imagen-a-color-24-7\/\" \/>\n<meta property=\"og:locale\" content=\"en_US\" \/>\n<meta property=\"og:type\" content=\"article\" \/>\n<meta property=\"og:title\" content=\"Kit 8 C\u00e1maras FULL COLOR + AUDIO 5MP 2K + INSTALACION - cctvtalca\" \/>\n<meta property=\"og:description\" content=\"\ud83c\udfa5 Kit 8 C\u00e1maras FULL COLOR + AUDIO 5MP 2K + 8CH\u00a0 \u2013 Vigilancia en Alta Definici\u00f3n con imagen a color 24\/7 y sonido incluido\ufffd con visi\u00f3n a color\" \/>\n<meta property=\"og:url\" content=\"https:\/\/cctvtalca.cl\/en\/product\/kit-8-camaras-full-color-audio-5mp-2k-vigilancia-en-alta-definicion-con-imagen-a-color-24-7\/\" \/>\n<meta property=\"og:site_name\" content=\"cctvtalca\" \/>\n<meta property=\"article:modified_time\" content=\"2026-02-21T16:12:16+00:00\" \/>\n<meta property=\"og:image\" content=\"https:\/\/cctvtalca.cl\/wp-content\/uploads\/2025\/10\/kit-de-8-camaras-300x300-1.jpg\" \/>\n\t<meta property=\"og:image:width\" content=\"300\" \/>\n\t<meta property=\"og:image:height\" content=\"300\" \/>\n\t<meta property=\"og:image:type\" content=\"image\/jpeg\" \/>\n<meta name=\"twitter:card\" content=\"summary_large_image\" \/>\n<meta name=\"twitter:label1\" content=\"Est. reading time\" \/>\n\t<meta name=\"twitter:data1\" content=\"1 minute\" \/>\n<script type=\"application\/ld+json\" class=\"yoast-schema-graph\">{\"@context\":\"https:\/\/schema.org\",\"@graph\":[{\"@type\":\"WebPage\",\"@id\":\"https:\/\/cctvtalca.cl\/producto\/kit-8-camaras-full-color-audio-5mp-2k-vigilancia-en-alta-definicion-con-imagen-a-color-24-7\/\",\"url\":\"https:\/\/cctvtalca.cl\/producto\/kit-8-camaras-full-color-audio-5mp-2k-vigilancia-en-alta-definicion-con-imagen-a-color-24-7\/\",\"name\":\"Kit 8 C\u00e1maras FULL COLOR + AUDIO 5MP 2K + INSTALACION - cctvtalca\",\"isPartOf\":{\"@id\":\"https:\/\/cctvtalca.cl\/#website\"},\"datePublished\":\"2025-10-07T19:08:34+00:00\",\"dateModified\":\"2026-02-21T16:12:16+00:00\",\"description\":\"\ud83c\udfa5 Kit 8 C\u00e1maras FULL COLOR + AUDIO 5MP 2K + 8CH\u00a0 \u2013 Vigilancia en Alta Definici\u00f3n con imagen a color 24\/7 y sonido incluido\ufffd con visi\u00f3n a color\",\"breadcrumb\":{\"@id\":\"https:\/\/cctvtalca.cl\/producto\/kit-8-camaras-full-color-audio-5mp-2k-vigilancia-en-alta-definicion-con-imagen-a-color-24-7\/#breadcrumb\"},\"inLanguage\":\"en-US\",\"potentialAction\":[{\"@type\":\"ReadAction\",\"target\":[\"https:\/\/cctvtalca.cl\/producto\/kit-8-camaras-full-color-audio-5mp-2k-vigilancia-en-alta-definicion-con-imagen-a-color-24-7\/\"]}]},{\"@type\":\"BreadcrumbList\",\"@id\":\"https:\/\/cctvtalca.cl\/producto\/kit-8-camaras-full-color-audio-5mp-2k-vigilancia-en-alta-definicion-con-imagen-a-color-24-7\/#breadcrumb\",\"itemListElement\":[{\"@type\":\"ListItem\",\"position\":1,\"name\":\"Portada\",\"item\":\"https:\/\/cctvtalca.cl\/\"},{\"@type\":\"ListItem\",\"position\":2,\"name\":\"Tienda\",\"item\":\"https:\/\/cctvtalca.cl\/tienda\/\"},{\"@type\":\"ListItem\",\"position\":3,\"name\":\"Kit 8 C\u00e1maras FULL COLOR + AUDIO 5MP 2K + INSTALACION\"}]},{\"@type\":\"WebSite\",\"@id\":\"https:\/\/cctvtalca.cl\/#website\",\"url\":\"https:\/\/cctvtalca.cl\/\",\"name\":\"cctvtalca\",\"description\":\"c\u00e1maras de seguridad\",\"publisher\":{\"@id\":\"https:\/\/cctvtalca.cl\/#organization\"},\"potentialAction\":[{\"@type\":\"SearchAction\",\"target\":{\"@type\":\"EntryPoint\",\"urlTemplate\":\"https:\/\/cctvtalca.cl\/?s={search_term_string}\"},\"query-input\":\"required name=search_term_string\"}],\"inLanguage\":\"en-US\"},{\"@type\":\"Organization\",\"@id\":\"https:\/\/cctvtalca.cl\/#organization\",\"name\":\"cctvtalca\",\"url\":\"https:\/\/cctvtalca.cl\/\",\"logo\":{\"@type\":\"ImageObject\",\"inLanguage\":\"en-US\",\"@id\":\"https:\/\/cctvtalca.cl\/#\/schema\/logo\/image\/\",\"url\":\"https:\/\/cctvtalca.cl\/wp-content\/uploads\/2022\/05\/cropped-cropped-cropped-LOGO-CCTVTALCA.jpg\",\"contentUrl\":\"https:\/\/cctvtalca.cl\/wp-content\/uploads\/2022\/05\/cropped-cropped-cropped-LOGO-CCTVTALCA.jpg\",\"width\":511,\"height\":240,\"caption\":\"cctvtalca\"},\"image\":{\"@id\":\"https:\/\/cctvtalca.cl\/#\/schema\/logo\/image\/\"}}]}<\/script>\n<!-- \/ Yoast SEO plugin. -->","yoast_head_json":{"title":"Kit 8 C\u00e1maras FULL COLOR + AUDIO 5MP 2K + INSTALACION - cctvtalca","description":"\ud83c\udfa5 Kit 8 C\u00e1maras FULL COLOR + AUDIO 5MP 2K + 8CH\u00a0 \u2013 Vigilancia en Alta Definici\u00f3n con imagen a color 24\/7 y sonido incluido\ufffd con visi\u00f3n a color","robots":{"index":"index","follow":"follow","max-snippet":"max-snippet:-1","max-image-preview":"max-image-preview:large","max-video-preview":"max-video-preview:-1"},"canonical":"https:\/\/cctvtalca.cl\/en\/product\/kit-8-camaras-full-color-audio-5mp-2k-vigilancia-en-alta-definicion-con-imagen-a-color-24-7\/","og_locale":"en_US","og_type":"article","og_title":"Kit 8 C\u00e1maras FULL COLOR + AUDIO 5MP 2K + INSTALACION - cctvtalca","og_description":"\ud83c\udfa5 Kit 8 C\u00e1maras FULL COLOR + AUDIO 5MP 2K + 8CH\u00a0 \u2013 Vigilancia en Alta Definici\u00f3n con imagen a color 24\/7 y sonido incluido\ufffd con visi\u00f3n a color","og_url":"https:\/\/cctvtalca.cl\/en\/product\/kit-8-camaras-full-color-audio-5mp-2k-vigilancia-en-alta-definicion-con-imagen-a-color-24-7\/","og_site_name":"cctvtalca","article_modified_time":"2026-02-21T16:12:16+00:00","og_image":[{"width":300,"height":300,"url":"https:\/\/cctvtalca.cl\/wp-content\/uploads\/2025\/10\/kit-de-8-camaras-300x300-1.jpg","type":"image\/jpeg"}],"twitter_card":"summary_large_image","twitter_misc":{"Est. reading time":"1 minute"},"schema":{"@context":"https:\/\/schema.org","@graph":[{"@type":"WebPage","@id":"https:\/\/cctvtalca.cl\/producto\/kit-8-camaras-full-color-audio-5mp-2k-vigilancia-en-alta-definicion-con-imagen-a-color-24-7\/","url":"https:\/\/cctvtalca.cl\/producto\/kit-8-camaras-full-color-audio-5mp-2k-vigilancia-en-alta-definicion-con-imagen-a-color-24-7\/","name":"Kit 8 C\u00e1maras FULL COLOR + AUDIO 5MP 2K + INSTALACION - cctvtalca","isPartOf":{"@id":"https:\/\/cctvtalca.cl\/#website"},"datePublished":"2025-10-07T19:08:34+00:00","dateModified":"2026-02-21T16:12:16+00:00","description":"\ud83c\udfa5 Kit 8 C\u00e1maras FULL COLOR + AUDIO 5MP 2K + 8CH\u00a0 \u2013 Vigilancia en Alta Definici\u00f3n con imagen a color 24\/7 y sonido incluido\ufffd con visi\u00f3n a color","breadcrumb":{"@id":"https:\/\/cctvtalca.cl\/producto\/kit-8-camaras-full-color-audio-5mp-2k-vigilancia-en-alta-definicion-con-imagen-a-color-24-7\/#breadcrumb"},"inLanguage":"en-US","potentialAction":[{"@type":"ReadAction","target":["https:\/\/cctvtalca.cl\/producto\/kit-8-camaras-full-color-audio-5mp-2k-vigilancia-en-alta-definicion-con-imagen-a-color-24-7\/"]}]},{"@type":"BreadcrumbList","@id":"https:\/\/cctvtalca.cl\/producto\/kit-8-camaras-full-color-audio-5mp-2k-vigilancia-en-alta-definicion-con-imagen-a-color-24-7\/#breadcrumb","itemListElement":[{"@type":"ListItem","position":1,"name":"Portada","item":"https:\/\/cctvtalca.cl\/"},{"@type":"ListItem","position":2,"name":"Tienda","item":"https:\/\/cctvtalca.cl\/tienda\/"},{"@type":"ListItem","position":3,"name":"Kit 8 C\u00e1maras FULL COLOR + AUDIO 5MP 2K + INSTALACION"}]},{"@type":"WebSite","@id":"https:\/\/cctvtalca.cl\/#website","url":"https:\/\/cctvtalca.cl\/","name":"cctvtalca","description":"c\u00e1maras de seguridad","publisher":{"@id":"https:\/\/cctvtalca.cl\/#organization"},"potentialAction":[{"@type":"SearchAction","target":{"@type":"EntryPoint","urlTemplate":"https:\/\/cctvtalca.cl\/?s={search_term_string}"},"query-input":"required name=search_term_string"}],"inLanguage":"en-US"},{"@type":"Organization","@id":"https:\/\/cctvtalca.cl\/#organization","name":"cctvtalca","url":"https:\/\/cctvtalca.cl\/","logo":{"@type":"ImageObject","inLanguage":"en-US","@id":"https:\/\/cctvtalca.cl\/#\/schema\/logo\/image\/","url":"https:\/\/cctvtalca.cl\/wp-content\/uploads\/2022\/05\/cropped-cropped-cropped-LOGO-CCTVTALCA.jpg","contentUrl":"https:\/\/cctvtalca.cl\/wp-content\/uploads\/2022\/05\/cropped-cropped-cropped-LOGO-CCTVTALCA.jpg","width":511,"height":240,"caption":"cctvtalca"},"image":{"@id":"https:\/\/cctvtalca.cl\/#\/schema\/logo\/image\/"}}]}},"_links":{"self":[{"href":"https:\/\/cctvtalca.cl\/en\/wp-json\/wp\/v2\/product\/915","targetHints":{"allow":["GET"]}}],"collection":[{"href":"https:\/\/cctvtalca.cl\/en\/wp-json\/wp\/v2\/product"}],"about":[{"href":"https:\/\/cctvtalca.cl\/en\/wp-json\/wp\/v2\/types\/product"}],"replies":[{"embeddable":true,"href":"https:\/\/cctvtalca.cl\/en\/wp-json\/wp\/v2\/comments?post=915"}],"wp:featuredmedia":[{"embeddable":true,"href":"https:\/\/cctvtalca.cl\/en\/wp-json\/wp\/v2\/media\/965"}],"wp:attachment":[{"href":"https:\/\/cctvtalca.cl\/en\/wp-json\/wp\/v2\/media?parent=915"}],"wp:term":[{"taxonomy":"product_brand","embeddable":true,"href":"https:\/\/cctvtalca.cl\/en\/wp-json\/wp\/v2\/product_brand?post=915"},{"taxonomy":"product_cat","embeddable":true,"href":"https:\/\/cctvtalca.cl\/en\/wp-json\/wp\/v2\/product_cat?post=915"},{"taxonomy":"product_tag","embeddable":true,"href":"https:\/\/cctvtalca.cl\/en\/wp-json\/wp\/v2\/product_tag?post=915"}],"curies":[{"name":"wp","href":"https:\/\/api.w.org\/{rel}","templated":true}]}}