{"id":955,"date":"2026-02-10T18:05:14","date_gmt":"2026-02-10T21:05:14","guid":{"rendered":"https:\/\/cctvtalca.cl\/?post_type=product&#038;p=955"},"modified":"2026-03-16T16:09:40","modified_gmt":"2026-03-16T19:09:40","slug":"all-in-one-lenovo-thinkcentre-de-20-core-i3-8gb-ram-500-hdd","status":"publish","type":"product","link":"https:\/\/cctvtalca.cl\/en\/product\/all-in-one-lenovo-thinkcentre-de-20-core-i3-8gb-ram-500-hdd\/","title":{"rendered":"All in One Lenovo ThinkCentre de 20\u201c CORE i3, 8GB RAM, 500 HDD"},"content":{"rendered":"<h2>COMPUTADOR ALL IN ONE LENOVO THINKCENTRE CORE\u00a0 I3<\/h2>\n<p><strong>Dise\u00f1o que ahorra espacio<\/strong><\/p>\n<p>Recupera tu escritorio y reduce la cantidad de espacio necesario hasta en un 70 por ciento en comparaci\u00f3n con las PC de formato torre tradicionales con pantalla externa.<\/p>\n<p>Esta computadora de escritorio todo en uno ThinkCentre M73z de 20 &#8221; de Lenovo combina un procesador Intel Core i3 con 8GB de RAM detr\u00e1s de una pantalla retroiluminada por LED de 20&#8243; para una soluci\u00f3n compacta todo en uno. Viene con un disco duro en estado s\u00f3lido de de 1 Tera y una grabadora de DVD integrada para almacenar y reproducir archivos multimedia.<\/p>\n<p>La pantalla de 20 &#8220;presenta una resoluci\u00f3n de 1600 x 900 y est\u00e1 impulsada por Intel HD Graphics 4000 integrado. Para conversaciones cara a cara, una c\u00e1mara web HD de 720p, dos altavoces de 2 vatios y un micr\u00f3fono est\u00e1n integrados.<\/p>\n<p><strong>Lenovo Solution Center<\/strong><\/p>\n<p>Lenovo Solution Center ofrece una consola simplificada que refleja el estado total del sistema. Esta herramienta de diagn\u00f3sticos de hardware permite un acceso c\u00f3modo y r\u00e1pido a las herramientas de sistema frecuentemente utilizadas, entre las que se incluyen las copias de seguridad, la restauraci\u00f3n, el antivirus y las configuraciones del firewall, las actualizaciones de sistema o de software, las conexiones de Internet y el servicio y soporte.<\/p>\n<p><strong>Voice-Over IP (VOIP) \u2013 Optimizado \/ Conferencias Web superiores<\/strong><\/p>\n<p>Sum\u00e9rgete en teleconferencias claras con software y hardware optimizados para VoIP, incluyendo una c\u00e1mara web full HD 720p y un micr\u00f3fono digital coordinado con tecnolog\u00eda de eliminaci\u00f3n del ruido del teclado.<\/p>\n<p><strong>Dolby\u00ae Advanced Audio\u2122<\/strong><\/p>\n<p>Este conjunto de tecnolog\u00edas de sonido permite que tu ThinkCentre te brinde un audio claro y envolvente a trav\u00e9s de sus parlantes est\u00e9reo integrados. Esta tecnolog\u00eda aumenta la claridad del sonido para las aplicaciones VoIP, maximiza la salida del volumen sin distorsi\u00f3n y mejora la calidad del audio del di\u00e1logo cuando se miran videos<\/p>\n<p><strong>R\u00e1pida transferencia de datos<\/strong><\/p>\n<p><img decoding=\"async\" src=\"https:\/\/www.winpy.cl\/files\/w5694_x250.jpg\" alt=\"que elegir?, una computadoras torre o una all in one?: Para que un All In One sea efectivo, tiene que tener varias caracter\u00edsticas. Su peso debe ser lo m\u00e1s liviano posible, una pantalla t\u00e1ctil de f\u00e1cil utilizaci\u00f3n y que incluya tanto la posibilidad de teclado en pantalla como de teclado externo. Su tama\u00f1o queda limitado por el tama\u00f1o de monitor que necesites y el uso que le quieras dar\" \/><\/p>\n<p>Dos puertos USB 3.0 y cuatro puertos USB 2.0 permiten al M73z acceder a impresoras, esc\u00e1neres y unidades de almacenamiento externo. Para ampliar el espacio de trabajo en pantalla, un puerto VGA genera im\u00e1genes de 1920 x 1200 en una pantalla externa. La conectividad a Internet se logra mediante el conector Gigabit Ethernet y el m\u00f3dulo Wi-Fi 802.11b \/ g \/ n. Otra caracter\u00edstica inal\u00e1mbrica incluida es Bluetooth 4.0. Otras caracter\u00edsticas notables incluyen un lector de tarjetas 7 en 1, as\u00ed como conectores para auriculares y micr\u00f3fono.<\/p>\n<h2>caracter\u00edsticas claves<\/h2>\n<ul>\n<li>Pantalla de 20&#8243; retroiluminadad\u00a0 LED -1600 x 900 HD &#8211; 16:9<\/li>\n<li>Intel\u00ae Core\u2122 i3 Processor<\/li>\n<li>8 GB 1600 MHz m\u00e1ximo 16 GB<\/li>\n<li>Disco estado de500 GB 7200 RPM SATA<\/li>\n<li>Grabadora de DVD &#8211; SATA<\/li>\n<li>USB 3.0 &#8211; que es hasta 10 veces m\u00e1s r\u00e1pido que usb 2.0<\/li>\n<\/ul>","protected":false},"excerpt":{"rendered":"<p>All in One Lenovo ThinkCentre E73z de 20\u201c CORE i3, 8GB RAM, 500 HDD<\/p>\n<ul>\n<li>Pantalla de 20&#8243; retroiluminadad\u00a0 LED -1600 x 900 HD &#8211; 16:9<\/li>\n<li>Intel\u00ae Core\u2122 i3 Processor<\/li>\n<li>8 GB 1600 MHz \u00a0m\u00e1ximo 16 GB<\/li>\n<li>Disco estado de 500 GB 7200 RPM SATA<\/li>\n<li>Grabadora de DVD &#8211; SATA<\/li>\n<li>USB 3.0 &#8211; que es hasta 10 veces m\u00e1s r\u00e1pido que usb 2.0<\/li>\n<\/ul>\n<p><img loading=\"lazy\" decoding=\"async\" class=\"alignnone size-medium wp-image-951\" src=\"https:\/\/cctvtalca.cl\/wp-content\/uploads\/2026\/02\/EFDFGDFGDF-300x131.jpg\" alt=\"\" width=\"300\" height=\"131\" srcset=\"https:\/\/cctvtalca.cl\/wp-content\/uploads\/2026\/02\/EFDFGDFGDF-300x131.jpg 300w, https:\/\/cctvtalca.cl\/wp-content\/uploads\/2026\/02\/EFDFGDFGDF-18x8.jpg 18w, https:\/\/cctvtalca.cl\/wp-content\/uploads\/2026\/02\/EFDFGDFGDF-64x28.jpg 64w, https:\/\/cctvtalca.cl\/wp-content\/uploads\/2026\/02\/EFDFGDFGDF.jpg 455w\" sizes=\"auto, (max-width: 300px) 100vw, 300px\" \/><\/p>\n<p><img loading=\"lazy\" decoding=\"async\" class=\"alignnone size-medium wp-image-953\" src=\"https:\/\/cctvtalca.cl\/wp-content\/uploads\/2026\/02\/imagen_2026-02-10_162308097-300x103.png\" alt=\"\" width=\"300\" height=\"103\" srcset=\"https:\/\/cctvtalca.cl\/wp-content\/uploads\/2026\/02\/imagen_2026-02-10_162308097-300x103.png 300w, https:\/\/cctvtalca.cl\/wp-content\/uploads\/2026\/02\/imagen_2026-02-10_162308097-18x6.png 18w, https:\/\/cctvtalca.cl\/wp-content\/uploads\/2026\/02\/imagen_2026-02-10_162308097-64x22.png 64w, https:\/\/cctvtalca.cl\/wp-content\/uploads\/2026\/02\/imagen_2026-02-10_162308097.png 451w\" sizes=\"auto, (max-width: 300px) 100vw, 300px\" \/><\/p>","protected":false},"featured_media":959,"comment_status":"open","ping_status":"closed","template":"","meta":{"_glsr_average":0,"_glsr_ranking":0,"_glsr_reviews":0,"_joinchat":[]},"product_brand":[],"product_cat":[33],"product_tag":[],"class_list":{"0":"post-955","1":"product","2":"type-product","3":"status-publish","4":"has-post-thumbnail","6":"product_cat-cpu-escritorio","8":"first","9":"outofstock","10":"taxable","11":"shipping-taxable","12":"purchasable","13":"product-type-simple"},"yoast_head":"<!-- This site is optimized with the Yoast SEO plugin v20.5 - https:\/\/yoast.com\/wordpress\/plugins\/seo\/ -->\n<title>All in One Lenovo ThinkCentre de 20\u201c CORE i3, 8GB RAM, 500 HDD - cctvtalca<\/title>\n<meta name=\"description\" content=\"Descubre el AIO Lenovo ThinkCentre E73z, una soluci\u00f3n integral dise\u00f1ada para satisfacer las necesidades de usuarios que buscan rendimiento y funcionalidad\" \/>\n<meta name=\"robots\" content=\"index, follow, max-snippet:-1, max-image-preview:large, max-video-preview:-1\" \/>\n<link rel=\"canonical\" href=\"https:\/\/cctvtalca.cl\/en\/product\/all-in-one-lenovo-thinkcentre-de-20-core-i3-8gb-ram-500-hdd\/\" \/>\n<meta property=\"og:locale\" content=\"en_US\" \/>\n<meta property=\"og:type\" content=\"article\" \/>\n<meta property=\"og:title\" content=\"All in One Lenovo ThinkCentre de 20\u201c CORE i3, 8GB RAM, 500 HDD - cctvtalca\" \/>\n<meta property=\"og:description\" content=\"Descubre el AIO Lenovo ThinkCentre E73z, una soluci\u00f3n integral dise\u00f1ada para satisfacer las necesidades de usuarios que buscan rendimiento y funcionalidad\" \/>\n<meta property=\"og:url\" content=\"https:\/\/cctvtalca.cl\/en\/product\/all-in-one-lenovo-thinkcentre-de-20-core-i3-8gb-ram-500-hdd\/\" \/>\n<meta property=\"og:site_name\" content=\"cctvtalca\" \/>\n<meta property=\"article:modified_time\" content=\"2026-03-16T19:09:40+00:00\" \/>\n<meta property=\"og:image\" content=\"https:\/\/cctvtalca.cl\/wp-content\/uploads\/2026\/02\/imagen_2026-02-10_171550002.png\" \/>\n\t<meta property=\"og:image:width\" content=\"413\" \/>\n\t<meta property=\"og:image:height\" content=\"385\" \/>\n\t<meta property=\"og:image:type\" content=\"image\/png\" \/>\n<meta name=\"twitter:card\" content=\"summary_large_image\" \/>\n<meta name=\"twitter:label1\" content=\"Est. reading time\" \/>\n\t<meta name=\"twitter:data1\" content=\"3 minutes\" \/>\n<script type=\"application\/ld+json\" class=\"yoast-schema-graph\">{\"@context\":\"https:\/\/schema.org\",\"@graph\":[{\"@type\":\"WebPage\",\"@id\":\"https:\/\/cctvtalca.cl\/producto\/all-in-one-lenovo-thinkcentre-de-20-core-i3-8gb-ram-500-hdd\/\",\"url\":\"https:\/\/cctvtalca.cl\/producto\/all-in-one-lenovo-thinkcentre-de-20-core-i3-8gb-ram-500-hdd\/\",\"name\":\"All in One Lenovo ThinkCentre de 20\u201c CORE i3, 8GB RAM, 500 HDD - cctvtalca\",\"isPartOf\":{\"@id\":\"https:\/\/cctvtalca.cl\/#website\"},\"datePublished\":\"2026-02-10T21:05:14+00:00\",\"dateModified\":\"2026-03-16T19:09:40+00:00\",\"description\":\"Descubre el AIO Lenovo ThinkCentre E73z, una soluci\u00f3n integral dise\u00f1ada para satisfacer las necesidades de usuarios que buscan rendimiento y funcionalidad\",\"breadcrumb\":{\"@id\":\"https:\/\/cctvtalca.cl\/producto\/all-in-one-lenovo-thinkcentre-de-20-core-i3-8gb-ram-500-hdd\/#breadcrumb\"},\"inLanguage\":\"en-US\",\"potentialAction\":[{\"@type\":\"ReadAction\",\"target\":[\"https:\/\/cctvtalca.cl\/producto\/all-in-one-lenovo-thinkcentre-de-20-core-i3-8gb-ram-500-hdd\/\"]}]},{\"@type\":\"BreadcrumbList\",\"@id\":\"https:\/\/cctvtalca.cl\/producto\/all-in-one-lenovo-thinkcentre-de-20-core-i3-8gb-ram-500-hdd\/#breadcrumb\",\"itemListElement\":[{\"@type\":\"ListItem\",\"position\":1,\"name\":\"Portada\",\"item\":\"https:\/\/cctvtalca.cl\/\"},{\"@type\":\"ListItem\",\"position\":2,\"name\":\"Tienda\",\"item\":\"https:\/\/cctvtalca.cl\/tienda\/\"},{\"@type\":\"ListItem\",\"position\":3,\"name\":\"All in One Lenovo ThinkCentre de 20\u201c CORE i3, 8GB RAM, 500 HDD\"}]},{\"@type\":\"WebSite\",\"@id\":\"https:\/\/cctvtalca.cl\/#website\",\"url\":\"https:\/\/cctvtalca.cl\/\",\"name\":\"cctvtalca\",\"description\":\"c\u00e1maras de seguridad\",\"publisher\":{\"@id\":\"https:\/\/cctvtalca.cl\/#organization\"},\"potentialAction\":[{\"@type\":\"SearchAction\",\"target\":{\"@type\":\"EntryPoint\",\"urlTemplate\":\"https:\/\/cctvtalca.cl\/?s={search_term_string}\"},\"query-input\":\"required name=search_term_string\"}],\"inLanguage\":\"en-US\"},{\"@type\":\"Organization\",\"@id\":\"https:\/\/cctvtalca.cl\/#organization\",\"name\":\"cctvtalca\",\"url\":\"https:\/\/cctvtalca.cl\/\",\"logo\":{\"@type\":\"ImageObject\",\"inLanguage\":\"en-US\",\"@id\":\"https:\/\/cctvtalca.cl\/#\/schema\/logo\/image\/\",\"url\":\"https:\/\/cctvtalca.cl\/wp-content\/uploads\/2022\/05\/cropped-cropped-cropped-LOGO-CCTVTALCA.jpg\",\"contentUrl\":\"https:\/\/cctvtalca.cl\/wp-content\/uploads\/2022\/05\/cropped-cropped-cropped-LOGO-CCTVTALCA.jpg\",\"width\":511,\"height\":240,\"caption\":\"cctvtalca\"},\"image\":{\"@id\":\"https:\/\/cctvtalca.cl\/#\/schema\/logo\/image\/\"}}]}<\/script>\n<!-- \/ Yoast SEO plugin. -->","yoast_head_json":{"title":"All in One Lenovo ThinkCentre de 20\u201c CORE i3, 8GB RAM, 500 HDD - cctvtalca","description":"Descubre el AIO Lenovo ThinkCentre E73z, una soluci\u00f3n integral dise\u00f1ada para satisfacer las necesidades de usuarios que buscan rendimiento y funcionalidad","robots":{"index":"index","follow":"follow","max-snippet":"max-snippet:-1","max-image-preview":"max-image-preview:large","max-video-preview":"max-video-preview:-1"},"canonical":"https:\/\/cctvtalca.cl\/en\/product\/all-in-one-lenovo-thinkcentre-de-20-core-i3-8gb-ram-500-hdd\/","og_locale":"en_US","og_type":"article","og_title":"All in One Lenovo ThinkCentre de 20\u201c CORE i3, 8GB RAM, 500 HDD - cctvtalca","og_description":"Descubre el AIO Lenovo ThinkCentre E73z, una soluci\u00f3n integral dise\u00f1ada para satisfacer las necesidades de usuarios que buscan rendimiento y funcionalidad","og_url":"https:\/\/cctvtalca.cl\/en\/product\/all-in-one-lenovo-thinkcentre-de-20-core-i3-8gb-ram-500-hdd\/","og_site_name":"cctvtalca","article_modified_time":"2026-03-16T19:09:40+00:00","og_image":[{"width":413,"height":385,"url":"https:\/\/cctvtalca.cl\/wp-content\/uploads\/2026\/02\/imagen_2026-02-10_171550002.png","type":"image\/png"}],"twitter_card":"summary_large_image","twitter_misc":{"Est. reading time":"3 minutes"},"schema":{"@context":"https:\/\/schema.org","@graph":[{"@type":"WebPage","@id":"https:\/\/cctvtalca.cl\/producto\/all-in-one-lenovo-thinkcentre-de-20-core-i3-8gb-ram-500-hdd\/","url":"https:\/\/cctvtalca.cl\/producto\/all-in-one-lenovo-thinkcentre-de-20-core-i3-8gb-ram-500-hdd\/","name":"All in One Lenovo ThinkCentre de 20\u201c CORE i3, 8GB RAM, 500 HDD - cctvtalca","isPartOf":{"@id":"https:\/\/cctvtalca.cl\/#website"},"datePublished":"2026-02-10T21:05:14+00:00","dateModified":"2026-03-16T19:09:40+00:00","description":"Descubre el AIO Lenovo ThinkCentre E73z, una soluci\u00f3n integral dise\u00f1ada para satisfacer las necesidades de usuarios que buscan rendimiento y funcionalidad","breadcrumb":{"@id":"https:\/\/cctvtalca.cl\/producto\/all-in-one-lenovo-thinkcentre-de-20-core-i3-8gb-ram-500-hdd\/#breadcrumb"},"inLanguage":"en-US","potentialAction":[{"@type":"ReadAction","target":["https:\/\/cctvtalca.cl\/producto\/all-in-one-lenovo-thinkcentre-de-20-core-i3-8gb-ram-500-hdd\/"]}]},{"@type":"BreadcrumbList","@id":"https:\/\/cctvtalca.cl\/producto\/all-in-one-lenovo-thinkcentre-de-20-core-i3-8gb-ram-500-hdd\/#breadcrumb","itemListElement":[{"@type":"ListItem","position":1,"name":"Portada","item":"https:\/\/cctvtalca.cl\/"},{"@type":"ListItem","position":2,"name":"Tienda","item":"https:\/\/cctvtalca.cl\/tienda\/"},{"@type":"ListItem","position":3,"name":"All in One Lenovo ThinkCentre de 20\u201c CORE i3, 8GB RAM, 500 HDD"}]},{"@type":"WebSite","@id":"https:\/\/cctvtalca.cl\/#website","url":"https:\/\/cctvtalca.cl\/","name":"cctvtalca","description":"c\u00e1maras de seguridad","publisher":{"@id":"https:\/\/cctvtalca.cl\/#organization"},"potentialAction":[{"@type":"SearchAction","target":{"@type":"EntryPoint","urlTemplate":"https:\/\/cctvtalca.cl\/?s={search_term_string}"},"query-input":"required name=search_term_string"}],"inLanguage":"en-US"},{"@type":"Organization","@id":"https:\/\/cctvtalca.cl\/#organization","name":"cctvtalca","url":"https:\/\/cctvtalca.cl\/","logo":{"@type":"ImageObject","inLanguage":"en-US","@id":"https:\/\/cctvtalca.cl\/#\/schema\/logo\/image\/","url":"https:\/\/cctvtalca.cl\/wp-content\/uploads\/2022\/05\/cropped-cropped-cropped-LOGO-CCTVTALCA.jpg","contentUrl":"https:\/\/cctvtalca.cl\/wp-content\/uploads\/2022\/05\/cropped-cropped-cropped-LOGO-CCTVTALCA.jpg","width":511,"height":240,"caption":"cctvtalca"},"image":{"@id":"https:\/\/cctvtalca.cl\/#\/schema\/logo\/image\/"}}]}},"_links":{"self":[{"href":"https:\/\/cctvtalca.cl\/en\/wp-json\/wp\/v2\/product\/955","targetHints":{"allow":["GET"]}}],"collection":[{"href":"https:\/\/cctvtalca.cl\/en\/wp-json\/wp\/v2\/product"}],"about":[{"href":"https:\/\/cctvtalca.cl\/en\/wp-json\/wp\/v2\/types\/product"}],"replies":[{"embeddable":true,"href":"https:\/\/cctvtalca.cl\/en\/wp-json\/wp\/v2\/comments?post=955"}],"wp:featuredmedia":[{"embeddable":true,"href":"https:\/\/cctvtalca.cl\/en\/wp-json\/wp\/v2\/media\/959"}],"wp:attachment":[{"href":"https:\/\/cctvtalca.cl\/en\/wp-json\/wp\/v2\/media?parent=955"}],"wp:term":[{"taxonomy":"product_brand","embeddable":true,"href":"https:\/\/cctvtalca.cl\/en\/wp-json\/wp\/v2\/product_brand?post=955"},{"taxonomy":"product_cat","embeddable":true,"href":"https:\/\/cctvtalca.cl\/en\/wp-json\/wp\/v2\/product_cat?post=955"},{"taxonomy":"product_tag","embeddable":true,"href":"https:\/\/cctvtalca.cl\/en\/wp-json\/wp\/v2\/product_tag?post=955"}],"curies":[{"name":"wp","href":"https:\/\/api.w.org\/{rel}","templated":true}]}}